




{"id":12,"date":"2014-02-24T20:42:12","date_gmt":"2014-02-24T18:42:12","guid":{"rendered":"http:\/\/teppokuittinen.com\/accounts\/simeri\/?page_id=12"},"modified":"2014-02-24T20:42:12","modified_gmt":"2014-02-24T18:42:12","slug":"maintenance-aerial-work-platforms","status":"publish","type":"page","link":"https:\/\/simeri.fi\/en\/services\/maintenance-aerial-work-platforms\/","title":{"rendered":"Maintenance of Aerial work platforms"},"content":{"rendered":"<h3>Maintenance of Aerial work platforms<\/h3>\n<p>In maintenance, we are primarily focused on the Aerial work platforms and telehandlers of all manufacturers.<\/p>\n<p>We use the latest software and equipment for the programming of machines from the majority of lift manufacturers. Our qualified mechanics make sure that maintenance work is performed properly and everything works as intended. We assure\u00a0that your machines are in reliable and capable hands with us.<\/p>\n<p>Our personnel have completed various equipment training courses organized by factories, such as:<\/p>\n<ul>\n<li>Genie Industries<\/li>\n<li>JLG<\/li>\n<li>Up-right<\/li>\n<li>Snorkel<\/li>\n<li>Hinowa<\/li>\n<li>Haulotte<\/li>\n<li>Weber (soil compactors)<\/li>\n<li>B\u00f6cker<\/li>\n<li>Webasto<\/li>\n<\/ul>\n<p>Regular training of our mechanics ensures that our personnel always have the required skills to cope with the challenges brought by new equipment that are introduced to the market.<\/p>\n<p>Our mechanics have all the skills required by manufacturers, ensuring the high quality of work.<\/p>\n","protected":false},"excerpt":{"rendered":"<p>Maintenance of Aerial work platforms In maintenance, we are primarily focused on the Aerial work platforms and telehandlers of all manufacturers. We use the latest software and equipment for the programming of machines from the majority of lift manufacturers. Our qualified mechanics make sure that maintenance work is performed properly and everything works as intended. [&hellip;]<\/p>\n","protected":false},"author":1,"featured_media":3645,"parent":42,"menu_order":1,"comment_status":"closed","ping_status":"closed","template":"huolto.php","meta":{"_acf_changed":false,"footnotes":""},"class_list":["post-12","page","type-page","status-publish","has-post-thumbnail","hentry"],"acf":[],"yoast_head":"<!-- This site is optimized with the Yoast SEO plugin v27.5 - https:\/\/yoast.com\/product\/yoast-seo-wordpress\/ -->\n<title>Henkil\u00f6nostin huolto - Simeri<\/title>\n<meta name=\"description\" content=\"Tuotamme p\u00e4\u00e4s\u00e4\u00e4nt\u00f6isesti henkil\u00f6nostin huolto -palveluja, my\u00f6s kurottajiin. Henkil\u00f6st\u00f6mme on koulutettu my\u00f6s huoltamaan laitteita kaivinkoneista maantiivist\u00e4jiin.\" \/>\n<meta name=\"robots\" content=\"index, follow, max-snippet:-1, max-image-preview:large, max-video-preview:-1\" \/>\n<link rel=\"canonical\" href=\"https:\/\/simeri.fi\/en\/services\/maintenance-aerial-work-platforms\/\" \/>\n<meta property=\"og:locale\" content=\"en_US\" \/>\n<meta property=\"og:type\" content=\"article\" \/>\n<meta property=\"og:title\" content=\"Henkil\u00f6nostin huolto - Simeri\" \/>\n<meta property=\"og:description\" content=\"Tuotamme p\u00e4\u00e4s\u00e4\u00e4nt\u00f6isesti henkil\u00f6nostin huolto -palveluja, my\u00f6s kurottajiin. Henkil\u00f6st\u00f6mme on koulutettu my\u00f6s huoltamaan laitteita kaivinkoneista maantiivist\u00e4jiin.\" \/>\n<meta property=\"og:url\" content=\"https:\/\/simeri.fi\/en\/services\/maintenance-aerial-work-platforms\/\" \/>\n<meta property=\"og:site_name\" content=\"Simeri in English\" \/>\n<meta property=\"og:image\" content=\"https:\/\/simeri.fi\/en\/wp-content\/uploads\/sites\/2\/2020\/02\/huolto-cropped-4.jpg\" \/>\n\t<meta property=\"og:image:width\" content=\"1440\" \/>\n\t<meta property=\"og:image:height\" content=\"594\" \/>\n\t<meta property=\"og:image:type\" content=\"image\/jpeg\" \/>\n<meta name=\"twitter:card\" content=\"summary_large_image\" \/>\n<meta name=\"twitter:label1\" content=\"Est. reading time\" \/>\n\t<meta name=\"twitter:data1\" content=\"1 minute\" \/>\n<script type=\"application\/ld+json\" class=\"yoast-schema-graph\">{\"@context\":\"https:\\\/\\\/schema.org\",\"@graph\":[{\"@type\":\"WebPage\",\"@id\":\"https:\\\/\\\/simeri.fi\\\/en\\\/services\\\/maintenance-aerial-work-platforms\\\/\",\"url\":\"https:\\\/\\\/simeri.fi\\\/en\\\/services\\\/maintenance-aerial-work-platforms\\\/\",\"name\":\"Henkil\u00f6nostin huolto - Simeri\",\"isPartOf\":{\"@id\":\"https:\\\/\\\/simeri.fi\\\/en\\\/#website\"},\"primaryImageOfPage\":{\"@id\":\"https:\\\/\\\/simeri.fi\\\/en\\\/services\\\/maintenance-aerial-work-platforms\\\/#primaryimage\"},\"image\":{\"@id\":\"https:\\\/\\\/simeri.fi\\\/en\\\/services\\\/maintenance-aerial-work-platforms\\\/#primaryimage\"},\"thumbnailUrl\":\"https:\\\/\\\/simeri.fi\\\/en\\\/wp-content\\\/uploads\\\/sites\\\/2\\\/2020\\\/02\\\/huolto-cropped-4.jpg\",\"datePublished\":\"2014-02-24T18:42:12+00:00\",\"description\":\"Tuotamme p\u00e4\u00e4s\u00e4\u00e4nt\u00f6isesti henkil\u00f6nostin huolto -palveluja, my\u00f6s kurottajiin. Henkil\u00f6st\u00f6mme on koulutettu my\u00f6s huoltamaan laitteita kaivinkoneista maantiivist\u00e4jiin.\",\"breadcrumb\":{\"@id\":\"https:\\\/\\\/simeri.fi\\\/en\\\/services\\\/maintenance-aerial-work-platforms\\\/#breadcrumb\"},\"inLanguage\":\"en\",\"potentialAction\":[{\"@type\":\"ReadAction\",\"target\":[\"https:\\\/\\\/simeri.fi\\\/en\\\/services\\\/maintenance-aerial-work-platforms\\\/\"]}]},{\"@type\":\"ImageObject\",\"inLanguage\":\"en\",\"@id\":\"https:\\\/\\\/simeri.fi\\\/en\\\/services\\\/maintenance-aerial-work-platforms\\\/#primaryimage\",\"url\":\"https:\\\/\\\/simeri.fi\\\/en\\\/wp-content\\\/uploads\\\/sites\\\/2\\\/2020\\\/02\\\/huolto-cropped-4.jpg\",\"contentUrl\":\"https:\\\/\\\/simeri.fi\\\/en\\\/wp-content\\\/uploads\\\/sites\\\/2\\\/2020\\\/02\\\/huolto-cropped-4.jpg\",\"width\":1440,\"height\":594},{\"@type\":\"BreadcrumbList\",\"@id\":\"https:\\\/\\\/simeri.fi\\\/en\\\/services\\\/maintenance-aerial-work-platforms\\\/#breadcrumb\",\"itemListElement\":[{\"@type\":\"ListItem\",\"position\":1,\"name\":\"Home\",\"item\":\"https:\\\/\\\/simeri.fi\\\/en\\\/\"},{\"@type\":\"ListItem\",\"position\":2,\"name\":\"Services\",\"item\":\"https:\\\/\\\/simeri.fi\\\/en\\\/services\\\/\"},{\"@type\":\"ListItem\",\"position\":3,\"name\":\"Maintenance of Aerial work platforms\"}]},{\"@type\":\"WebSite\",\"@id\":\"https:\\\/\\\/simeri.fi\\\/en\\\/#website\",\"url\":\"https:\\\/\\\/simeri.fi\\\/en\\\/\",\"name\":\"Simeri in English\",\"description\":\"\",\"publisher\":{\"@id\":\"https:\\\/\\\/simeri.fi\\\/en\\\/#organization\"},\"potentialAction\":[{\"@type\":\"SearchAction\",\"target\":{\"@type\":\"EntryPoint\",\"urlTemplate\":\"https:\\\/\\\/simeri.fi\\\/en\\\/?s={search_term_string}\"},\"query-input\":{\"@type\":\"PropertyValueSpecification\",\"valueRequired\":true,\"valueName\":\"search_term_string\"}}],\"inLanguage\":\"en\"},{\"@type\":\"Organization\",\"@id\":\"https:\\\/\\\/simeri.fi\\\/en\\\/#organization\",\"name\":\"Simeri in English\",\"url\":\"https:\\\/\\\/simeri.fi\\\/en\\\/\",\"logo\":{\"@type\":\"ImageObject\",\"inLanguage\":\"en\",\"@id\":\"https:\\\/\\\/simeri.fi\\\/en\\\/#\\\/schema\\\/logo\\\/image\\\/\",\"url\":\"https:\\\/\\\/simeri.fi\\\/en\\\/wp-content\\\/uploads\\\/sites\\\/2\\\/2020\\\/03\\\/SIMERIiso.jpg\",\"contentUrl\":\"https:\\\/\\\/simeri.fi\\\/en\\\/wp-content\\\/uploads\\\/sites\\\/2\\\/2020\\\/03\\\/SIMERIiso.jpg\",\"width\":1134,\"height\":796,\"caption\":\"Simeri in English\"},\"image\":{\"@id\":\"https:\\\/\\\/simeri.fi\\\/en\\\/#\\\/schema\\\/logo\\\/image\\\/\"}}]}<\/script>\n<!-- \/ Yoast SEO plugin. -->","yoast_head_json":{"title":"Henkil\u00f6nostin huolto - Simeri","description":"Tuotamme p\u00e4\u00e4s\u00e4\u00e4nt\u00f6isesti henkil\u00f6nostin huolto -palveluja, my\u00f6s kurottajiin. Henkil\u00f6st\u00f6mme on koulutettu my\u00f6s huoltamaan laitteita kaivinkoneista maantiivist\u00e4jiin.","robots":{"index":"index","follow":"follow","max-snippet":"max-snippet:-1","max-image-preview":"max-image-preview:large","max-video-preview":"max-video-preview:-1"},"canonical":"https:\/\/simeri.fi\/en\/services\/maintenance-aerial-work-platforms\/","og_locale":"en_US","og_type":"article","og_title":"Henkil\u00f6nostin huolto - Simeri","og_description":"Tuotamme p\u00e4\u00e4s\u00e4\u00e4nt\u00f6isesti henkil\u00f6nostin huolto -palveluja, my\u00f6s kurottajiin. Henkil\u00f6st\u00f6mme on koulutettu my\u00f6s huoltamaan laitteita kaivinkoneista maantiivist\u00e4jiin.","og_url":"https:\/\/simeri.fi\/en\/services\/maintenance-aerial-work-platforms\/","og_site_name":"Simeri in English","og_image":[{"width":1440,"height":594,"url":"https:\/\/simeri.fi\/en\/wp-content\/uploads\/sites\/2\/2020\/02\/huolto-cropped-4.jpg","type":"image\/jpeg"}],"twitter_card":"summary_large_image","twitter_misc":{"Est. reading time":"1 minute"},"schema":{"@context":"https:\/\/schema.org","@graph":[{"@type":"WebPage","@id":"https:\/\/simeri.fi\/en\/services\/maintenance-aerial-work-platforms\/","url":"https:\/\/simeri.fi\/en\/services\/maintenance-aerial-work-platforms\/","name":"Henkil\u00f6nostin huolto - Simeri","isPartOf":{"@id":"https:\/\/simeri.fi\/en\/#website"},"primaryImageOfPage":{"@id":"https:\/\/simeri.fi\/en\/services\/maintenance-aerial-work-platforms\/#primaryimage"},"image":{"@id":"https:\/\/simeri.fi\/en\/services\/maintenance-aerial-work-platforms\/#primaryimage"},"thumbnailUrl":"https:\/\/simeri.fi\/en\/wp-content\/uploads\/sites\/2\/2020\/02\/huolto-cropped-4.jpg","datePublished":"2014-02-24T18:42:12+00:00","description":"Tuotamme p\u00e4\u00e4s\u00e4\u00e4nt\u00f6isesti henkil\u00f6nostin huolto -palveluja, my\u00f6s kurottajiin. Henkil\u00f6st\u00f6mme on koulutettu my\u00f6s huoltamaan laitteita kaivinkoneista maantiivist\u00e4jiin.","breadcrumb":{"@id":"https:\/\/simeri.fi\/en\/services\/maintenance-aerial-work-platforms\/#breadcrumb"},"inLanguage":"en","potentialAction":[{"@type":"ReadAction","target":["https:\/\/simeri.fi\/en\/services\/maintenance-aerial-work-platforms\/"]}]},{"@type":"ImageObject","inLanguage":"en","@id":"https:\/\/simeri.fi\/en\/services\/maintenance-aerial-work-platforms\/#primaryimage","url":"https:\/\/simeri.fi\/en\/wp-content\/uploads\/sites\/2\/2020\/02\/huolto-cropped-4.jpg","contentUrl":"https:\/\/simeri.fi\/en\/wp-content\/uploads\/sites\/2\/2020\/02\/huolto-cropped-4.jpg","width":1440,"height":594},{"@type":"BreadcrumbList","@id":"https:\/\/simeri.fi\/en\/services\/maintenance-aerial-work-platforms\/#breadcrumb","itemListElement":[{"@type":"ListItem","position":1,"name":"Home","item":"https:\/\/simeri.fi\/en\/"},{"@type":"ListItem","position":2,"name":"Services","item":"https:\/\/simeri.fi\/en\/services\/"},{"@type":"ListItem","position":3,"name":"Maintenance of Aerial work platforms"}]},{"@type":"WebSite","@id":"https:\/\/simeri.fi\/en\/#website","url":"https:\/\/simeri.fi\/en\/","name":"Simeri in English","description":"","publisher":{"@id":"https:\/\/simeri.fi\/en\/#organization"},"potentialAction":[{"@type":"SearchAction","target":{"@type":"EntryPoint","urlTemplate":"https:\/\/simeri.fi\/en\/?s={search_term_string}"},"query-input":{"@type":"PropertyValueSpecification","valueRequired":true,"valueName":"search_term_string"}}],"inLanguage":"en"},{"@type":"Organization","@id":"https:\/\/simeri.fi\/en\/#organization","name":"Simeri in English","url":"https:\/\/simeri.fi\/en\/","logo":{"@type":"ImageObject","inLanguage":"en","@id":"https:\/\/simeri.fi\/en\/#\/schema\/logo\/image\/","url":"https:\/\/simeri.fi\/en\/wp-content\/uploads\/sites\/2\/2020\/03\/SIMERIiso.jpg","contentUrl":"https:\/\/simeri.fi\/en\/wp-content\/uploads\/sites\/2\/2020\/03\/SIMERIiso.jpg","width":1134,"height":796,"caption":"Simeri in English"},"image":{"@id":"https:\/\/simeri.fi\/en\/#\/schema\/logo\/image\/"}}]}},"_links":{"self":[{"href":"https:\/\/simeri.fi\/en\/wp-json\/wp\/v2\/pages\/12","targetHints":{"allow":["GET"]}}],"collection":[{"href":"https:\/\/simeri.fi\/en\/wp-json\/wp\/v2\/pages"}],"about":[{"href":"https:\/\/simeri.fi\/en\/wp-json\/wp\/v2\/types\/page"}],"author":[{"embeddable":true,"href":"https:\/\/simeri.fi\/en\/wp-json\/wp\/v2\/users\/1"}],"replies":[{"embeddable":true,"href":"https:\/\/simeri.fi\/en\/wp-json\/wp\/v2\/comments?post=12"}],"version-history":[{"count":0,"href":"https:\/\/simeri.fi\/en\/wp-json\/wp\/v2\/pages\/12\/revisions"}],"up":[{"embeddable":true,"href":"https:\/\/simeri.fi\/en\/wp-json\/wp\/v2\/pages\/42"}],"wp:featuredmedia":[{"embeddable":true,"href":"https:\/\/simeri.fi\/en\/wp-json\/wp\/v2\/media\/3645"}],"wp:attachment":[{"href":"https:\/\/simeri.fi\/en\/wp-json\/wp\/v2\/media?parent=12"}],"curies":[{"name":"wp","href":"https:\/\/api.w.org\/{rel}","templated":true}]}}