




{"id":2617,"date":"2016-10-20T13:54:28","date_gmt":"2016-10-20T10:54:28","guid":{"rendered":"https:\/\/simeri.fi\/en\/?page_id=2617"},"modified":"2016-10-20T13:54:28","modified_gmt":"2016-10-20T10:54:28","slug":"ausa-telehandlers","status":"publish","type":"page","link":"https:\/\/simeri.fi\/en\/ausa-telehandlers\/","title":{"rendered":"AUSA Telehandlers"},"content":{"rendered":"<h2>AUSA Telehandlers<\/h2>\n<p><img decoding=\"async\" class=\"alignnone size-full wp-image-1343\" src=\"https:\/\/simeri.fi\/developers\/wp-content\/uploads\/sites\/14\/2015\/10\/ausa-logo.png\" alt=\"ausa-logo\" \/><\/p>\n<p>AUSA tarjoaa laajan valikoiman kompakteja kurottajia, joissa kuorman nostokapasiteetit ovat 1300 &#8211; 3000 kg v\u00e4lill\u00e4.<br \/>\nKahdeksasta eri kurottajamallista l\u00f6ytyy eritt\u00e4in kompakti ja edistyksellinen kurottaja jokaiseen ty\u00f6h\u00f6n. Tehokkailla moottoreilla sek\u00e4 kompaktilla koolla on mahdollista p\u00e4\u00e4st\u00e4 eritt\u00e4in hankaliin kohteisiin.<\/p>\n<p>Kurottajien ulkomitat sek\u00e4 kevyt paino mahdollistavat ty\u00f6skentelyn my\u00f6s painorajoitetuissa kohteissa. Kurottajien nostokapasiteetin ollessa jopa 3 tonnia soveltuvat ne hyvin my\u00f6s rakennusalalle, maatalouteen ja teollisuuden k\u00e4ytt\u00f6\u00f6n. Laajasta lis\u00e4varustevalikoimasta l\u00f6ytyy oikea k\u00e4sittelylaite mm. kuormalavojen, paalien, paperin, viljan, lannan jne. k\u00e4sittelyyn. Nelipy\u00f6r\u00e4ohjauksen ja pienen kokonsa ansiosta AUSA on luokkansa paras kurottaja mihin tahansa ty\u00f6h\u00f6n teollisuudessa sek\u00e4 maataloudessa.<\/p>\n<p><a href=\"http:\/\/www.ausa.com\/\">http:\/\/www.ausa.com\/<\/a><\/p>\n<div class=\"flex-video\">\n<p>https:\/\/youtu.be\/7UpIOI6f3oc<\/p>\n<\/div>\n<hr \/>\n<div class=\"row\">\n<div class=\"large-6 columns\">\n<h3>Paras suorituskyky<\/h3>\n<p>Neliveto sek\u00e4 jatkuva tasauspy\u00f6r\u00e4st\u00f6n lukitus yhdistettyn\u00e4 korkeaan maavaraan takaavat loistavat ajo-ominaisuudet maastossa.<\/p>\n<\/div>\n<div class=\"large-6 columns\">\n<h3>Vakaa ja ulottuva<\/h3>\n<p>Vastapaino sek\u00e4 teleskooppipuomi nostaa vakauden ja ulottuvuuden huippuunsa 3 tonnin kokoluokassa.<\/p>\n<\/div>\n<\/div>\n<div class=\"row\">\n<div class=\"large-6 columns\">\n<h3>Ergonomia ja k\u00e4sitelt\u00e4vyys<\/h3>\n<p>Moottorin p\u00e4\u00e4lt\u00e4 k\u00e4\u00e4nnett\u00e4v\u00e4 ohjaamo helpottaa p\u00e4\u00e4sy\u00e4 konetilaan. Laaja ja tilava 360 asteen n\u00e4kyvyyden antava ohjaamo takaa parhaan ergonomian ty\u00f6skentelyyn.<br \/>\n3 erilaista py\u00f6rienk\u00e4\u00e4nn\u00f6n mahdollisuutta antavat pienimm\u00e4n k\u00e4\u00e4nt\u00f6s\u00e4teen 3 tonnin kokoluokassa.<\/p>\n<\/div>\n<div class=\"large-6 columns\">\n<h3>K\u00e4ytett\u00e4vyys ja tehokkuus<\/h3>\n<p>Kompakti, kevyt ja ketter\u00e4 kurottaja takaa tehokkaan k\u00e4yt\u00f6n tiukoissakin paikoissa. Bosch\u2013Rexroth -hydrostaattinen vaihteisto antaa kurottajalle pehme\u00e4n ja yksinkertaisen k\u00e4yt\u00f6n. V\u00e4h\u00e4p\u00e4\u00e4st\u00f6inen ja hiljainen Kubota -moottori taloudellisella polttoaineen kulutuksella.<\/p>\n<\/div>\n<\/div>\n<p>&nbsp;<\/p>\n","protected":false},"excerpt":{"rendered":"<p>AUSA Telehandlers AUSA tarjoaa laajan valikoiman kompakteja kurottajia, joissa kuorman nostokapasiteetit ovat 1300 &#8211; 3000 kg v\u00e4lill\u00e4. Kahdeksasta eri kurottajamallista l\u00f6ytyy eritt\u00e4in kompakti ja edistyksellinen kurottaja jokaiseen ty\u00f6h\u00f6n. Tehokkailla moottoreilla sek\u00e4 kompaktilla koolla on mahdollista p\u00e4\u00e4st\u00e4 eritt\u00e4in hankaliin kohteisiin. Kurottajien ulkomitat sek\u00e4 kevyt paino mahdollistavat ty\u00f6skentelyn my\u00f6s painorajoitetuissa kohteissa. Kurottajien nostokapasiteetin ollessa jopa 3 tonnia [&hellip;]<\/p>\n","protected":false},"author":1,"featured_media":2620,"parent":0,"menu_order":0,"comment_status":"closed","ping_status":"closed","template":"ausa-all-en.php","meta":{"_acf_changed":false,"footnotes":""},"class_list":["post-2617","page","type-page","status-publish","has-post-thumbnail","hentry"],"acf":[],"yoast_head":"<!-- This site is optimized with the Yoast SEO plugin v27.4 - https:\/\/yoast.com\/product\/yoast-seo-wordpress\/ -->\n<title>AUSA Telehandlers - Simeri in English<\/title>\n<meta name=\"robots\" content=\"index, follow, max-snippet:-1, max-image-preview:large, max-video-preview:-1\" \/>\n<link rel=\"canonical\" href=\"https:\/\/simeri.fi\/en\/ausa-telehandlers\/\" \/>\n<meta property=\"og:locale\" content=\"en_US\" \/>\n<meta property=\"og:type\" content=\"article\" \/>\n<meta property=\"og:title\" content=\"AUSA Telehandlers - Simeri in English\" \/>\n<meta property=\"og:description\" content=\"AUSA Telehandlers AUSA tarjoaa laajan valikoiman kompakteja kurottajia, joissa kuorman nostokapasiteetit ovat 1300 &#8211; 3000 kg v\u00e4lill\u00e4. Kahdeksasta eri kurottajamallista l\u00f6ytyy eritt\u00e4in kompakti ja edistyksellinen kurottaja jokaiseen ty\u00f6h\u00f6n. Tehokkailla moottoreilla sek\u00e4 kompaktilla koolla on mahdollista p\u00e4\u00e4st\u00e4 eritt\u00e4in hankaliin kohteisiin. Kurottajien ulkomitat sek\u00e4 kevyt paino mahdollistavat ty\u00f6skentelyn my\u00f6s painorajoitetuissa kohteissa. Kurottajien nostokapasiteetin ollessa jopa 3 tonnia [&hellip;]\" \/>\n<meta property=\"og:url\" content=\"https:\/\/simeri.fi\/en\/ausa-telehandlers\/\" \/>\n<meta property=\"og:site_name\" content=\"Simeri in English\" \/>\n<meta property=\"og:image\" content=\"https:\/\/simeri.fi\/en\/wp-content\/uploads\/sites\/2\/2016\/10\/ausa-main-1.jpg\" \/>\n\t<meta property=\"og:image:width\" content=\"1024\" \/>\n\t<meta property=\"og:image:height\" content=\"683\" \/>\n\t<meta property=\"og:image:type\" content=\"image\/jpeg\" \/>\n<meta name=\"twitter:card\" content=\"summary_large_image\" \/>\n<meta name=\"twitter:label1\" content=\"Est. reading time\" \/>\n\t<meta name=\"twitter:data1\" content=\"1 minute\" \/>\n<script type=\"application\/ld+json\" class=\"yoast-schema-graph\">{\"@context\":\"https:\\\/\\\/schema.org\",\"@graph\":[{\"@type\":\"WebPage\",\"@id\":\"https:\\\/\\\/simeri.fi\\\/en\\\/ausa-telehandlers\\\/\",\"url\":\"https:\\\/\\\/simeri.fi\\\/en\\\/ausa-telehandlers\\\/\",\"name\":\"AUSA Telehandlers - Simeri in English\",\"isPartOf\":{\"@id\":\"https:\\\/\\\/simeri.fi\\\/en\\\/#website\"},\"primaryImageOfPage\":{\"@id\":\"https:\\\/\\\/simeri.fi\\\/en\\\/ausa-telehandlers\\\/#primaryimage\"},\"image\":{\"@id\":\"https:\\\/\\\/simeri.fi\\\/en\\\/ausa-telehandlers\\\/#primaryimage\"},\"thumbnailUrl\":\"https:\\\/\\\/simeri.fi\\\/en\\\/wp-content\\\/uploads\\\/sites\\\/2\\\/2016\\\/10\\\/ausa-main-1.jpg\",\"datePublished\":\"2016-10-20T10:54:28+00:00\",\"breadcrumb\":{\"@id\":\"https:\\\/\\\/simeri.fi\\\/en\\\/ausa-telehandlers\\\/#breadcrumb\"},\"inLanguage\":\"en\",\"potentialAction\":[{\"@type\":\"ReadAction\",\"target\":[\"https:\\\/\\\/simeri.fi\\\/en\\\/ausa-telehandlers\\\/\"]}]},{\"@type\":\"ImageObject\",\"inLanguage\":\"en\",\"@id\":\"https:\\\/\\\/simeri.fi\\\/en\\\/ausa-telehandlers\\\/#primaryimage\",\"url\":\"https:\\\/\\\/simeri.fi\\\/en\\\/wp-content\\\/uploads\\\/sites\\\/2\\\/2016\\\/10\\\/ausa-main-1.jpg\",\"contentUrl\":\"https:\\\/\\\/simeri.fi\\\/en\\\/wp-content\\\/uploads\\\/sites\\\/2\\\/2016\\\/10\\\/ausa-main-1.jpg\",\"width\":1024,\"height\":683},{\"@type\":\"BreadcrumbList\",\"@id\":\"https:\\\/\\\/simeri.fi\\\/en\\\/ausa-telehandlers\\\/#breadcrumb\",\"itemListElement\":[{\"@type\":\"ListItem\",\"position\":1,\"name\":\"Home\",\"item\":\"https:\\\/\\\/simeri.fi\\\/en\\\/\"},{\"@type\":\"ListItem\",\"position\":2,\"name\":\"AUSA Telehandlers\"}]},{\"@type\":\"WebSite\",\"@id\":\"https:\\\/\\\/simeri.fi\\\/en\\\/#website\",\"url\":\"https:\\\/\\\/simeri.fi\\\/en\\\/\",\"name\":\"Simeri in English\",\"description\":\"\",\"publisher\":{\"@id\":\"https:\\\/\\\/simeri.fi\\\/en\\\/#organization\"},\"potentialAction\":[{\"@type\":\"SearchAction\",\"target\":{\"@type\":\"EntryPoint\",\"urlTemplate\":\"https:\\\/\\\/simeri.fi\\\/en\\\/?s={search_term_string}\"},\"query-input\":{\"@type\":\"PropertyValueSpecification\",\"valueRequired\":true,\"valueName\":\"search_term_string\"}}],\"inLanguage\":\"en\"},{\"@type\":\"Organization\",\"@id\":\"https:\\\/\\\/simeri.fi\\\/en\\\/#organization\",\"name\":\"Simeri in English\",\"url\":\"https:\\\/\\\/simeri.fi\\\/en\\\/\",\"logo\":{\"@type\":\"ImageObject\",\"inLanguage\":\"en\",\"@id\":\"https:\\\/\\\/simeri.fi\\\/en\\\/#\\\/schema\\\/logo\\\/image\\\/\",\"url\":\"https:\\\/\\\/simeri.fi\\\/en\\\/wp-content\\\/uploads\\\/sites\\\/2\\\/2020\\\/03\\\/SIMERIiso.jpg\",\"contentUrl\":\"https:\\\/\\\/simeri.fi\\\/en\\\/wp-content\\\/uploads\\\/sites\\\/2\\\/2020\\\/03\\\/SIMERIiso.jpg\",\"width\":1134,\"height\":796,\"caption\":\"Simeri in English\"},\"image\":{\"@id\":\"https:\\\/\\\/simeri.fi\\\/en\\\/#\\\/schema\\\/logo\\\/image\\\/\"}}]}<\/script>\n<!-- \/ Yoast SEO plugin. -->","yoast_head_json":{"title":"AUSA Telehandlers - Simeri in English","robots":{"index":"index","follow":"follow","max-snippet":"max-snippet:-1","max-image-preview":"max-image-preview:large","max-video-preview":"max-video-preview:-1"},"canonical":"https:\/\/simeri.fi\/en\/ausa-telehandlers\/","og_locale":"en_US","og_type":"article","og_title":"AUSA Telehandlers - Simeri in English","og_description":"AUSA Telehandlers AUSA tarjoaa laajan valikoiman kompakteja kurottajia, joissa kuorman nostokapasiteetit ovat 1300 &#8211; 3000 kg v\u00e4lill\u00e4. Kahdeksasta eri kurottajamallista l\u00f6ytyy eritt\u00e4in kompakti ja edistyksellinen kurottaja jokaiseen ty\u00f6h\u00f6n. Tehokkailla moottoreilla sek\u00e4 kompaktilla koolla on mahdollista p\u00e4\u00e4st\u00e4 eritt\u00e4in hankaliin kohteisiin. Kurottajien ulkomitat sek\u00e4 kevyt paino mahdollistavat ty\u00f6skentelyn my\u00f6s painorajoitetuissa kohteissa. Kurottajien nostokapasiteetin ollessa jopa 3 tonnia [&hellip;]","og_url":"https:\/\/simeri.fi\/en\/ausa-telehandlers\/","og_site_name":"Simeri in English","og_image":[{"width":1024,"height":683,"url":"https:\/\/simeri.fi\/en\/wp-content\/uploads\/sites\/2\/2016\/10\/ausa-main-1.jpg","type":"image\/jpeg"}],"twitter_card":"summary_large_image","twitter_misc":{"Est. reading time":"1 minute"},"schema":{"@context":"https:\/\/schema.org","@graph":[{"@type":"WebPage","@id":"https:\/\/simeri.fi\/en\/ausa-telehandlers\/","url":"https:\/\/simeri.fi\/en\/ausa-telehandlers\/","name":"AUSA Telehandlers - Simeri in English","isPartOf":{"@id":"https:\/\/simeri.fi\/en\/#website"},"primaryImageOfPage":{"@id":"https:\/\/simeri.fi\/en\/ausa-telehandlers\/#primaryimage"},"image":{"@id":"https:\/\/simeri.fi\/en\/ausa-telehandlers\/#primaryimage"},"thumbnailUrl":"https:\/\/simeri.fi\/en\/wp-content\/uploads\/sites\/2\/2016\/10\/ausa-main-1.jpg","datePublished":"2016-10-20T10:54:28+00:00","breadcrumb":{"@id":"https:\/\/simeri.fi\/en\/ausa-telehandlers\/#breadcrumb"},"inLanguage":"en","potentialAction":[{"@type":"ReadAction","target":["https:\/\/simeri.fi\/en\/ausa-telehandlers\/"]}]},{"@type":"ImageObject","inLanguage":"en","@id":"https:\/\/simeri.fi\/en\/ausa-telehandlers\/#primaryimage","url":"https:\/\/simeri.fi\/en\/wp-content\/uploads\/sites\/2\/2016\/10\/ausa-main-1.jpg","contentUrl":"https:\/\/simeri.fi\/en\/wp-content\/uploads\/sites\/2\/2016\/10\/ausa-main-1.jpg","width":1024,"height":683},{"@type":"BreadcrumbList","@id":"https:\/\/simeri.fi\/en\/ausa-telehandlers\/#breadcrumb","itemListElement":[{"@type":"ListItem","position":1,"name":"Home","item":"https:\/\/simeri.fi\/en\/"},{"@type":"ListItem","position":2,"name":"AUSA Telehandlers"}]},{"@type":"WebSite","@id":"https:\/\/simeri.fi\/en\/#website","url":"https:\/\/simeri.fi\/en\/","name":"Simeri in English","description":"","publisher":{"@id":"https:\/\/simeri.fi\/en\/#organization"},"potentialAction":[{"@type":"SearchAction","target":{"@type":"EntryPoint","urlTemplate":"https:\/\/simeri.fi\/en\/?s={search_term_string}"},"query-input":{"@type":"PropertyValueSpecification","valueRequired":true,"valueName":"search_term_string"}}],"inLanguage":"en"},{"@type":"Organization","@id":"https:\/\/simeri.fi\/en\/#organization","name":"Simeri in English","url":"https:\/\/simeri.fi\/en\/","logo":{"@type":"ImageObject","inLanguage":"en","@id":"https:\/\/simeri.fi\/en\/#\/schema\/logo\/image\/","url":"https:\/\/simeri.fi\/en\/wp-content\/uploads\/sites\/2\/2020\/03\/SIMERIiso.jpg","contentUrl":"https:\/\/simeri.fi\/en\/wp-content\/uploads\/sites\/2\/2020\/03\/SIMERIiso.jpg","width":1134,"height":796,"caption":"Simeri in English"},"image":{"@id":"https:\/\/simeri.fi\/en\/#\/schema\/logo\/image\/"}}]}},"_links":{"self":[{"href":"https:\/\/simeri.fi\/en\/wp-json\/wp\/v2\/pages\/2617","targetHints":{"allow":["GET"]}}],"collection":[{"href":"https:\/\/simeri.fi\/en\/wp-json\/wp\/v2\/pages"}],"about":[{"href":"https:\/\/simeri.fi\/en\/wp-json\/wp\/v2\/types\/page"}],"author":[{"embeddable":true,"href":"https:\/\/simeri.fi\/en\/wp-json\/wp\/v2\/users\/1"}],"replies":[{"embeddable":true,"href":"https:\/\/simeri.fi\/en\/wp-json\/wp\/v2\/comments?post=2617"}],"version-history":[{"count":0,"href":"https:\/\/simeri.fi\/en\/wp-json\/wp\/v2\/pages\/2617\/revisions"}],"wp:featuredmedia":[{"embeddable":true,"href":"https:\/\/simeri.fi\/en\/wp-json\/wp\/v2\/media\/2620"}],"wp:attachment":[{"href":"https:\/\/simeri.fi\/en\/wp-json\/wp\/v2\/media?parent=2617"}],"curies":[{"name":"wp","href":"https:\/\/api.w.org\/{rel}","templated":true}]}}