




{"id":290,"date":"2014-03-09T10:56:52","date_gmt":"2014-03-09T08:56:52","guid":{"rendered":"http:\/\/teppokuittinen.com\/accounts\/simeri\/?page_id=290"},"modified":"2020-03-03T11:34:06","modified_gmt":"2020-03-03T09:34:06","slug":"field-maintenance-of-personal-lifts","status":"publish","type":"page","link":"https:\/\/simeri.fi\/en\/services\/field-maintenance-of-personal-lifts\/","title":{"rendered":"Field maintenance of Aerial work platforms"},"content":{"rendered":"<h3>Field maintenance of Aerial work platforms<\/h3>\n<p>Lift\u00a0malfunctions usually occur at their location of use at construction sites. Our service car\u00a0arrives quickly to repair damage to our clients&#8217; machinery in Western, Southern and Middle Finland as well as in Estonia. The service also covers other parts of Finland and the Baltic countries as required.<\/p>\n<p>To ensure that malfunctions are repaired as quickly as possible, we have equipped our service vehicles with the most common spare parts and tools as well as the equipment required for repairing hydraulic hoses.<\/p>\n<p>If your equipment requires a larger-scale repair, we can arrange the transport of your equipment to our workshop and back to the site of your choice. If required, we can arrange\u00a0you with a rental lift for the duration of the repair work.<\/p>\n<p><strong>24\/7 SERVICE<\/strong><\/p>\n<p>In cases of technical malfunctions outside normal operating hours, our 24\/7 service ensures the reliability of your equipment. Technical malfunctions can usually be solved on the spot at any time.<\/p>\n<p>Our service number is: +358 40 350 5816<\/p>\n","protected":false},"excerpt":{"rendered":"<p>Field maintenance of Aerial work platforms Lift\u00a0malfunctions usually occur at their location of use at construction sites. Our service car\u00a0arrives quickly to repair damage to our clients&#8217; machinery in Western, Southern and Middle Finland as well as in Estonia. The service also covers other parts of Finland and the Baltic countries as required. To ensure [&hellip;]<\/p>\n","protected":false},"author":1,"featured_media":3884,"parent":42,"menu_order":2,"comment_status":"closed","ping_status":"closed","template":"huolto.php","meta":{"_acf_changed":false,"footnotes":""},"class_list":["post-290","page","type-page","status-publish","has-post-thumbnail","hentry"],"acf":[],"yoast_head":"<!-- This site is optimized with the Yoast SEO plugin v27.4 - https:\/\/yoast.com\/product\/yoast-seo-wordpress\/ -->\n<title>Field maintenance of Aerial work platforms - Simeri in English<\/title>\n<meta name=\"description\" content=\"Henkil\u00f6nostin kentt\u00e4huolto: Henkil\u00f6nostimet vikaantuvat useimmiten niiden k\u00e4ytt\u00f6kohteissa, liikkuva huoltokalustomme palvelee asiakkaita ty\u00f6maalla.\" \/>\n<meta name=\"robots\" content=\"index, follow, max-snippet:-1, max-image-preview:large, max-video-preview:-1\" \/>\n<link rel=\"canonical\" href=\"https:\/\/simeri.fi\/en\/services\/field-maintenance-of-personal-lifts\/\" \/>\n<meta property=\"og:locale\" content=\"en_US\" \/>\n<meta property=\"og:type\" content=\"article\" \/>\n<meta property=\"og:title\" content=\"Field maintenance of Aerial work platforms - Simeri in English\" \/>\n<meta property=\"og:description\" content=\"Henkil\u00f6nostin kentt\u00e4huolto: Henkil\u00f6nostimet vikaantuvat useimmiten niiden k\u00e4ytt\u00f6kohteissa, liikkuva huoltokalustomme palvelee asiakkaita ty\u00f6maalla.\" \/>\n<meta property=\"og:url\" content=\"https:\/\/simeri.fi\/en\/services\/field-maintenance-of-personal-lifts\/\" \/>\n<meta property=\"og:site_name\" content=\"Simeri in English\" \/>\n<meta property=\"article:modified_time\" content=\"2020-03-03T09:34:06+00:00\" \/>\n<meta property=\"og:image\" content=\"https:\/\/simeri.fi\/en\/wp-content\/uploads\/sites\/2\/2020\/03\/kenttahuolto-optim-2.jpg\" \/>\n\t<meta property=\"og:image:width\" content=\"1440\" \/>\n\t<meta property=\"og:image:height\" content=\"472\" \/>\n\t<meta property=\"og:image:type\" content=\"image\/jpeg\" \/>\n<meta name=\"twitter:card\" content=\"summary_large_image\" \/>\n<meta name=\"twitter:label1\" content=\"Est. reading time\" \/>\n\t<meta name=\"twitter:data1\" content=\"1 minute\" \/>\n<script type=\"application\/ld+json\" class=\"yoast-schema-graph\">{\"@context\":\"https:\\\/\\\/schema.org\",\"@graph\":[{\"@type\":\"WebPage\",\"@id\":\"https:\\\/\\\/simeri.fi\\\/en\\\/services\\\/field-maintenance-of-personal-lifts\\\/\",\"url\":\"https:\\\/\\\/simeri.fi\\\/en\\\/services\\\/field-maintenance-of-personal-lifts\\\/\",\"name\":\"Field maintenance of Aerial work platforms - Simeri in English\",\"isPartOf\":{\"@id\":\"https:\\\/\\\/simeri.fi\\\/en\\\/#website\"},\"primaryImageOfPage\":{\"@id\":\"https:\\\/\\\/simeri.fi\\\/en\\\/services\\\/field-maintenance-of-personal-lifts\\\/#primaryimage\"},\"image\":{\"@id\":\"https:\\\/\\\/simeri.fi\\\/en\\\/services\\\/field-maintenance-of-personal-lifts\\\/#primaryimage\"},\"thumbnailUrl\":\"https:\\\/\\\/simeri.fi\\\/en\\\/wp-content\\\/uploads\\\/sites\\\/2\\\/2020\\\/03\\\/kenttahuolto-optim-2.jpg\",\"datePublished\":\"2014-03-09T08:56:52+00:00\",\"dateModified\":\"2020-03-03T09:34:06+00:00\",\"description\":\"Henkil\u00f6nostin kentt\u00e4huolto: Henkil\u00f6nostimet vikaantuvat useimmiten niiden k\u00e4ytt\u00f6kohteissa, liikkuva huoltokalustomme palvelee asiakkaita ty\u00f6maalla.\",\"breadcrumb\":{\"@id\":\"https:\\\/\\\/simeri.fi\\\/en\\\/services\\\/field-maintenance-of-personal-lifts\\\/#breadcrumb\"},\"inLanguage\":\"en\",\"potentialAction\":[{\"@type\":\"ReadAction\",\"target\":[\"https:\\\/\\\/simeri.fi\\\/en\\\/services\\\/field-maintenance-of-personal-lifts\\\/\"]}]},{\"@type\":\"ImageObject\",\"inLanguage\":\"en\",\"@id\":\"https:\\\/\\\/simeri.fi\\\/en\\\/services\\\/field-maintenance-of-personal-lifts\\\/#primaryimage\",\"url\":\"https:\\\/\\\/simeri.fi\\\/en\\\/wp-content\\\/uploads\\\/sites\\\/2\\\/2020\\\/03\\\/kenttahuolto-optim-2.jpg\",\"contentUrl\":\"https:\\\/\\\/simeri.fi\\\/en\\\/wp-content\\\/uploads\\\/sites\\\/2\\\/2020\\\/03\\\/kenttahuolto-optim-2.jpg\",\"width\":1440,\"height\":472},{\"@type\":\"BreadcrumbList\",\"@id\":\"https:\\\/\\\/simeri.fi\\\/en\\\/services\\\/field-maintenance-of-personal-lifts\\\/#breadcrumb\",\"itemListElement\":[{\"@type\":\"ListItem\",\"position\":1,\"name\":\"Home\",\"item\":\"https:\\\/\\\/simeri.fi\\\/en\\\/\"},{\"@type\":\"ListItem\",\"position\":2,\"name\":\"Services\",\"item\":\"https:\\\/\\\/simeri.fi\\\/en\\\/services\\\/\"},{\"@type\":\"ListItem\",\"position\":3,\"name\":\"Field maintenance of Aerial work platforms\"}]},{\"@type\":\"WebSite\",\"@id\":\"https:\\\/\\\/simeri.fi\\\/en\\\/#website\",\"url\":\"https:\\\/\\\/simeri.fi\\\/en\\\/\",\"name\":\"Simeri in English\",\"description\":\"\",\"publisher\":{\"@id\":\"https:\\\/\\\/simeri.fi\\\/en\\\/#organization\"},\"potentialAction\":[{\"@type\":\"SearchAction\",\"target\":{\"@type\":\"EntryPoint\",\"urlTemplate\":\"https:\\\/\\\/simeri.fi\\\/en\\\/?s={search_term_string}\"},\"query-input\":{\"@type\":\"PropertyValueSpecification\",\"valueRequired\":true,\"valueName\":\"search_term_string\"}}],\"inLanguage\":\"en\"},{\"@type\":\"Organization\",\"@id\":\"https:\\\/\\\/simeri.fi\\\/en\\\/#organization\",\"name\":\"Simeri in English\",\"url\":\"https:\\\/\\\/simeri.fi\\\/en\\\/\",\"logo\":{\"@type\":\"ImageObject\",\"inLanguage\":\"en\",\"@id\":\"https:\\\/\\\/simeri.fi\\\/en\\\/#\\\/schema\\\/logo\\\/image\\\/\",\"url\":\"https:\\\/\\\/simeri.fi\\\/en\\\/wp-content\\\/uploads\\\/sites\\\/2\\\/2020\\\/03\\\/SIMERIiso.jpg\",\"contentUrl\":\"https:\\\/\\\/simeri.fi\\\/en\\\/wp-content\\\/uploads\\\/sites\\\/2\\\/2020\\\/03\\\/SIMERIiso.jpg\",\"width\":1134,\"height\":796,\"caption\":\"Simeri in English\"},\"image\":{\"@id\":\"https:\\\/\\\/simeri.fi\\\/en\\\/#\\\/schema\\\/logo\\\/image\\\/\"}}]}<\/script>\n<!-- \/ Yoast SEO plugin. -->","yoast_head_json":{"title":"Field maintenance of Aerial work platforms - Simeri in English","description":"Henkil\u00f6nostin kentt\u00e4huolto: Henkil\u00f6nostimet vikaantuvat useimmiten niiden k\u00e4ytt\u00f6kohteissa, liikkuva huoltokalustomme palvelee asiakkaita ty\u00f6maalla.","robots":{"index":"index","follow":"follow","max-snippet":"max-snippet:-1","max-image-preview":"max-image-preview:large","max-video-preview":"max-video-preview:-1"},"canonical":"https:\/\/simeri.fi\/en\/services\/field-maintenance-of-personal-lifts\/","og_locale":"en_US","og_type":"article","og_title":"Field maintenance of Aerial work platforms - Simeri in English","og_description":"Henkil\u00f6nostin kentt\u00e4huolto: Henkil\u00f6nostimet vikaantuvat useimmiten niiden k\u00e4ytt\u00f6kohteissa, liikkuva huoltokalustomme palvelee asiakkaita ty\u00f6maalla.","og_url":"https:\/\/simeri.fi\/en\/services\/field-maintenance-of-personal-lifts\/","og_site_name":"Simeri in English","article_modified_time":"2020-03-03T09:34:06+00:00","og_image":[{"width":1440,"height":472,"url":"https:\/\/simeri.fi\/en\/wp-content\/uploads\/sites\/2\/2020\/03\/kenttahuolto-optim-2.jpg","type":"image\/jpeg"}],"twitter_card":"summary_large_image","twitter_misc":{"Est. reading time":"1 minute"},"schema":{"@context":"https:\/\/schema.org","@graph":[{"@type":"WebPage","@id":"https:\/\/simeri.fi\/en\/services\/field-maintenance-of-personal-lifts\/","url":"https:\/\/simeri.fi\/en\/services\/field-maintenance-of-personal-lifts\/","name":"Field maintenance of Aerial work platforms - Simeri in English","isPartOf":{"@id":"https:\/\/simeri.fi\/en\/#website"},"primaryImageOfPage":{"@id":"https:\/\/simeri.fi\/en\/services\/field-maintenance-of-personal-lifts\/#primaryimage"},"image":{"@id":"https:\/\/simeri.fi\/en\/services\/field-maintenance-of-personal-lifts\/#primaryimage"},"thumbnailUrl":"https:\/\/simeri.fi\/en\/wp-content\/uploads\/sites\/2\/2020\/03\/kenttahuolto-optim-2.jpg","datePublished":"2014-03-09T08:56:52+00:00","dateModified":"2020-03-03T09:34:06+00:00","description":"Henkil\u00f6nostin kentt\u00e4huolto: Henkil\u00f6nostimet vikaantuvat useimmiten niiden k\u00e4ytt\u00f6kohteissa, liikkuva huoltokalustomme palvelee asiakkaita ty\u00f6maalla.","breadcrumb":{"@id":"https:\/\/simeri.fi\/en\/services\/field-maintenance-of-personal-lifts\/#breadcrumb"},"inLanguage":"en","potentialAction":[{"@type":"ReadAction","target":["https:\/\/simeri.fi\/en\/services\/field-maintenance-of-personal-lifts\/"]}]},{"@type":"ImageObject","inLanguage":"en","@id":"https:\/\/simeri.fi\/en\/services\/field-maintenance-of-personal-lifts\/#primaryimage","url":"https:\/\/simeri.fi\/en\/wp-content\/uploads\/sites\/2\/2020\/03\/kenttahuolto-optim-2.jpg","contentUrl":"https:\/\/simeri.fi\/en\/wp-content\/uploads\/sites\/2\/2020\/03\/kenttahuolto-optim-2.jpg","width":1440,"height":472},{"@type":"BreadcrumbList","@id":"https:\/\/simeri.fi\/en\/services\/field-maintenance-of-personal-lifts\/#breadcrumb","itemListElement":[{"@type":"ListItem","position":1,"name":"Home","item":"https:\/\/simeri.fi\/en\/"},{"@type":"ListItem","position":2,"name":"Services","item":"https:\/\/simeri.fi\/en\/services\/"},{"@type":"ListItem","position":3,"name":"Field maintenance of Aerial work platforms"}]},{"@type":"WebSite","@id":"https:\/\/simeri.fi\/en\/#website","url":"https:\/\/simeri.fi\/en\/","name":"Simeri in English","description":"","publisher":{"@id":"https:\/\/simeri.fi\/en\/#organization"},"potentialAction":[{"@type":"SearchAction","target":{"@type":"EntryPoint","urlTemplate":"https:\/\/simeri.fi\/en\/?s={search_term_string}"},"query-input":{"@type":"PropertyValueSpecification","valueRequired":true,"valueName":"search_term_string"}}],"inLanguage":"en"},{"@type":"Organization","@id":"https:\/\/simeri.fi\/en\/#organization","name":"Simeri in English","url":"https:\/\/simeri.fi\/en\/","logo":{"@type":"ImageObject","inLanguage":"en","@id":"https:\/\/simeri.fi\/en\/#\/schema\/logo\/image\/","url":"https:\/\/simeri.fi\/en\/wp-content\/uploads\/sites\/2\/2020\/03\/SIMERIiso.jpg","contentUrl":"https:\/\/simeri.fi\/en\/wp-content\/uploads\/sites\/2\/2020\/03\/SIMERIiso.jpg","width":1134,"height":796,"caption":"Simeri in English"},"image":{"@id":"https:\/\/simeri.fi\/en\/#\/schema\/logo\/image\/"}}]}},"_links":{"self":[{"href":"https:\/\/simeri.fi\/en\/wp-json\/wp\/v2\/pages\/290","targetHints":{"allow":["GET"]}}],"collection":[{"href":"https:\/\/simeri.fi\/en\/wp-json\/wp\/v2\/pages"}],"about":[{"href":"https:\/\/simeri.fi\/en\/wp-json\/wp\/v2\/types\/page"}],"author":[{"embeddable":true,"href":"https:\/\/simeri.fi\/en\/wp-json\/wp\/v2\/users\/1"}],"replies":[{"embeddable":true,"href":"https:\/\/simeri.fi\/en\/wp-json\/wp\/v2\/comments?post=290"}],"version-history":[{"count":1,"href":"https:\/\/simeri.fi\/en\/wp-json\/wp\/v2\/pages\/290\/revisions"}],"predecessor-version":[{"id":3885,"href":"https:\/\/simeri.fi\/en\/wp-json\/wp\/v2\/pages\/290\/revisions\/3885"}],"up":[{"embeddable":true,"href":"https:\/\/simeri.fi\/en\/wp-json\/wp\/v2\/pages\/42"}],"wp:featuredmedia":[{"embeddable":true,"href":"https:\/\/simeri.fi\/en\/wp-json\/wp\/v2\/media\/3884"}],"wp:attachment":[{"href":"https:\/\/simeri.fi\/en\/wp-json\/wp\/v2\/media?parent=290"}],"curies":[{"name":"wp","href":"https:\/\/api.w.org\/{rel}","templated":true}]}}