




{"id":825,"date":"2015-04-30T11:51:11","date_gmt":"2015-04-30T08:51:11","guid":{"rendered":"http:\/\/demo.eccola.fi\/simerifi\/?page_id=825"},"modified":"2015-04-30T11:51:11","modified_gmt":"2015-04-30T08:51:11","slug":"inspections-of-suspended-platforms","status":"publish","type":"page","link":"https:\/\/simeri.fi\/en\/services\/inspections-of-suspended-platforms\/","title":{"rendered":"Inspections of suspended platforms"},"content":{"rendered":"<h3>Inspections of suspended platforms<\/h3>\n<p>We have more than 20 years&#8217; experience of performing inspections on suspended platforms.<\/p>\n<p>Whether your system is a fixed BMU (Building Maintenance Unit) or a moveable suspended platform system, Simeri Oy provides you with reliable deployment inspections and scheduled maintenance according to your schedule.<\/p>\n<p>All our suspended platform inspectors have a minimum of 10 years of experience in the installation, assembly and inspection of suspended platform systems.<\/p>\n<hr \/>\n<p>Government Decree on the Safe Use and Inspection of Work Equipment<\/p>\n<p>According to a new decree (Government Decree on the Safe Use and Inspection of Work Equipment 403\/2008) that entered into force in January 2009, the employer must choose safe work equipment for its use that is suitable for the work and the working conditions. The employer must make sure that the work equipment in use remains safe throughout its operating life by regular service and maintenance. The operating condition of the work equipment must be continuously monitored by carrying out inspections, tests, measurements and other appropriate methods. Based on risk assessment, the employer determines the required measures. If the use of the work equipment causes any hazard or risk to the employee, the employer must immediately take any necessary measures to eliminate the hazard or risk.<\/p>\n<p>20 years&#8217; experience of the inspection and maintenance of suspended platforms.<br \/>\nSimeri Oy&#8217;s skilled and trained experts ensure the safety and reliability of your work equipment.<\/p>\n","protected":false},"excerpt":{"rendered":"<p>Inspections of suspended platforms We have more than 20 years&#8217; experience of performing inspections on suspended platforms. Whether your system is a fixed BMU (Building Maintenance Unit) or a moveable suspended platform system, Simeri Oy provides you with reliable deployment inspections and scheduled maintenance according to your schedule. All our suspended platform inspectors have a [&hellip;]<\/p>\n","protected":false},"author":1,"featured_media":826,"parent":42,"menu_order":0,"comment_status":"closed","ping_status":"closed","template":"huolto-1.php","meta":{"_acf_changed":false,"footnotes":""},"class_list":["post-825","page","type-page","status-publish","has-post-thumbnail","hentry"],"acf":[],"yoast_head":"<!-- This site is optimized with the Yoast SEO plugin v27.3 - https:\/\/yoast.com\/product\/yoast-seo-wordpress\/ -->\n<title>Inspections of suspended platforms - Simeri in English<\/title>\n<meta name=\"description\" content=\"Riipputeline tarkastukset: Simeri Oy:lt\u00e4 saat luotettavat riipputelineiden k\u00e4ytt\u00f6\u00f6notto- sek\u00e4 m\u00e4\u00e4r\u00e4aikaistarkastukset.\" \/>\n<meta name=\"robots\" content=\"index, follow, max-snippet:-1, max-image-preview:large, max-video-preview:-1\" \/>\n<link rel=\"canonical\" href=\"https:\/\/simeri.fi\/en\/services\/inspections-of-suspended-platforms\/\" \/>\n<meta property=\"og:locale\" content=\"en_US\" \/>\n<meta property=\"og:type\" content=\"article\" \/>\n<meta property=\"og:title\" content=\"Inspections of suspended platforms - Simeri in English\" \/>\n<meta property=\"og:description\" content=\"Riipputeline tarkastukset: Simeri Oy:lt\u00e4 saat luotettavat riipputelineiden k\u00e4ytt\u00f6\u00f6notto- sek\u00e4 m\u00e4\u00e4r\u00e4aikaistarkastukset.\" \/>\n<meta property=\"og:url\" content=\"https:\/\/simeri.fi\/en\/services\/inspections-of-suspended-platforms\/\" \/>\n<meta property=\"og:site_name\" content=\"Simeri in English\" \/>\n<meta property=\"og:image\" content=\"https:\/\/simeri.fi\/en\/wp-content\/uploads\/sites\/2\/2015\/04\/riipputeline-1.png\" \/>\n\t<meta property=\"og:image:width\" content=\"766\" \/>\n\t<meta property=\"og:image:height\" content=\"557\" \/>\n\t<meta property=\"og:image:type\" content=\"image\/png\" \/>\n<meta name=\"twitter:card\" content=\"summary_large_image\" \/>\n<meta name=\"twitter:label1\" content=\"Est. reading time\" \/>\n\t<meta name=\"twitter:data1\" content=\"1 minute\" \/>\n<script type=\"application\/ld+json\" class=\"yoast-schema-graph\">{\"@context\":\"https:\\\/\\\/schema.org\",\"@graph\":[{\"@type\":\"WebPage\",\"@id\":\"https:\\\/\\\/simeri.fi\\\/en\\\/services\\\/inspections-of-suspended-platforms\\\/\",\"url\":\"https:\\\/\\\/simeri.fi\\\/en\\\/services\\\/inspections-of-suspended-platforms\\\/\",\"name\":\"Inspections of suspended platforms - Simeri in English\",\"isPartOf\":{\"@id\":\"https:\\\/\\\/simeri.fi\\\/en\\\/#website\"},\"primaryImageOfPage\":{\"@id\":\"https:\\\/\\\/simeri.fi\\\/en\\\/services\\\/inspections-of-suspended-platforms\\\/#primaryimage\"},\"image\":{\"@id\":\"https:\\\/\\\/simeri.fi\\\/en\\\/services\\\/inspections-of-suspended-platforms\\\/#primaryimage\"},\"thumbnailUrl\":\"https:\\\/\\\/simeri.fi\\\/en\\\/wp-content\\\/uploads\\\/sites\\\/2\\\/2015\\\/04\\\/riipputeline-1.png\",\"datePublished\":\"2015-04-30T08:51:11+00:00\",\"description\":\"Riipputeline tarkastukset: Simeri Oy:lt\u00e4 saat luotettavat riipputelineiden k\u00e4ytt\u00f6\u00f6notto- sek\u00e4 m\u00e4\u00e4r\u00e4aikaistarkastukset.\",\"breadcrumb\":{\"@id\":\"https:\\\/\\\/simeri.fi\\\/en\\\/services\\\/inspections-of-suspended-platforms\\\/#breadcrumb\"},\"inLanguage\":\"en\",\"potentialAction\":[{\"@type\":\"ReadAction\",\"target\":[\"https:\\\/\\\/simeri.fi\\\/en\\\/services\\\/inspections-of-suspended-platforms\\\/\"]}]},{\"@type\":\"ImageObject\",\"inLanguage\":\"en\",\"@id\":\"https:\\\/\\\/simeri.fi\\\/en\\\/services\\\/inspections-of-suspended-platforms\\\/#primaryimage\",\"url\":\"https:\\\/\\\/simeri.fi\\\/en\\\/wp-content\\\/uploads\\\/sites\\\/2\\\/2015\\\/04\\\/riipputeline-1.png\",\"contentUrl\":\"https:\\\/\\\/simeri.fi\\\/en\\\/wp-content\\\/uploads\\\/sites\\\/2\\\/2015\\\/04\\\/riipputeline-1.png\",\"width\":766,\"height\":557},{\"@type\":\"BreadcrumbList\",\"@id\":\"https:\\\/\\\/simeri.fi\\\/en\\\/services\\\/inspections-of-suspended-platforms\\\/#breadcrumb\",\"itemListElement\":[{\"@type\":\"ListItem\",\"position\":1,\"name\":\"Home\",\"item\":\"https:\\\/\\\/simeri.fi\\\/en\\\/\"},{\"@type\":\"ListItem\",\"position\":2,\"name\":\"Services\",\"item\":\"https:\\\/\\\/simeri.fi\\\/en\\\/services\\\/\"},{\"@type\":\"ListItem\",\"position\":3,\"name\":\"Inspections of suspended platforms\"}]},{\"@type\":\"WebSite\",\"@id\":\"https:\\\/\\\/simeri.fi\\\/en\\\/#website\",\"url\":\"https:\\\/\\\/simeri.fi\\\/en\\\/\",\"name\":\"Simeri in English\",\"description\":\"\",\"publisher\":{\"@id\":\"https:\\\/\\\/simeri.fi\\\/en\\\/#organization\"},\"potentialAction\":[{\"@type\":\"SearchAction\",\"target\":{\"@type\":\"EntryPoint\",\"urlTemplate\":\"https:\\\/\\\/simeri.fi\\\/en\\\/?s={search_term_string}\"},\"query-input\":{\"@type\":\"PropertyValueSpecification\",\"valueRequired\":true,\"valueName\":\"search_term_string\"}}],\"inLanguage\":\"en\"},{\"@type\":\"Organization\",\"@id\":\"https:\\\/\\\/simeri.fi\\\/en\\\/#organization\",\"name\":\"Simeri in English\",\"url\":\"https:\\\/\\\/simeri.fi\\\/en\\\/\",\"logo\":{\"@type\":\"ImageObject\",\"inLanguage\":\"en\",\"@id\":\"https:\\\/\\\/simeri.fi\\\/en\\\/#\\\/schema\\\/logo\\\/image\\\/\",\"url\":\"https:\\\/\\\/simeri.fi\\\/en\\\/wp-content\\\/uploads\\\/sites\\\/2\\\/2020\\\/03\\\/SIMERIiso.jpg\",\"contentUrl\":\"https:\\\/\\\/simeri.fi\\\/en\\\/wp-content\\\/uploads\\\/sites\\\/2\\\/2020\\\/03\\\/SIMERIiso.jpg\",\"width\":1134,\"height\":796,\"caption\":\"Simeri in English\"},\"image\":{\"@id\":\"https:\\\/\\\/simeri.fi\\\/en\\\/#\\\/schema\\\/logo\\\/image\\\/\"}}]}<\/script>\n<!-- \/ Yoast SEO plugin. -->","yoast_head_json":{"title":"Inspections of suspended platforms - Simeri in English","description":"Riipputeline tarkastukset: Simeri Oy:lt\u00e4 saat luotettavat riipputelineiden k\u00e4ytt\u00f6\u00f6notto- sek\u00e4 m\u00e4\u00e4r\u00e4aikaistarkastukset.","robots":{"index":"index","follow":"follow","max-snippet":"max-snippet:-1","max-image-preview":"max-image-preview:large","max-video-preview":"max-video-preview:-1"},"canonical":"https:\/\/simeri.fi\/en\/services\/inspections-of-suspended-platforms\/","og_locale":"en_US","og_type":"article","og_title":"Inspections of suspended platforms - Simeri in English","og_description":"Riipputeline tarkastukset: Simeri Oy:lt\u00e4 saat luotettavat riipputelineiden k\u00e4ytt\u00f6\u00f6notto- sek\u00e4 m\u00e4\u00e4r\u00e4aikaistarkastukset.","og_url":"https:\/\/simeri.fi\/en\/services\/inspections-of-suspended-platforms\/","og_site_name":"Simeri in English","og_image":[{"width":766,"height":557,"url":"https:\/\/simeri.fi\/en\/wp-content\/uploads\/sites\/2\/2015\/04\/riipputeline-1.png","type":"image\/png"}],"twitter_card":"summary_large_image","twitter_misc":{"Est. reading time":"1 minute"},"schema":{"@context":"https:\/\/schema.org","@graph":[{"@type":"WebPage","@id":"https:\/\/simeri.fi\/en\/services\/inspections-of-suspended-platforms\/","url":"https:\/\/simeri.fi\/en\/services\/inspections-of-suspended-platforms\/","name":"Inspections of suspended platforms - Simeri in English","isPartOf":{"@id":"https:\/\/simeri.fi\/en\/#website"},"primaryImageOfPage":{"@id":"https:\/\/simeri.fi\/en\/services\/inspections-of-suspended-platforms\/#primaryimage"},"image":{"@id":"https:\/\/simeri.fi\/en\/services\/inspections-of-suspended-platforms\/#primaryimage"},"thumbnailUrl":"https:\/\/simeri.fi\/en\/wp-content\/uploads\/sites\/2\/2015\/04\/riipputeline-1.png","datePublished":"2015-04-30T08:51:11+00:00","description":"Riipputeline tarkastukset: Simeri Oy:lt\u00e4 saat luotettavat riipputelineiden k\u00e4ytt\u00f6\u00f6notto- sek\u00e4 m\u00e4\u00e4r\u00e4aikaistarkastukset.","breadcrumb":{"@id":"https:\/\/simeri.fi\/en\/services\/inspections-of-suspended-platforms\/#breadcrumb"},"inLanguage":"en","potentialAction":[{"@type":"ReadAction","target":["https:\/\/simeri.fi\/en\/services\/inspections-of-suspended-platforms\/"]}]},{"@type":"ImageObject","inLanguage":"en","@id":"https:\/\/simeri.fi\/en\/services\/inspections-of-suspended-platforms\/#primaryimage","url":"https:\/\/simeri.fi\/en\/wp-content\/uploads\/sites\/2\/2015\/04\/riipputeline-1.png","contentUrl":"https:\/\/simeri.fi\/en\/wp-content\/uploads\/sites\/2\/2015\/04\/riipputeline-1.png","width":766,"height":557},{"@type":"BreadcrumbList","@id":"https:\/\/simeri.fi\/en\/services\/inspections-of-suspended-platforms\/#breadcrumb","itemListElement":[{"@type":"ListItem","position":1,"name":"Home","item":"https:\/\/simeri.fi\/en\/"},{"@type":"ListItem","position":2,"name":"Services","item":"https:\/\/simeri.fi\/en\/services\/"},{"@type":"ListItem","position":3,"name":"Inspections of suspended platforms"}]},{"@type":"WebSite","@id":"https:\/\/simeri.fi\/en\/#website","url":"https:\/\/simeri.fi\/en\/","name":"Simeri in English","description":"","publisher":{"@id":"https:\/\/simeri.fi\/en\/#organization"},"potentialAction":[{"@type":"SearchAction","target":{"@type":"EntryPoint","urlTemplate":"https:\/\/simeri.fi\/en\/?s={search_term_string}"},"query-input":{"@type":"PropertyValueSpecification","valueRequired":true,"valueName":"search_term_string"}}],"inLanguage":"en"},{"@type":"Organization","@id":"https:\/\/simeri.fi\/en\/#organization","name":"Simeri in English","url":"https:\/\/simeri.fi\/en\/","logo":{"@type":"ImageObject","inLanguage":"en","@id":"https:\/\/simeri.fi\/en\/#\/schema\/logo\/image\/","url":"https:\/\/simeri.fi\/en\/wp-content\/uploads\/sites\/2\/2020\/03\/SIMERIiso.jpg","contentUrl":"https:\/\/simeri.fi\/en\/wp-content\/uploads\/sites\/2\/2020\/03\/SIMERIiso.jpg","width":1134,"height":796,"caption":"Simeri in English"},"image":{"@id":"https:\/\/simeri.fi\/en\/#\/schema\/logo\/image\/"}}]}},"_links":{"self":[{"href":"https:\/\/simeri.fi\/en\/wp-json\/wp\/v2\/pages\/825","targetHints":{"allow":["GET"]}}],"collection":[{"href":"https:\/\/simeri.fi\/en\/wp-json\/wp\/v2\/pages"}],"about":[{"href":"https:\/\/simeri.fi\/en\/wp-json\/wp\/v2\/types\/page"}],"author":[{"embeddable":true,"href":"https:\/\/simeri.fi\/en\/wp-json\/wp\/v2\/users\/1"}],"replies":[{"embeddable":true,"href":"https:\/\/simeri.fi\/en\/wp-json\/wp\/v2\/comments?post=825"}],"version-history":[{"count":0,"href":"https:\/\/simeri.fi\/en\/wp-json\/wp\/v2\/pages\/825\/revisions"}],"up":[{"embeddable":true,"href":"https:\/\/simeri.fi\/en\/wp-json\/wp\/v2\/pages\/42"}],"wp:featuredmedia":[{"embeddable":true,"href":"https:\/\/simeri.fi\/en\/wp-json\/wp\/v2\/media\/826"}],"wp:attachment":[{"href":"https:\/\/simeri.fi\/en\/wp-json\/wp\/v2\/media?parent=825"}],"curies":[{"name":"wp","href":"https:\/\/api.w.org\/{rel}","templated":true}]}}