




{"id":909,"date":"2015-06-09T17:09:48","date_gmt":"2015-06-09T14:09:48","guid":{"rendered":"http:\/\/demo.eccola.fi\/simerifi\/?page_id=909"},"modified":"2024-03-06T14:25:56","modified_gmt":"2024-03-06T12:25:56","slug":"sumner-material-lifts","status":"publish","type":"page","link":"https:\/\/simeri.fi\/en\/sumner-material-lifts\/","title":{"rendered":"Sumner Material lifts"},"content":{"rendered":"<h2>Sumner material lifts and moveable hoist units<\/h2>\n<p>Sumner material lifts make lifting safer and easier.<\/p>\n<p>Sumner&#8217;s high-quality material lifts are designed and built for durability, with a light structure. The lifts can be easily dismantled and reassembled for transport.<\/p>\n<p>Sumner products are American high-quality lifts at competitive prices.<\/p>\n<p>All Sumner lifts come with a 3-year warranty.<\/p>\n<p>Moveable hoist units cover various choices for lifting even the heaviest weights and for stationary work. Sumner hoist units are designed for the customers&#8217; needs with a light but extremely durable structure that makes working safe and effective.<\/p>\n<p>We offer a wide variety of choices for lifting.<\/p>\n<p><a href=\"http:\/\/www.sumner.com\/\">www.sumner.com<\/a><\/p>\n","protected":false},"excerpt":{"rendered":"<p>Sumner material lifts and moveable hoist units Sumner material lifts make lifting safer and easier. Sumner&#8217;s high-quality material lifts are designed and built for durability, with a light structure. The lifts can be easily dismantled and reassembled for transport. Sumner products are American high-quality lifts at competitive prices. All Sumner lifts come with a 3-year [&hellip;]<\/p>\n","protected":false},"author":1,"featured_media":2606,"parent":0,"menu_order":0,"comment_status":"closed","ping_status":"closed","template":"sumner-all.php","meta":{"_acf_changed":false,"footnotes":""},"class_list":["post-909","page","type-page","status-publish","has-post-thumbnail","hentry"],"acf":[],"yoast_head":"<!-- This site is optimized with the Yoast SEO plugin v27.3 - https:\/\/yoast.com\/product\/yoast-seo-wordpress\/ -->\n<title>Sumner Material lifts - Simeri in English<\/title>\n<meta name=\"description\" content=\"Tavaranostimet: Sumner tavaranostimet tekev\u00e4t nostoista helpompaa ja turvallisempaa. Tavaranostimet, materiaalinostimet, siirrelt\u00e4v\u00e4t nostopisteet\" \/>\n<meta name=\"robots\" content=\"index, follow, max-snippet:-1, max-image-preview:large, max-video-preview:-1\" \/>\n<link rel=\"canonical\" href=\"https:\/\/simeri.fi\/en\/sumner-material-lifts\/\" \/>\n<meta property=\"og:locale\" content=\"en_US\" \/>\n<meta property=\"og:type\" content=\"article\" \/>\n<meta property=\"og:title\" content=\"Sumner Material lifts - Simeri in English\" \/>\n<meta property=\"og:description\" content=\"Tavaranostimet: Sumner tavaranostimet tekev\u00e4t nostoista helpompaa ja turvallisempaa. Tavaranostimet, materiaalinostimet, siirrelt\u00e4v\u00e4t nostopisteet\" \/>\n<meta property=\"og:url\" content=\"https:\/\/simeri.fi\/en\/sumner-material-lifts\/\" \/>\n<meta property=\"og:site_name\" content=\"Simeri in English\" \/>\n<meta property=\"article:modified_time\" content=\"2024-03-06T12:25:56+00:00\" \/>\n<meta property=\"og:image\" content=\"https:\/\/simeri.fi\/en\/wp-content\/uploads\/sites\/2\/2015\/06\/sumner-page-bg-2-2.jpg\" \/>\n\t<meta property=\"og:image:width\" content=\"803\" \/>\n\t<meta property=\"og:image:height\" content=\"1200\" \/>\n\t<meta property=\"og:image:type\" content=\"image\/jpeg\" \/>\n<meta name=\"twitter:card\" content=\"summary_large_image\" \/>\n<meta name=\"twitter:label1\" content=\"Est. reading time\" \/>\n\t<meta name=\"twitter:data1\" content=\"1 minute\" \/>\n<script type=\"application\/ld+json\" class=\"yoast-schema-graph\">{\"@context\":\"https:\\\/\\\/schema.org\",\"@graph\":[{\"@type\":\"WebPage\",\"@id\":\"https:\\\/\\\/simeri.fi\\\/en\\\/sumner-material-lifts\\\/\",\"url\":\"https:\\\/\\\/simeri.fi\\\/en\\\/sumner-material-lifts\\\/\",\"name\":\"Sumner Material lifts - Simeri in English\",\"isPartOf\":{\"@id\":\"https:\\\/\\\/simeri.fi\\\/en\\\/#website\"},\"primaryImageOfPage\":{\"@id\":\"https:\\\/\\\/simeri.fi\\\/en\\\/sumner-material-lifts\\\/#primaryimage\"},\"image\":{\"@id\":\"https:\\\/\\\/simeri.fi\\\/en\\\/sumner-material-lifts\\\/#primaryimage\"},\"thumbnailUrl\":\"https:\\\/\\\/simeri.fi\\\/en\\\/wp-content\\\/uploads\\\/sites\\\/2\\\/2015\\\/06\\\/sumner-page-bg-2-2.jpg\",\"datePublished\":\"2015-06-09T14:09:48+00:00\",\"dateModified\":\"2024-03-06T12:25:56+00:00\",\"description\":\"Tavaranostimet: Sumner tavaranostimet tekev\u00e4t nostoista helpompaa ja turvallisempaa. Tavaranostimet, materiaalinostimet, siirrelt\u00e4v\u00e4t nostopisteet\",\"breadcrumb\":{\"@id\":\"https:\\\/\\\/simeri.fi\\\/en\\\/sumner-material-lifts\\\/#breadcrumb\"},\"inLanguage\":\"en\",\"potentialAction\":[{\"@type\":\"ReadAction\",\"target\":[\"https:\\\/\\\/simeri.fi\\\/en\\\/sumner-material-lifts\\\/\"]}]},{\"@type\":\"ImageObject\",\"inLanguage\":\"en\",\"@id\":\"https:\\\/\\\/simeri.fi\\\/en\\\/sumner-material-lifts\\\/#primaryimage\",\"url\":\"https:\\\/\\\/simeri.fi\\\/en\\\/wp-content\\\/uploads\\\/sites\\\/2\\\/2015\\\/06\\\/sumner-page-bg-2-2.jpg\",\"contentUrl\":\"https:\\\/\\\/simeri.fi\\\/en\\\/wp-content\\\/uploads\\\/sites\\\/2\\\/2015\\\/06\\\/sumner-page-bg-2-2.jpg\",\"width\":803,\"height\":1200},{\"@type\":\"BreadcrumbList\",\"@id\":\"https:\\\/\\\/simeri.fi\\\/en\\\/sumner-material-lifts\\\/#breadcrumb\",\"itemListElement\":[{\"@type\":\"ListItem\",\"position\":1,\"name\":\"Home\",\"item\":\"https:\\\/\\\/simeri.fi\\\/en\\\/\"},{\"@type\":\"ListItem\",\"position\":2,\"name\":\"Sumner Material lifts\"}]},{\"@type\":\"WebSite\",\"@id\":\"https:\\\/\\\/simeri.fi\\\/en\\\/#website\",\"url\":\"https:\\\/\\\/simeri.fi\\\/en\\\/\",\"name\":\"Simeri in English\",\"description\":\"\",\"publisher\":{\"@id\":\"https:\\\/\\\/simeri.fi\\\/en\\\/#organization\"},\"potentialAction\":[{\"@type\":\"SearchAction\",\"target\":{\"@type\":\"EntryPoint\",\"urlTemplate\":\"https:\\\/\\\/simeri.fi\\\/en\\\/?s={search_term_string}\"},\"query-input\":{\"@type\":\"PropertyValueSpecification\",\"valueRequired\":true,\"valueName\":\"search_term_string\"}}],\"inLanguage\":\"en\"},{\"@type\":\"Organization\",\"@id\":\"https:\\\/\\\/simeri.fi\\\/en\\\/#organization\",\"name\":\"Simeri in English\",\"url\":\"https:\\\/\\\/simeri.fi\\\/en\\\/\",\"logo\":{\"@type\":\"ImageObject\",\"inLanguage\":\"en\",\"@id\":\"https:\\\/\\\/simeri.fi\\\/en\\\/#\\\/schema\\\/logo\\\/image\\\/\",\"url\":\"https:\\\/\\\/simeri.fi\\\/en\\\/wp-content\\\/uploads\\\/sites\\\/2\\\/2020\\\/03\\\/SIMERIiso.jpg\",\"contentUrl\":\"https:\\\/\\\/simeri.fi\\\/en\\\/wp-content\\\/uploads\\\/sites\\\/2\\\/2020\\\/03\\\/SIMERIiso.jpg\",\"width\":1134,\"height\":796,\"caption\":\"Simeri in English\"},\"image\":{\"@id\":\"https:\\\/\\\/simeri.fi\\\/en\\\/#\\\/schema\\\/logo\\\/image\\\/\"}}]}<\/script>\n<!-- \/ Yoast SEO plugin. -->","yoast_head_json":{"title":"Sumner Material lifts - Simeri in English","description":"Tavaranostimet: Sumner tavaranostimet tekev\u00e4t nostoista helpompaa ja turvallisempaa. Tavaranostimet, materiaalinostimet, siirrelt\u00e4v\u00e4t nostopisteet","robots":{"index":"index","follow":"follow","max-snippet":"max-snippet:-1","max-image-preview":"max-image-preview:large","max-video-preview":"max-video-preview:-1"},"canonical":"https:\/\/simeri.fi\/en\/sumner-material-lifts\/","og_locale":"en_US","og_type":"article","og_title":"Sumner Material lifts - Simeri in English","og_description":"Tavaranostimet: Sumner tavaranostimet tekev\u00e4t nostoista helpompaa ja turvallisempaa. Tavaranostimet, materiaalinostimet, siirrelt\u00e4v\u00e4t nostopisteet","og_url":"https:\/\/simeri.fi\/en\/sumner-material-lifts\/","og_site_name":"Simeri in English","article_modified_time":"2024-03-06T12:25:56+00:00","og_image":[{"width":803,"height":1200,"url":"https:\/\/simeri.fi\/en\/wp-content\/uploads\/sites\/2\/2015\/06\/sumner-page-bg-2-2.jpg","type":"image\/jpeg"}],"twitter_card":"summary_large_image","twitter_misc":{"Est. reading time":"1 minute"},"schema":{"@context":"https:\/\/schema.org","@graph":[{"@type":"WebPage","@id":"https:\/\/simeri.fi\/en\/sumner-material-lifts\/","url":"https:\/\/simeri.fi\/en\/sumner-material-lifts\/","name":"Sumner Material lifts - Simeri in English","isPartOf":{"@id":"https:\/\/simeri.fi\/en\/#website"},"primaryImageOfPage":{"@id":"https:\/\/simeri.fi\/en\/sumner-material-lifts\/#primaryimage"},"image":{"@id":"https:\/\/simeri.fi\/en\/sumner-material-lifts\/#primaryimage"},"thumbnailUrl":"https:\/\/simeri.fi\/en\/wp-content\/uploads\/sites\/2\/2015\/06\/sumner-page-bg-2-2.jpg","datePublished":"2015-06-09T14:09:48+00:00","dateModified":"2024-03-06T12:25:56+00:00","description":"Tavaranostimet: Sumner tavaranostimet tekev\u00e4t nostoista helpompaa ja turvallisempaa. Tavaranostimet, materiaalinostimet, siirrelt\u00e4v\u00e4t nostopisteet","breadcrumb":{"@id":"https:\/\/simeri.fi\/en\/sumner-material-lifts\/#breadcrumb"},"inLanguage":"en","potentialAction":[{"@type":"ReadAction","target":["https:\/\/simeri.fi\/en\/sumner-material-lifts\/"]}]},{"@type":"ImageObject","inLanguage":"en","@id":"https:\/\/simeri.fi\/en\/sumner-material-lifts\/#primaryimage","url":"https:\/\/simeri.fi\/en\/wp-content\/uploads\/sites\/2\/2015\/06\/sumner-page-bg-2-2.jpg","contentUrl":"https:\/\/simeri.fi\/en\/wp-content\/uploads\/sites\/2\/2015\/06\/sumner-page-bg-2-2.jpg","width":803,"height":1200},{"@type":"BreadcrumbList","@id":"https:\/\/simeri.fi\/en\/sumner-material-lifts\/#breadcrumb","itemListElement":[{"@type":"ListItem","position":1,"name":"Home","item":"https:\/\/simeri.fi\/en\/"},{"@type":"ListItem","position":2,"name":"Sumner Material lifts"}]},{"@type":"WebSite","@id":"https:\/\/simeri.fi\/en\/#website","url":"https:\/\/simeri.fi\/en\/","name":"Simeri in English","description":"","publisher":{"@id":"https:\/\/simeri.fi\/en\/#organization"},"potentialAction":[{"@type":"SearchAction","target":{"@type":"EntryPoint","urlTemplate":"https:\/\/simeri.fi\/en\/?s={search_term_string}"},"query-input":{"@type":"PropertyValueSpecification","valueRequired":true,"valueName":"search_term_string"}}],"inLanguage":"en"},{"@type":"Organization","@id":"https:\/\/simeri.fi\/en\/#organization","name":"Simeri in English","url":"https:\/\/simeri.fi\/en\/","logo":{"@type":"ImageObject","inLanguage":"en","@id":"https:\/\/simeri.fi\/en\/#\/schema\/logo\/image\/","url":"https:\/\/simeri.fi\/en\/wp-content\/uploads\/sites\/2\/2020\/03\/SIMERIiso.jpg","contentUrl":"https:\/\/simeri.fi\/en\/wp-content\/uploads\/sites\/2\/2020\/03\/SIMERIiso.jpg","width":1134,"height":796,"caption":"Simeri in English"},"image":{"@id":"https:\/\/simeri.fi\/en\/#\/schema\/logo\/image\/"}}]}},"_links":{"self":[{"href":"https:\/\/simeri.fi\/en\/wp-json\/wp\/v2\/pages\/909","targetHints":{"allow":["GET"]}}],"collection":[{"href":"https:\/\/simeri.fi\/en\/wp-json\/wp\/v2\/pages"}],"about":[{"href":"https:\/\/simeri.fi\/en\/wp-json\/wp\/v2\/types\/page"}],"author":[{"embeddable":true,"href":"https:\/\/simeri.fi\/en\/wp-json\/wp\/v2\/users\/1"}],"replies":[{"embeddable":true,"href":"https:\/\/simeri.fi\/en\/wp-json\/wp\/v2\/comments?post=909"}],"version-history":[{"count":1,"href":"https:\/\/simeri.fi\/en\/wp-json\/wp\/v2\/pages\/909\/revisions"}],"predecessor-version":[{"id":14987,"href":"https:\/\/simeri.fi\/en\/wp-json\/wp\/v2\/pages\/909\/revisions\/14987"}],"wp:featuredmedia":[{"embeddable":true,"href":"https:\/\/simeri.fi\/en\/wp-json\/wp\/v2\/media\/2606"}],"wp:attachment":[{"href":"https:\/\/simeri.fi\/en\/wp-json\/wp\/v2\/media?parent=909"}],"curies":[{"name":"wp","href":"https:\/\/api.w.org\/{rel}","templated":true}]}}