




{"id":915,"date":"2015-06-09T17:12:37","date_gmt":"2015-06-09T14:12:37","guid":{"rendered":"http:\/\/demo.eccola.fi\/simerifi\/?page_id=915"},"modified":"2015-06-09T17:12:37","modified_gmt":"2015-06-09T14:12:37","slug":"putoamissuojain-ja-nostoapuvaline-tarkastukset","status":"publish","type":"page","link":"https:\/\/simeri.fi\/en\/services\/putoamissuojain-ja-nostoapuvaline-tarkastukset\/","title":{"rendered":"Putoamissuojain ja nostoapuv\u00e4line tarkastukset"},"content":{"rendered":"<p><img loading=\"lazy\" decoding=\"async\" class=\"alignright size-full wp-image-926\" src=\"https:\/\/simeri.fi\/en\/wp-content\/uploads\/sites\/2\/2015\/06\/nostoapuvaline-1.jpg\" alt=\"nostoapuvaline-1\" width=\"244\" height=\"230\" \/><\/p>\n<h3>Putoamissuojain ja nostoapuv\u00e4line tarkastukset<\/h3>\n<p>Tarjoamme k\u00e4ytt\u00f6asetuksen 403\/2008 mukaiset nostoapuv\u00e4lineiden m\u00e4\u00e4r\u00e4aikaistarkistukset ja huollot yhdell\u00e4 puhelinsoitolla.<\/p>\n<p>M\u00e4\u00e4r\u00e4aikaistarkastuksesta asiakas saa nostinkohtaisen raportin, josta k\u00e4y ilmi mm. laitetiedot, valmistaja, valmistusvuosi, sarjanumero, suurin sallittu kuormitus, tehdyt huollot, vaihdetut varaosat, sek\u00e4 muut oleelliset tiedot.<\/p>\n<p>Lue lis\u00e4\u00e4 nostoapuv\u00e4lineiden tarkastamisesta <a href=\"http:\/\/www.tyoturva.fi\/toimialat\/metalli-_sahko-_ja_elektroniikkateollisuus\/nostoapuvalineiden_tarkastusvarit\">Ty\u00f6turvallisuuskeskuksen sivuilta<\/a><\/p>\n<p><img loading=\"lazy\" decoding=\"async\" class=\"alignright size-full wp-image-928\" src=\"https:\/\/simeri.fi\/en\/wp-content\/uploads\/sites\/2\/2015\/06\/nostoapuvaline-2.jpg\" alt=\"nostoapuvaline-2\" width=\"201\" height=\"250\" \/>Teemme laitteiden tarkastukset ja testaukset ammattitaitoisesti joko asiakkaan luona tai huoltotiloissamme Espoossa tai Tampereella.<\/p>\n<div style=\"clear: both\"><\/div>\n<div class=\"row\">\n<div class=\"six columns\">\n<p><strong>Inspection and maintenance orders<\/strong><\/p>\n<p><strong>Tommi Kolehmainen<\/strong><br \/>\n<i class=\"fa fa-phone\"><\/i> +358 400 514\u00a0374<br \/>\n<i class=\"fa fa-envelope\"><\/i> <a href=\"mailto:tommi.kolehmainen@simeri.fi\">tommi.kolehmainen@simeri.fi<\/a><\/p>\n<\/div>\n<div class=\"six columns\">\n<p><strong>Invitations to tender<\/strong><\/p>\n<p><strong>Jukka Koskinen<\/strong><br \/>\n<i class=\"fa fa-phone\"><\/i> +358 400 990\u00a0988<br \/>\n<i class=\"fa fa-envelope\"><\/i> <a href=\"mailto:jukka@simeri.fi\">jukka@simeri.fi<\/a><\/p>\n<\/div>\n<\/div>\n","protected":false},"excerpt":{"rendered":"<p>Putoamissuojain ja nostoapuv\u00e4line tarkastukset Tarjoamme k\u00e4ytt\u00f6asetuksen 403\/2008 mukaiset nostoapuv\u00e4lineiden m\u00e4\u00e4r\u00e4aikaistarkistukset ja huollot yhdell\u00e4 puhelinsoitolla. M\u00e4\u00e4r\u00e4aikaistarkastuksesta asiakas saa nostinkohtaisen raportin, josta k\u00e4y ilmi mm. laitetiedot, valmistaja, valmistusvuosi, sarjanumero, suurin sallittu kuormitus, tehdyt huollot, vaihdetut varaosat, sek\u00e4 muut oleelliset tiedot. Lue lis\u00e4\u00e4 nostoapuv\u00e4lineiden tarkastamisesta Ty\u00f6turvallisuuskeskuksen sivuilta Teemme laitteiden tarkastukset ja testaukset ammattitaitoisesti joko asiakkaan luona tai huoltotiloissamme [&hellip;]<\/p>\n","protected":false},"author":1,"featured_media":918,"parent":42,"menu_order":0,"comment_status":"closed","ping_status":"closed","template":"palvelut.php","meta":{"_acf_changed":false,"footnotes":""},"class_list":["post-915","page","type-page","status-publish","has-post-thumbnail","hentry"],"acf":[],"yoast_head":"<!-- This site is optimized with the Yoast SEO plugin v27.5 - https:\/\/yoast.com\/product\/yoast-seo-wordpress\/ -->\n<title>Putoamissuojain ja nostoapuv\u00e4line tarkastukset - Simeri in English<\/title>\n<meta name=\"description\" content=\"Putoamissuojain ja nostoapuv\u00e4line tarkastukset: Teemme laitteiden tarkastukset ja testaukset ammattitaitoisesti joko asiakkaan luona tai huoltotiloissamme Espoossa tai Tampereella.\" \/>\n<meta name=\"robots\" content=\"index, follow, max-snippet:-1, max-image-preview:large, max-video-preview:-1\" \/>\n<link rel=\"canonical\" href=\"https:\/\/simeri.fi\/en\/services\/putoamissuojain-ja-nostoapuvaline-tarkastukset\/\" \/>\n<meta property=\"og:locale\" content=\"en_US\" \/>\n<meta property=\"og:type\" content=\"article\" \/>\n<meta property=\"og:title\" content=\"Putoamissuojain ja nostoapuv\u00e4line tarkastukset - Simeri in English\" \/>\n<meta property=\"og:description\" content=\"Putoamissuojain ja nostoapuv\u00e4line tarkastukset: Teemme laitteiden tarkastukset ja testaukset ammattitaitoisesti joko asiakkaan luona tai huoltotiloissamme Espoossa tai Tampereella.\" \/>\n<meta property=\"og:url\" content=\"https:\/\/simeri.fi\/en\/services\/putoamissuojain-ja-nostoapuvaline-tarkastukset\/\" \/>\n<meta property=\"og:site_name\" content=\"Simeri in English\" \/>\n<meta property=\"og:image\" content=\"https:\/\/simeri.fi\/en\/wp-content\/uploads\/sites\/2\/2015\/06\/nostoapuvaeline-kuva.jpg\" \/>\n\t<meta property=\"og:image:width\" content=\"1638\" \/>\n\t<meta property=\"og:image:height\" content=\"618\" \/>\n\t<meta property=\"og:image:type\" content=\"image\/jpeg\" \/>\n<meta name=\"twitter:card\" content=\"summary_large_image\" \/>\n<script type=\"application\/ld+json\" class=\"yoast-schema-graph\">{\"@context\":\"https:\\\/\\\/schema.org\",\"@graph\":[{\"@type\":\"WebPage\",\"@id\":\"https:\\\/\\\/simeri.fi\\\/en\\\/services\\\/putoamissuojain-ja-nostoapuvaline-tarkastukset\\\/\",\"url\":\"https:\\\/\\\/simeri.fi\\\/en\\\/services\\\/putoamissuojain-ja-nostoapuvaline-tarkastukset\\\/\",\"name\":\"Putoamissuojain ja nostoapuv\u00e4line tarkastukset - Simeri in English\",\"isPartOf\":{\"@id\":\"https:\\\/\\\/simeri.fi\\\/en\\\/#website\"},\"primaryImageOfPage\":{\"@id\":\"https:\\\/\\\/simeri.fi\\\/en\\\/services\\\/putoamissuojain-ja-nostoapuvaline-tarkastukset\\\/#primaryimage\"},\"image\":{\"@id\":\"https:\\\/\\\/simeri.fi\\\/en\\\/services\\\/putoamissuojain-ja-nostoapuvaline-tarkastukset\\\/#primaryimage\"},\"thumbnailUrl\":\"https:\\\/\\\/simeri.fi\\\/en\\\/wp-content\\\/uploads\\\/sites\\\/2\\\/2015\\\/06\\\/nostoapuvaeline-kuva.jpg\",\"datePublished\":\"2015-06-09T14:12:37+00:00\",\"description\":\"Putoamissuojain ja nostoapuv\u00e4line tarkastukset: Teemme laitteiden tarkastukset ja testaukset ammattitaitoisesti joko asiakkaan luona tai huoltotiloissamme Espoossa tai Tampereella.\",\"breadcrumb\":{\"@id\":\"https:\\\/\\\/simeri.fi\\\/en\\\/services\\\/putoamissuojain-ja-nostoapuvaline-tarkastukset\\\/#breadcrumb\"},\"inLanguage\":\"en\",\"potentialAction\":[{\"@type\":\"ReadAction\",\"target\":[\"https:\\\/\\\/simeri.fi\\\/en\\\/services\\\/putoamissuojain-ja-nostoapuvaline-tarkastukset\\\/\"]}]},{\"@type\":\"ImageObject\",\"inLanguage\":\"en\",\"@id\":\"https:\\\/\\\/simeri.fi\\\/en\\\/services\\\/putoamissuojain-ja-nostoapuvaline-tarkastukset\\\/#primaryimage\",\"url\":\"https:\\\/\\\/simeri.fi\\\/en\\\/wp-content\\\/uploads\\\/sites\\\/2\\\/2015\\\/06\\\/nostoapuvaeline-kuva.jpg\",\"contentUrl\":\"https:\\\/\\\/simeri.fi\\\/en\\\/wp-content\\\/uploads\\\/sites\\\/2\\\/2015\\\/06\\\/nostoapuvaeline-kuva.jpg\",\"width\":1638,\"height\":618,\"caption\":\"OLYMPUS DIGITAL CAMERA\"},{\"@type\":\"BreadcrumbList\",\"@id\":\"https:\\\/\\\/simeri.fi\\\/en\\\/services\\\/putoamissuojain-ja-nostoapuvaline-tarkastukset\\\/#breadcrumb\",\"itemListElement\":[{\"@type\":\"ListItem\",\"position\":1,\"name\":\"Home\",\"item\":\"https:\\\/\\\/simeri.fi\\\/en\\\/\"},{\"@type\":\"ListItem\",\"position\":2,\"name\":\"Services\",\"item\":\"https:\\\/\\\/simeri.fi\\\/en\\\/services\\\/\"},{\"@type\":\"ListItem\",\"position\":3,\"name\":\"Putoamissuojain ja nostoapuv\u00e4line tarkastukset\"}]},{\"@type\":\"WebSite\",\"@id\":\"https:\\\/\\\/simeri.fi\\\/en\\\/#website\",\"url\":\"https:\\\/\\\/simeri.fi\\\/en\\\/\",\"name\":\"Simeri in English\",\"description\":\"\",\"publisher\":{\"@id\":\"https:\\\/\\\/simeri.fi\\\/en\\\/#organization\"},\"potentialAction\":[{\"@type\":\"SearchAction\",\"target\":{\"@type\":\"EntryPoint\",\"urlTemplate\":\"https:\\\/\\\/simeri.fi\\\/en\\\/?s={search_term_string}\"},\"query-input\":{\"@type\":\"PropertyValueSpecification\",\"valueRequired\":true,\"valueName\":\"search_term_string\"}}],\"inLanguage\":\"en\"},{\"@type\":\"Organization\",\"@id\":\"https:\\\/\\\/simeri.fi\\\/en\\\/#organization\",\"name\":\"Simeri in English\",\"url\":\"https:\\\/\\\/simeri.fi\\\/en\\\/\",\"logo\":{\"@type\":\"ImageObject\",\"inLanguage\":\"en\",\"@id\":\"https:\\\/\\\/simeri.fi\\\/en\\\/#\\\/schema\\\/logo\\\/image\\\/\",\"url\":\"https:\\\/\\\/simeri.fi\\\/en\\\/wp-content\\\/uploads\\\/sites\\\/2\\\/2020\\\/03\\\/SIMERIiso.jpg\",\"contentUrl\":\"https:\\\/\\\/simeri.fi\\\/en\\\/wp-content\\\/uploads\\\/sites\\\/2\\\/2020\\\/03\\\/SIMERIiso.jpg\",\"width\":1134,\"height\":796,\"caption\":\"Simeri in English\"},\"image\":{\"@id\":\"https:\\\/\\\/simeri.fi\\\/en\\\/#\\\/schema\\\/logo\\\/image\\\/\"}}]}<\/script>\n<!-- \/ Yoast SEO plugin. -->","yoast_head_json":{"title":"Putoamissuojain ja nostoapuv\u00e4line tarkastukset - Simeri in English","description":"Putoamissuojain ja nostoapuv\u00e4line tarkastukset: Teemme laitteiden tarkastukset ja testaukset ammattitaitoisesti joko asiakkaan luona tai huoltotiloissamme Espoossa tai Tampereella.","robots":{"index":"index","follow":"follow","max-snippet":"max-snippet:-1","max-image-preview":"max-image-preview:large","max-video-preview":"max-video-preview:-1"},"canonical":"https:\/\/simeri.fi\/en\/services\/putoamissuojain-ja-nostoapuvaline-tarkastukset\/","og_locale":"en_US","og_type":"article","og_title":"Putoamissuojain ja nostoapuv\u00e4line tarkastukset - Simeri in English","og_description":"Putoamissuojain ja nostoapuv\u00e4line tarkastukset: Teemme laitteiden tarkastukset ja testaukset ammattitaitoisesti joko asiakkaan luona tai huoltotiloissamme Espoossa tai Tampereella.","og_url":"https:\/\/simeri.fi\/en\/services\/putoamissuojain-ja-nostoapuvaline-tarkastukset\/","og_site_name":"Simeri in English","og_image":[{"width":1638,"height":618,"url":"https:\/\/simeri.fi\/en\/wp-content\/uploads\/sites\/2\/2015\/06\/nostoapuvaeline-kuva.jpg","type":"image\/jpeg"}],"twitter_card":"summary_large_image","schema":{"@context":"https:\/\/schema.org","@graph":[{"@type":"WebPage","@id":"https:\/\/simeri.fi\/en\/services\/putoamissuojain-ja-nostoapuvaline-tarkastukset\/","url":"https:\/\/simeri.fi\/en\/services\/putoamissuojain-ja-nostoapuvaline-tarkastukset\/","name":"Putoamissuojain ja nostoapuv\u00e4line tarkastukset - Simeri in English","isPartOf":{"@id":"https:\/\/simeri.fi\/en\/#website"},"primaryImageOfPage":{"@id":"https:\/\/simeri.fi\/en\/services\/putoamissuojain-ja-nostoapuvaline-tarkastukset\/#primaryimage"},"image":{"@id":"https:\/\/simeri.fi\/en\/services\/putoamissuojain-ja-nostoapuvaline-tarkastukset\/#primaryimage"},"thumbnailUrl":"https:\/\/simeri.fi\/en\/wp-content\/uploads\/sites\/2\/2015\/06\/nostoapuvaeline-kuva.jpg","datePublished":"2015-06-09T14:12:37+00:00","description":"Putoamissuojain ja nostoapuv\u00e4line tarkastukset: Teemme laitteiden tarkastukset ja testaukset ammattitaitoisesti joko asiakkaan luona tai huoltotiloissamme Espoossa tai Tampereella.","breadcrumb":{"@id":"https:\/\/simeri.fi\/en\/services\/putoamissuojain-ja-nostoapuvaline-tarkastukset\/#breadcrumb"},"inLanguage":"en","potentialAction":[{"@type":"ReadAction","target":["https:\/\/simeri.fi\/en\/services\/putoamissuojain-ja-nostoapuvaline-tarkastukset\/"]}]},{"@type":"ImageObject","inLanguage":"en","@id":"https:\/\/simeri.fi\/en\/services\/putoamissuojain-ja-nostoapuvaline-tarkastukset\/#primaryimage","url":"https:\/\/simeri.fi\/en\/wp-content\/uploads\/sites\/2\/2015\/06\/nostoapuvaeline-kuva.jpg","contentUrl":"https:\/\/simeri.fi\/en\/wp-content\/uploads\/sites\/2\/2015\/06\/nostoapuvaeline-kuva.jpg","width":1638,"height":618,"caption":"OLYMPUS DIGITAL CAMERA"},{"@type":"BreadcrumbList","@id":"https:\/\/simeri.fi\/en\/services\/putoamissuojain-ja-nostoapuvaline-tarkastukset\/#breadcrumb","itemListElement":[{"@type":"ListItem","position":1,"name":"Home","item":"https:\/\/simeri.fi\/en\/"},{"@type":"ListItem","position":2,"name":"Services","item":"https:\/\/simeri.fi\/en\/services\/"},{"@type":"ListItem","position":3,"name":"Putoamissuojain ja nostoapuv\u00e4line tarkastukset"}]},{"@type":"WebSite","@id":"https:\/\/simeri.fi\/en\/#website","url":"https:\/\/simeri.fi\/en\/","name":"Simeri in English","description":"","publisher":{"@id":"https:\/\/simeri.fi\/en\/#organization"},"potentialAction":[{"@type":"SearchAction","target":{"@type":"EntryPoint","urlTemplate":"https:\/\/simeri.fi\/en\/?s={search_term_string}"},"query-input":{"@type":"PropertyValueSpecification","valueRequired":true,"valueName":"search_term_string"}}],"inLanguage":"en"},{"@type":"Organization","@id":"https:\/\/simeri.fi\/en\/#organization","name":"Simeri in English","url":"https:\/\/simeri.fi\/en\/","logo":{"@type":"ImageObject","inLanguage":"en","@id":"https:\/\/simeri.fi\/en\/#\/schema\/logo\/image\/","url":"https:\/\/simeri.fi\/en\/wp-content\/uploads\/sites\/2\/2020\/03\/SIMERIiso.jpg","contentUrl":"https:\/\/simeri.fi\/en\/wp-content\/uploads\/sites\/2\/2020\/03\/SIMERIiso.jpg","width":1134,"height":796,"caption":"Simeri in English"},"image":{"@id":"https:\/\/simeri.fi\/en\/#\/schema\/logo\/image\/"}}]}},"_links":{"self":[{"href":"https:\/\/simeri.fi\/en\/wp-json\/wp\/v2\/pages\/915","targetHints":{"allow":["GET"]}}],"collection":[{"href":"https:\/\/simeri.fi\/en\/wp-json\/wp\/v2\/pages"}],"about":[{"href":"https:\/\/simeri.fi\/en\/wp-json\/wp\/v2\/types\/page"}],"author":[{"embeddable":true,"href":"https:\/\/simeri.fi\/en\/wp-json\/wp\/v2\/users\/1"}],"replies":[{"embeddable":true,"href":"https:\/\/simeri.fi\/en\/wp-json\/wp\/v2\/comments?post=915"}],"version-history":[{"count":0,"href":"https:\/\/simeri.fi\/en\/wp-json\/wp\/v2\/pages\/915\/revisions"}],"up":[{"embeddable":true,"href":"https:\/\/simeri.fi\/en\/wp-json\/wp\/v2\/pages\/42"}],"wp:featuredmedia":[{"embeddable":true,"href":"https:\/\/simeri.fi\/en\/wp-json\/wp\/v2\/media\/918"}],"wp:attachment":[{"href":"https:\/\/simeri.fi\/en\/wp-json\/wp\/v2\/media?parent=915"}],"curies":[{"name":"wp","href":"https:\/\/api.w.org\/{rel}","templated":true}]}}