{"id":119,"date":"2018-11-12T10:40:45","date_gmt":"2018-11-12T08:40:45","guid":{"rendered":"https:\/\/demo.eccola.fi\/sim-ipaf-2018\/?page_id=2"},"modified":"2025-11-27T13:50:20","modified_gmt":"2025-11-27T11:50:20","slug":"ipaf-henkilonostinkortti","status":"publish","type":"page","link":"https:\/\/simeri.fi\/henkilonostinkorttikoulutus\/ipaf-henkilonostinkortti\/","title":{"rendered":"IPAF henkil\u00f6nostinkortti"},"content":{"rendered":"<h2>IPAF Henkil\u00f6nostinkortti (PAL Card)<\/h2>\n<p><a href=\"https:\/\/www.ipaf.org\/en\/ipaf-training\" target=\"_blank\" rel=\"noopener noreferrer\">IPAF henkil\u00f6nostinkortti koulutusohjelma<\/a> on henkil\u00f6nostinalan ammattilaisten kehitt\u00e4m\u00e4. Sen suorittaminen on luotettava keino saavuttaa osaaminen ja ymm\u00e4rrys, jota turvallisessa ja tehokkaassa ty\u00f6skentelyss\u00e4 sek\u00e4 ty\u00f6skentelyn valmistelussa henkil\u00f6nostimella tarvitaan.<\/p>\n<p>IPAF henkil\u00f6nostinkortti on voimassa 5 vuotta. Kortin uusinta on mahdollista suorittamalla kokeet uudestaan, jos olet k\u00e4ytt\u00e4nyt henkil\u00f6nostinta s\u00e4\u00e4nn\u00f6llisesti ja kirjannut k\u00e4yt\u00f6n lokikirjaasi. Muussa tapauksessa kortin uusinta edellytt\u00e4\u00e4 koko kurssin k\u00e4ynti\u00e4 uudestaan.<\/p>\n<p>Koulutusohjelma on T\u00dcV-sertifioitu kansainv\u00e4lisen henkil\u00f6nostinten k\u00e4ytt\u00f6koulutuksen standardin mukaisesti<br \/>\n(ISO 18878:2013 Mobile elevating work platforms Operator (driver) training)<\/p>\n<h3>Korttiluokitus henkil\u00f6nostintyyppien mukaisesti<\/h3>\n<p>PAL-kortissa n\u00e4kyy mink\u00e4 tyyppisiin henkil\u00f6nostimiin kortinhaltijalla on p\u00e4tevyys.<\/p>\n<p><img loading=\"lazy\" decoding=\"async\" class=\"wp-image-184 aligncenter\" src=\"https:\/\/simeri.fi\/henkilonostinkorttikoulutus\/wp-content\/uploads\/sites\/3\/2019\/04\/IPAF-SIMERI.jpg\" alt=\"\" width=\"848\" height=\"267\" srcset=\"https:\/\/simeri.fi\/henkilonostinkorttikoulutus\/wp-content\/uploads\/sites\/3\/2019\/04\/IPAF-SIMERI.jpg 540w, https:\/\/simeri.fi\/henkilonostinkorttikoulutus\/wp-content\/uploads\/sites\/3\/2019\/04\/IPAF-SIMERI-300x94.jpg 300w\" sizes=\"auto, (max-width: 639px) 98vw, (max-width: 1199px) 64vw, 770px\" \/><\/p>\n<h4 style=\"text-align: center\"><strong>Siirrett\u00e4v\u00e4 vertikaalinostin (1a) &#8211; Siirrett\u00e4v\u00e4 puominostin (1b)<\/strong><\/h4>\n<h4 style=\"text-align: center\"><strong>Ajettava vertikaalinostin (3a) &#8211; Ajettava puominostin (3b)<\/strong><\/h4>\n<p>&nbsp;<\/p>\n<h3>Koulutuksen sis\u00e4lt\u00f6<\/h3>\n<p>Koulutus sis\u00e4lt\u00e4\u00e4 sek\u00e4 teoriaa ett\u00e4 k\u00e4yt\u00e4nt\u00f6\u00e4 ja ryhm\u00e4koko pidet\u00e4\u00e4n pienen\u00e4, ett\u00e4 voimme varmistaa jokaisen osallistujan saavan kurssilla kaiken tarvitsemansa opin.<\/p>\n<p>J\u00e4rjest\u00e4mme koulutuksia suomeksi, viroksi, ven\u00e4j\u00e4ksi ja englanniksi. Kirjallisen kokeen suorittamiseen on yli 20 eri kielivaihtoehtoa, mm. suomi, englanti, ven\u00e4j\u00e4, ruotsi, ranska, saksa ja puola.<\/p>\n<p>Kurssin suoritettuasi:<\/p>\n<p>\u2022 Hallitset henkil\u00f6nostimen k\u00e4ytt\u00f6\u00f6n liittyv\u00e4n olennaisen terveys- ja turvallisuuslains\u00e4\u00e4d\u00e4nn\u00f6n<br \/>\n\u2022 Olet tietoinen, miten onnettomuuksia ehk\u00e4ist\u00e4\u00e4n ja hallitaan<br \/>\n\u2022 Tied\u00e4t, millaisia henkil\u00f6kohtaisia suojaimia tarvitset ja milloin<br \/>\n\u2022 Ymm\u00e4rr\u00e4t nostimen k\u00e4ytt\u00f6ohjekirjan merkityksen<br \/>\n\u2022 Osaat ajaa ja k\u00e4sitell\u00e4 henkil\u00f6nostinta turvallisesti<\/p>\n<p>Osaamisesi testataan kirjallisella kokeella ja ajokokeella. Hyv\u00e4ksytty suoritus antaa sinulle p\u00e4tevyyden ko. kategoriaan.<\/p>\n<p>Koulutuksen suoritettuasi saat kansainv\u00e4lisen PAL-kortin (Powered Access Licence), turvallisuusoppaan, lokikirjan ja todistuksen.<\/p>\n<p style=\"text-align: center;padding-top:20px;\"><a class=\"button large\" href=\"\/henkilonostinkorttikoulutus\/koulutuskalenteri\">VARAA\u00a0KOULUTUS<\/a><\/p>\n","protected":false},"excerpt":{"rendered":"<p>IPAF Henkil\u00f6nostinkortti (PAL Card) IPAF henkil\u00f6nostinkortti koulutusohjelma on henkil\u00f6nostinalan ammattilaisten kehitt\u00e4m\u00e4. Sen suorittaminen on luotettava keino saavuttaa osaaminen ja ymm\u00e4rrys, jota turvallisessa ja tehokkaassa ty\u00f6skentelyss\u00e4 sek\u00e4 ty\u00f6skentelyn valmistelussa henkil\u00f6nostimella tarvitaan. IPAF henkil\u00f6nostinkortti on voimassa 5 vuotta. Kortin uusinta on mahdollista suorittamalla kokeet uudestaan, jos olet k\u00e4ytt\u00e4nyt henkil\u00f6nostinta s\u00e4\u00e4nn\u00f6llisesti ja kirjannut k\u00e4yt\u00f6n lokikirjaasi. Muussa tapauksessa kortin [&hellip;]<\/p>\n","protected":false},"author":1,"featured_media":0,"parent":0,"menu_order":0,"comment_status":"closed","ping_status":"open","template":"","meta":{"_acf_changed":false,"footnotes":""},"class_list":["post-119","page","type-page","status-publish","hentry"],"acf":[],"yoast_head":"<!-- This site is optimized with the Yoast SEO plugin v27.5 - https:\/\/yoast.com\/product\/yoast-seo-wordpress\/ -->\n<title>IPAF henkil\u00f6nostinkortti - Simeri - IPAF - henkil\u00f6nostinkortti koulutukset<\/title>\n<meta name=\"description\" content=\"IPAF henkil\u00f6nostinkortti. IPAF:n koulutusohjelma on henkil\u00f6nostinalan ammattilaisten kehitt\u00e4m\u00e4. Koulutuksen suoritettuasi saat kansainv\u00e4lisen PAL-kortin.\" \/>\n<meta name=\"robots\" content=\"index, follow, max-snippet:-1, max-image-preview:large, max-video-preview:-1\" \/>\n<link rel=\"canonical\" href=\"https:\/\/simeri.fi\/henkilonostinkorttikoulutus\/ipaf-henkilonostinkortti\/\" \/>\n<meta property=\"og:locale\" content=\"fi_FI\" \/>\n<meta property=\"og:type\" content=\"article\" \/>\n<meta property=\"og:title\" content=\"IPAF henkil\u00f6nostinkortti - Simeri - IPAF - henkil\u00f6nostinkortti koulutukset\" \/>\n<meta property=\"og:description\" content=\"IPAF henkil\u00f6nostinkortti. IPAF:n koulutusohjelma on henkil\u00f6nostinalan ammattilaisten kehitt\u00e4m\u00e4. Koulutuksen suoritettuasi saat kansainv\u00e4lisen PAL-kortin.\" \/>\n<meta property=\"og:url\" content=\"https:\/\/simeri.fi\/henkilonostinkorttikoulutus\/ipaf-henkilonostinkortti\/\" \/>\n<meta property=\"og:site_name\" content=\"Simeri - IPAF - henkil\u00f6nostinkortti koulutukset\" \/>\n<meta property=\"article:modified_time\" content=\"2025-11-27T11:50:20+00:00\" \/>\n<meta property=\"og:image\" content=\"https:\/\/simeri.fi\/henkilonostinkorttikoulutus\/wp-content\/uploads\/sites\/3\/2019\/04\/IPAF-SIMERI.jpg\" \/>\n\t<meta property=\"og:image:width\" content=\"540\" \/>\n\t<meta property=\"og:image:height\" content=\"170\" \/>\n\t<meta property=\"og:image:type\" content=\"image\/jpeg\" \/>\n<meta name=\"twitter:card\" content=\"summary_large_image\" \/>\n<meta name=\"twitter:label1\" content=\"Arvioitu lukuaika\" \/>\n\t<meta name=\"twitter:data1\" content=\"2 minuuttia\" \/>\n<script type=\"application\/ld+json\" class=\"yoast-schema-graph\">{\"@context\":\"https:\\\/\\\/schema.org\",\"@graph\":[{\"@type\":\"WebPage\",\"@id\":\"https:\\\/\\\/simeri.fi\\\/henkilonostinkorttikoulutus\\\/ipaf-henkilonostinkortti\\\/\",\"url\":\"https:\\\/\\\/simeri.fi\\\/henkilonostinkorttikoulutus\\\/ipaf-henkilonostinkortti\\\/\",\"name\":\"IPAF henkil\u00f6nostinkortti - Simeri - IPAF - henkil\u00f6nostinkortti koulutukset\",\"isPartOf\":{\"@id\":\"https:\\\/\\\/simeri.fi\\\/henkilonostinkorttikoulutus\\\/#website\"},\"primaryImageOfPage\":{\"@id\":\"https:\\\/\\\/simeri.fi\\\/henkilonostinkorttikoulutus\\\/ipaf-henkilonostinkortti\\\/#primaryimage\"},\"image\":{\"@id\":\"https:\\\/\\\/simeri.fi\\\/henkilonostinkorttikoulutus\\\/ipaf-henkilonostinkortti\\\/#primaryimage\"},\"thumbnailUrl\":\"https:\\\/\\\/simeri.fi\\\/henkilonostinkorttikoulutus\\\/wp-content\\\/uploads\\\/sites\\\/3\\\/2019\\\/04\\\/IPAF-SIMERI.jpg\",\"datePublished\":\"2018-11-12T08:40:45+00:00\",\"dateModified\":\"2025-11-27T11:50:20+00:00\",\"description\":\"IPAF henkil\u00f6nostinkortti. IPAF:n koulutusohjelma on henkil\u00f6nostinalan ammattilaisten kehitt\u00e4m\u00e4. Koulutuksen suoritettuasi saat kansainv\u00e4lisen PAL-kortin.\",\"breadcrumb\":{\"@id\":\"https:\\\/\\\/simeri.fi\\\/henkilonostinkorttikoulutus\\\/ipaf-henkilonostinkortti\\\/#breadcrumb\"},\"inLanguage\":\"fi\",\"potentialAction\":[{\"@type\":\"ReadAction\",\"target\":[\"https:\\\/\\\/simeri.fi\\\/henkilonostinkorttikoulutus\\\/ipaf-henkilonostinkortti\\\/\"]}]},{\"@type\":\"ImageObject\",\"inLanguage\":\"fi\",\"@id\":\"https:\\\/\\\/simeri.fi\\\/henkilonostinkorttikoulutus\\\/ipaf-henkilonostinkortti\\\/#primaryimage\",\"url\":\"https:\\\/\\\/simeri.fi\\\/henkilonostinkorttikoulutus\\\/wp-content\\\/uploads\\\/sites\\\/3\\\/2019\\\/04\\\/IPAF-SIMERI.jpg\",\"contentUrl\":\"https:\\\/\\\/simeri.fi\\\/henkilonostinkorttikoulutus\\\/wp-content\\\/uploads\\\/sites\\\/3\\\/2019\\\/04\\\/IPAF-SIMERI.jpg\",\"width\":540,\"height\":170},{\"@type\":\"BreadcrumbList\",\"@id\":\"https:\\\/\\\/simeri.fi\\\/henkilonostinkorttikoulutus\\\/ipaf-henkilonostinkortti\\\/#breadcrumb\",\"itemListElement\":[{\"@type\":\"ListItem\",\"position\":1,\"name\":\"Home\",\"item\":\"https:\\\/\\\/simeri.fi\\\/henkilonostinkorttikoulutus\\\/\"},{\"@type\":\"ListItem\",\"position\":2,\"name\":\"IPAF henkil\u00f6nostinkortti\"}]},{\"@type\":\"WebSite\",\"@id\":\"https:\\\/\\\/simeri.fi\\\/henkilonostinkorttikoulutus\\\/#website\",\"url\":\"https:\\\/\\\/simeri.fi\\\/henkilonostinkorttikoulutus\\\/\",\"name\":\"Simeri - IPAF - henkil\u00f6nostinkortti koulutukset\",\"description\":\"\",\"publisher\":{\"@id\":\"https:\\\/\\\/simeri.fi\\\/henkilonostinkorttikoulutus\\\/#organization\"},\"potentialAction\":[{\"@type\":\"SearchAction\",\"target\":{\"@type\":\"EntryPoint\",\"urlTemplate\":\"https:\\\/\\\/simeri.fi\\\/henkilonostinkorttikoulutus\\\/?s={search_term_string}\"},\"query-input\":{\"@type\":\"PropertyValueSpecification\",\"valueRequired\":true,\"valueName\":\"search_term_string\"}}],\"inLanguage\":\"fi\"},{\"@type\":\"Organization\",\"@id\":\"https:\\\/\\\/simeri.fi\\\/henkilonostinkorttikoulutus\\\/#organization\",\"name\":\"Simeri - IPAF - henkil\u00f6nostinkortti koulutukset\",\"url\":\"https:\\\/\\\/simeri.fi\\\/henkilonostinkorttikoulutus\\\/\",\"logo\":{\"@type\":\"ImageObject\",\"inLanguage\":\"fi\",\"@id\":\"https:\\\/\\\/simeri.fi\\\/henkilonostinkorttikoulutus\\\/#\\\/schema\\\/logo\\\/image\\\/\",\"url\":\"https:\\\/\\\/simeri.fi\\\/henkilonostinkorttikoulutus\\\/wp-content\\\/uploads\\\/sites\\\/3\\\/2020\\\/09\\\/simeri-ipaf-logo-2.jpg\",\"contentUrl\":\"https:\\\/\\\/simeri.fi\\\/henkilonostinkorttikoulutus\\\/wp-content\\\/uploads\\\/sites\\\/3\\\/2020\\\/09\\\/simeri-ipaf-logo-2.jpg\",\"width\":307,\"height\":49,\"caption\":\"Simeri - IPAF - henkil\u00f6nostinkortti koulutukset\"},\"image\":{\"@id\":\"https:\\\/\\\/simeri.fi\\\/henkilonostinkorttikoulutus\\\/#\\\/schema\\\/logo\\\/image\\\/\"}}]}<\/script>\n<!-- \/ Yoast SEO plugin. -->","yoast_head_json":{"title":"IPAF henkil\u00f6nostinkortti - Simeri - IPAF - henkil\u00f6nostinkortti koulutukset","description":"IPAF henkil\u00f6nostinkortti. IPAF:n koulutusohjelma on henkil\u00f6nostinalan ammattilaisten kehitt\u00e4m\u00e4. Koulutuksen suoritettuasi saat kansainv\u00e4lisen PAL-kortin.","robots":{"index":"index","follow":"follow","max-snippet":"max-snippet:-1","max-image-preview":"max-image-preview:large","max-video-preview":"max-video-preview:-1"},"canonical":"https:\/\/simeri.fi\/henkilonostinkorttikoulutus\/ipaf-henkilonostinkortti\/","og_locale":"fi_FI","og_type":"article","og_title":"IPAF henkil\u00f6nostinkortti - Simeri - IPAF - henkil\u00f6nostinkortti koulutukset","og_description":"IPAF henkil\u00f6nostinkortti. IPAF:n koulutusohjelma on henkil\u00f6nostinalan ammattilaisten kehitt\u00e4m\u00e4. Koulutuksen suoritettuasi saat kansainv\u00e4lisen PAL-kortin.","og_url":"https:\/\/simeri.fi\/henkilonostinkorttikoulutus\/ipaf-henkilonostinkortti\/","og_site_name":"Simeri - IPAF - henkil\u00f6nostinkortti koulutukset","article_modified_time":"2025-11-27T11:50:20+00:00","og_image":[{"width":540,"height":170,"url":"https:\/\/simeri.fi\/henkilonostinkorttikoulutus\/wp-content\/uploads\/sites\/3\/2019\/04\/IPAF-SIMERI.jpg","type":"image\/jpeg"}],"twitter_card":"summary_large_image","twitter_misc":{"Arvioitu lukuaika":"2 minuuttia"},"schema":{"@context":"https:\/\/schema.org","@graph":[{"@type":"WebPage","@id":"https:\/\/simeri.fi\/henkilonostinkorttikoulutus\/ipaf-henkilonostinkortti\/","url":"https:\/\/simeri.fi\/henkilonostinkorttikoulutus\/ipaf-henkilonostinkortti\/","name":"IPAF henkil\u00f6nostinkortti - Simeri - IPAF - henkil\u00f6nostinkortti koulutukset","isPartOf":{"@id":"https:\/\/simeri.fi\/henkilonostinkorttikoulutus\/#website"},"primaryImageOfPage":{"@id":"https:\/\/simeri.fi\/henkilonostinkorttikoulutus\/ipaf-henkilonostinkortti\/#primaryimage"},"image":{"@id":"https:\/\/simeri.fi\/henkilonostinkorttikoulutus\/ipaf-henkilonostinkortti\/#primaryimage"},"thumbnailUrl":"https:\/\/simeri.fi\/henkilonostinkorttikoulutus\/wp-content\/uploads\/sites\/3\/2019\/04\/IPAF-SIMERI.jpg","datePublished":"2018-11-12T08:40:45+00:00","dateModified":"2025-11-27T11:50:20+00:00","description":"IPAF henkil\u00f6nostinkortti. IPAF:n koulutusohjelma on henkil\u00f6nostinalan ammattilaisten kehitt\u00e4m\u00e4. Koulutuksen suoritettuasi saat kansainv\u00e4lisen PAL-kortin.","breadcrumb":{"@id":"https:\/\/simeri.fi\/henkilonostinkorttikoulutus\/ipaf-henkilonostinkortti\/#breadcrumb"},"inLanguage":"fi","potentialAction":[{"@type":"ReadAction","target":["https:\/\/simeri.fi\/henkilonostinkorttikoulutus\/ipaf-henkilonostinkortti\/"]}]},{"@type":"ImageObject","inLanguage":"fi","@id":"https:\/\/simeri.fi\/henkilonostinkorttikoulutus\/ipaf-henkilonostinkortti\/#primaryimage","url":"https:\/\/simeri.fi\/henkilonostinkorttikoulutus\/wp-content\/uploads\/sites\/3\/2019\/04\/IPAF-SIMERI.jpg","contentUrl":"https:\/\/simeri.fi\/henkilonostinkorttikoulutus\/wp-content\/uploads\/sites\/3\/2019\/04\/IPAF-SIMERI.jpg","width":540,"height":170},{"@type":"BreadcrumbList","@id":"https:\/\/simeri.fi\/henkilonostinkorttikoulutus\/ipaf-henkilonostinkortti\/#breadcrumb","itemListElement":[{"@type":"ListItem","position":1,"name":"Home","item":"https:\/\/simeri.fi\/henkilonostinkorttikoulutus\/"},{"@type":"ListItem","position":2,"name":"IPAF henkil\u00f6nostinkortti"}]},{"@type":"WebSite","@id":"https:\/\/simeri.fi\/henkilonostinkorttikoulutus\/#website","url":"https:\/\/simeri.fi\/henkilonostinkorttikoulutus\/","name":"Simeri - IPAF - henkil\u00f6nostinkortti koulutukset","description":"","publisher":{"@id":"https:\/\/simeri.fi\/henkilonostinkorttikoulutus\/#organization"},"potentialAction":[{"@type":"SearchAction","target":{"@type":"EntryPoint","urlTemplate":"https:\/\/simeri.fi\/henkilonostinkorttikoulutus\/?s={search_term_string}"},"query-input":{"@type":"PropertyValueSpecification","valueRequired":true,"valueName":"search_term_string"}}],"inLanguage":"fi"},{"@type":"Organization","@id":"https:\/\/simeri.fi\/henkilonostinkorttikoulutus\/#organization","name":"Simeri - IPAF - henkil\u00f6nostinkortti koulutukset","url":"https:\/\/simeri.fi\/henkilonostinkorttikoulutus\/","logo":{"@type":"ImageObject","inLanguage":"fi","@id":"https:\/\/simeri.fi\/henkilonostinkorttikoulutus\/#\/schema\/logo\/image\/","url":"https:\/\/simeri.fi\/henkilonostinkorttikoulutus\/wp-content\/uploads\/sites\/3\/2020\/09\/simeri-ipaf-logo-2.jpg","contentUrl":"https:\/\/simeri.fi\/henkilonostinkorttikoulutus\/wp-content\/uploads\/sites\/3\/2020\/09\/simeri-ipaf-logo-2.jpg","width":307,"height":49,"caption":"Simeri - IPAF - henkil\u00f6nostinkortti koulutukset"},"image":{"@id":"https:\/\/simeri.fi\/henkilonostinkorttikoulutus\/#\/schema\/logo\/image\/"}}]}},"_links":{"self":[{"href":"https:\/\/simeri.fi\/henkilonostinkorttikoulutus\/wp-json\/wp\/v2\/pages\/119","targetHints":{"allow":["GET"]}}],"collection":[{"href":"https:\/\/simeri.fi\/henkilonostinkorttikoulutus\/wp-json\/wp\/v2\/pages"}],"about":[{"href":"https:\/\/simeri.fi\/henkilonostinkorttikoulutus\/wp-json\/wp\/v2\/types\/page"}],"author":[{"embeddable":true,"href":"https:\/\/simeri.fi\/henkilonostinkorttikoulutus\/wp-json\/wp\/v2\/users\/1"}],"replies":[{"embeddable":true,"href":"https:\/\/simeri.fi\/henkilonostinkorttikoulutus\/wp-json\/wp\/v2\/comments?post=119"}],"version-history":[{"count":4,"href":"https:\/\/simeri.fi\/henkilonostinkorttikoulutus\/wp-json\/wp\/v2\/pages\/119\/revisions"}],"predecessor-version":[{"id":274,"href":"https:\/\/simeri.fi\/henkilonostinkorttikoulutus\/wp-json\/wp\/v2\/pages\/119\/revisions\/274"}],"wp:attachment":[{"href":"https:\/\/simeri.fi\/henkilonostinkorttikoulutus\/wp-json\/wp\/v2\/media?parent=119"}],"curies":[{"name":"wp","href":"https:\/\/api.w.org\/{rel}","templated":true}]}}