{"id":16,"date":"2018-11-13T08:29:31","date_gmt":"2018-11-13T06:29:31","guid":{"rendered":"https:\/\/demo.eccola.fi\/sim-ipaf-2018\/?page_id=16"},"modified":"2025-12-08T11:22:02","modified_gmt":"2025-12-08T09:22:02","slug":"ipaf-koulutus","status":"publish","type":"page","link":"https:\/\/simeri.fi\/henkilonostinkorttikoulutus\/","title":{"rendered":"Henkil\u00f6nostinkorttikoulutus"},"content":{"rendered":"<h2>IPAF &#8211; henkil\u00f6nostinkorttikoulutus<\/h2>\n<h3>MIK\u00c4 ON IPAF?<\/h3>\n<p><a href=\"https:\/\/www.ipaf.org\/en\">IPAF<\/a> (The International Powered Access Federation) on j\u00e4rjest\u00f6, joka edist\u00e4\u00e4 turvallista ja tehokasta ty\u00f6skentely\u00e4 henkil\u00f6nostimilla maailmanlaajuisesti.<\/p>\n<p>IPAF tarjoaa teknist\u00e4 tietoa ja neuvoja, vaikuttaa lains\u00e4\u00e4d\u00e4nt\u00f6\u00f6n ja tulkitsee lakeja sek\u00e4 tekee aloitteita turvallisuuden parantamiseksi rakennusalalla. Keskeinen toiminnan muoto on koulutusohjelmat henkil\u00f6ille, joiden ty\u00f6 tavalla tai toisella liittyy henkil\u00f6nostimiin.<\/p>\n<p>Henkil\u00f6nostinkorttikoulutukset toteutetaan IPAF:n akkreditoimissa koulutuskeskuksissa eri puolilla maailmaa. Koulutuskeskusten verkoston kautta koulutetaan vuosittain yli 150 000 k\u00e4ytt\u00e4j\u00e4\u00e4.<\/p>\n<p><a href=\"https:\/\/simeri.fi\">Simeri<\/a> on ensimm\u00e4isen\u00e4 Suomessa saanut oikeuden j\u00e4rjest\u00e4\u00e4 kansainv\u00e4lisi\u00e4 IPAF-henkil\u00f6nostinkorttikoulutuksia kaiken tyyppisten henkil\u00f6nostinten k\u00e4ytt\u00e4jille.<\/p>\n<div style=\"height:20px;\"><\/div>\n<div class=\"row\">\n<div class=\"columns large-6\">\n<a class=\"button large\" href=\"\/henkilonostinkorttikoulutus\/varaa-koulutus\">VARAA\u00a0KOULUTUS<\/a>\n<\/div>\n<div class=\"columns large-6\">\n<a class=\"button large\" href=\"https:\/\/www.ipaf.org\/en\/resource-library?term_node_tid_depth=All&#038;combine=%22andy%20access%22#views-exposed-form-resources-resources-library\">IPAF TIETOPAKETTEJA<\/a>\n<\/div>\n<\/div>\n","protected":false},"excerpt":{"rendered":"<p>IPAF &#8211; henkil\u00f6nostinkorttikoulutus MIK\u00c4 ON IPAF? IPAF (The International Powered Access Federation) on j\u00e4rjest\u00f6, joka edist\u00e4\u00e4 turvallista ja tehokasta ty\u00f6skentely\u00e4 henkil\u00f6nostimilla maailmanlaajuisesti. IPAF tarjoaa teknist\u00e4 tietoa ja neuvoja, vaikuttaa lains\u00e4\u00e4d\u00e4nt\u00f6\u00f6n ja tulkitsee lakeja sek\u00e4 tekee aloitteita turvallisuuden parantamiseksi rakennusalalla. Keskeinen toiminnan muoto on koulutusohjelmat henkil\u00f6ille, joiden ty\u00f6 tavalla tai toisella liittyy henkil\u00f6nostimiin. Henkil\u00f6nostinkorttikoulutukset toteutetaan IPAF:n [&hellip;]<\/p>\n","protected":false},"author":1,"featured_media":98,"parent":0,"menu_order":0,"comment_status":"closed","ping_status":"closed","template":"frontpage.php","meta":{"_acf_changed":false,"footnotes":""},"class_list":["post-16","page","type-page","status-publish","has-post-thumbnail","hentry"],"acf":[],"yoast_head":"<!-- This site is optimized with the Yoast SEO plugin v27.3 - https:\/\/yoast.com\/product\/yoast-seo-wordpress\/ -->\n<title>Henkil\u00f6nostinkorttikoulutus - Simeri - IPAF - henkil\u00f6nostinkortti koulutukset<\/title>\n<meta name=\"description\" content=\"Henkil\u00f6nostinkorttikoulutus. IPAF on j\u00e4rjest\u00f6 joka edist\u00e4\u00e4 turvallista ty\u00f6skentely\u00e4 henkil\u00f6nostimilla. Simeri j\u00e4rjest\u00e4\u00e4 IPAF henkil\u00f6nostinkorttikoulutuksia.\" \/>\n<meta name=\"robots\" content=\"index, follow, max-snippet:-1, max-image-preview:large, max-video-preview:-1\" \/>\n<link rel=\"canonical\" href=\"https:\/\/simeri.fi\/henkilonostinkorttikoulutus\/\" \/>\n<meta property=\"og:locale\" content=\"fi_FI\" \/>\n<meta property=\"og:type\" content=\"article\" \/>\n<meta property=\"og:title\" content=\"Henkil\u00f6nostinkorttikoulutus - Simeri - IPAF - henkil\u00f6nostinkortti koulutukset\" \/>\n<meta property=\"og:description\" content=\"Henkil\u00f6nostinkorttikoulutus. IPAF on j\u00e4rjest\u00f6 joka edist\u00e4\u00e4 turvallista ty\u00f6skentely\u00e4 henkil\u00f6nostimilla. Simeri j\u00e4rjest\u00e4\u00e4 IPAF henkil\u00f6nostinkorttikoulutuksia.\" \/>\n<meta property=\"og:url\" content=\"https:\/\/simeri.fi\/henkilonostinkorttikoulutus\/\" \/>\n<meta property=\"og:site_name\" content=\"Simeri - IPAF - henkil\u00f6nostinkortti koulutukset\" \/>\n<meta property=\"article:modified_time\" content=\"2025-12-08T09:22:02+00:00\" \/>\n<meta property=\"og:image\" content=\"https:\/\/simeri.fi\/henkilonostinkorttikoulutus\/wp-content\/uploads\/sites\/3\/2019\/02\/IPAF-approved-trainig-centre.jpg\" \/>\n\t<meta property=\"og:image:width\" content=\"900\" \/>\n\t<meta property=\"og:image:height\" content=\"500\" \/>\n\t<meta property=\"og:image:type\" content=\"image\/jpeg\" \/>\n<meta name=\"twitter:card\" content=\"summary_large_image\" \/>\n<meta name=\"twitter:label1\" content=\"Arvioitu lukuaika\" \/>\n\t<meta name=\"twitter:data1\" content=\"1 minuutti\" \/>\n<script type=\"application\/ld+json\" class=\"yoast-schema-graph\">{\"@context\":\"https:\\\/\\\/schema.org\",\"@graph\":[{\"@type\":\"WebPage\",\"@id\":\"https:\\\/\\\/simeri.fi\\\/henkilonostinkorttikoulutus\\\/\",\"url\":\"https:\\\/\\\/simeri.fi\\\/henkilonostinkorttikoulutus\\\/\",\"name\":\"Henkil\u00f6nostinkorttikoulutus - Simeri - IPAF - henkil\u00f6nostinkortti koulutukset\",\"isPartOf\":{\"@id\":\"https:\\\/\\\/simeri.fi\\\/henkilonostinkorttikoulutus\\\/#website\"},\"primaryImageOfPage\":{\"@id\":\"https:\\\/\\\/simeri.fi\\\/henkilonostinkorttikoulutus\\\/#primaryimage\"},\"image\":{\"@id\":\"https:\\\/\\\/simeri.fi\\\/henkilonostinkorttikoulutus\\\/#primaryimage\"},\"thumbnailUrl\":\"https:\\\/\\\/simeri.fi\\\/henkilonostinkorttikoulutus\\\/wp-content\\\/uploads\\\/sites\\\/3\\\/2019\\\/02\\\/IPAF-approved-trainig-centre.jpg\",\"datePublished\":\"2018-11-13T06:29:31+00:00\",\"dateModified\":\"2025-12-08T09:22:02+00:00\",\"description\":\"Henkil\u00f6nostinkorttikoulutus. IPAF on j\u00e4rjest\u00f6 joka edist\u00e4\u00e4 turvallista ty\u00f6skentely\u00e4 henkil\u00f6nostimilla. Simeri j\u00e4rjest\u00e4\u00e4 IPAF henkil\u00f6nostinkorttikoulutuksia.\",\"breadcrumb\":{\"@id\":\"https:\\\/\\\/simeri.fi\\\/henkilonostinkorttikoulutus\\\/#breadcrumb\"},\"inLanguage\":\"fi\",\"potentialAction\":[{\"@type\":\"ReadAction\",\"target\":[\"https:\\\/\\\/simeri.fi\\\/henkilonostinkorttikoulutus\\\/\"]}]},{\"@type\":\"ImageObject\",\"inLanguage\":\"fi\",\"@id\":\"https:\\\/\\\/simeri.fi\\\/henkilonostinkorttikoulutus\\\/#primaryimage\",\"url\":\"https:\\\/\\\/simeri.fi\\\/henkilonostinkorttikoulutus\\\/wp-content\\\/uploads\\\/sites\\\/3\\\/2019\\\/02\\\/IPAF-approved-trainig-centre.jpg\",\"contentUrl\":\"https:\\\/\\\/simeri.fi\\\/henkilonostinkorttikoulutus\\\/wp-content\\\/uploads\\\/sites\\\/3\\\/2019\\\/02\\\/IPAF-approved-trainig-centre.jpg\",\"width\":900,\"height\":500,\"caption\":\"Henkil\u00f6nostinkortti\"},{\"@type\":\"BreadcrumbList\",\"@id\":\"https:\\\/\\\/simeri.fi\\\/henkilonostinkorttikoulutus\\\/#breadcrumb\",\"itemListElement\":[{\"@type\":\"ListItem\",\"position\":1,\"name\":\"Home\",\"item\":\"https:\\\/\\\/simeri.fi\\\/henkilonostinkorttikoulutus\\\/\"},{\"@type\":\"ListItem\",\"position\":2,\"name\":\"Henkil\u00f6nostinkorttikoulutus\"}]},{\"@type\":\"WebSite\",\"@id\":\"https:\\\/\\\/simeri.fi\\\/henkilonostinkorttikoulutus\\\/#website\",\"url\":\"https:\\\/\\\/simeri.fi\\\/henkilonostinkorttikoulutus\\\/\",\"name\":\"Simeri - IPAF - henkil\u00f6nostinkortti koulutukset\",\"description\":\"\",\"publisher\":{\"@id\":\"https:\\\/\\\/simeri.fi\\\/henkilonostinkorttikoulutus\\\/#organization\"},\"potentialAction\":[{\"@type\":\"SearchAction\",\"target\":{\"@type\":\"EntryPoint\",\"urlTemplate\":\"https:\\\/\\\/simeri.fi\\\/henkilonostinkorttikoulutus\\\/?s={search_term_string}\"},\"query-input\":{\"@type\":\"PropertyValueSpecification\",\"valueRequired\":true,\"valueName\":\"search_term_string\"}}],\"inLanguage\":\"fi\"},{\"@type\":\"Organization\",\"@id\":\"https:\\\/\\\/simeri.fi\\\/henkilonostinkorttikoulutus\\\/#organization\",\"name\":\"Simeri - IPAF - henkil\u00f6nostinkortti koulutukset\",\"url\":\"https:\\\/\\\/simeri.fi\\\/henkilonostinkorttikoulutus\\\/\",\"logo\":{\"@type\":\"ImageObject\",\"inLanguage\":\"fi\",\"@id\":\"https:\\\/\\\/simeri.fi\\\/henkilonostinkorttikoulutus\\\/#\\\/schema\\\/logo\\\/image\\\/\",\"url\":\"https:\\\/\\\/simeri.fi\\\/henkilonostinkorttikoulutus\\\/wp-content\\\/uploads\\\/sites\\\/3\\\/2020\\\/09\\\/simeri-ipaf-logo-2.jpg\",\"contentUrl\":\"https:\\\/\\\/simeri.fi\\\/henkilonostinkorttikoulutus\\\/wp-content\\\/uploads\\\/sites\\\/3\\\/2020\\\/09\\\/simeri-ipaf-logo-2.jpg\",\"width\":307,\"height\":49,\"caption\":\"Simeri - IPAF - henkil\u00f6nostinkortti koulutukset\"},\"image\":{\"@id\":\"https:\\\/\\\/simeri.fi\\\/henkilonostinkorttikoulutus\\\/#\\\/schema\\\/logo\\\/image\\\/\"}}]}<\/script>\n<!-- \/ Yoast SEO plugin. -->","yoast_head_json":{"title":"Henkil\u00f6nostinkorttikoulutus - Simeri - IPAF - henkil\u00f6nostinkortti koulutukset","description":"Henkil\u00f6nostinkorttikoulutus. IPAF on j\u00e4rjest\u00f6 joka edist\u00e4\u00e4 turvallista ty\u00f6skentely\u00e4 henkil\u00f6nostimilla. Simeri j\u00e4rjest\u00e4\u00e4 IPAF henkil\u00f6nostinkorttikoulutuksia.","robots":{"index":"index","follow":"follow","max-snippet":"max-snippet:-1","max-image-preview":"max-image-preview:large","max-video-preview":"max-video-preview:-1"},"canonical":"https:\/\/simeri.fi\/henkilonostinkorttikoulutus\/","og_locale":"fi_FI","og_type":"article","og_title":"Henkil\u00f6nostinkorttikoulutus - Simeri - IPAF - henkil\u00f6nostinkortti koulutukset","og_description":"Henkil\u00f6nostinkorttikoulutus. IPAF on j\u00e4rjest\u00f6 joka edist\u00e4\u00e4 turvallista ty\u00f6skentely\u00e4 henkil\u00f6nostimilla. Simeri j\u00e4rjest\u00e4\u00e4 IPAF henkil\u00f6nostinkorttikoulutuksia.","og_url":"https:\/\/simeri.fi\/henkilonostinkorttikoulutus\/","og_site_name":"Simeri - IPAF - henkil\u00f6nostinkortti koulutukset","article_modified_time":"2025-12-08T09:22:02+00:00","og_image":[{"width":900,"height":500,"url":"https:\/\/simeri.fi\/henkilonostinkorttikoulutus\/wp-content\/uploads\/sites\/3\/2019\/02\/IPAF-approved-trainig-centre.jpg","type":"image\/jpeg"}],"twitter_card":"summary_large_image","twitter_misc":{"Arvioitu lukuaika":"1 minuutti"},"schema":{"@context":"https:\/\/schema.org","@graph":[{"@type":"WebPage","@id":"https:\/\/simeri.fi\/henkilonostinkorttikoulutus\/","url":"https:\/\/simeri.fi\/henkilonostinkorttikoulutus\/","name":"Henkil\u00f6nostinkorttikoulutus - Simeri - IPAF - henkil\u00f6nostinkortti koulutukset","isPartOf":{"@id":"https:\/\/simeri.fi\/henkilonostinkorttikoulutus\/#website"},"primaryImageOfPage":{"@id":"https:\/\/simeri.fi\/henkilonostinkorttikoulutus\/#primaryimage"},"image":{"@id":"https:\/\/simeri.fi\/henkilonostinkorttikoulutus\/#primaryimage"},"thumbnailUrl":"https:\/\/simeri.fi\/henkilonostinkorttikoulutus\/wp-content\/uploads\/sites\/3\/2019\/02\/IPAF-approved-trainig-centre.jpg","datePublished":"2018-11-13T06:29:31+00:00","dateModified":"2025-12-08T09:22:02+00:00","description":"Henkil\u00f6nostinkorttikoulutus. IPAF on j\u00e4rjest\u00f6 joka edist\u00e4\u00e4 turvallista ty\u00f6skentely\u00e4 henkil\u00f6nostimilla. Simeri j\u00e4rjest\u00e4\u00e4 IPAF henkil\u00f6nostinkorttikoulutuksia.","breadcrumb":{"@id":"https:\/\/simeri.fi\/henkilonostinkorttikoulutus\/#breadcrumb"},"inLanguage":"fi","potentialAction":[{"@type":"ReadAction","target":["https:\/\/simeri.fi\/henkilonostinkorttikoulutus\/"]}]},{"@type":"ImageObject","inLanguage":"fi","@id":"https:\/\/simeri.fi\/henkilonostinkorttikoulutus\/#primaryimage","url":"https:\/\/simeri.fi\/henkilonostinkorttikoulutus\/wp-content\/uploads\/sites\/3\/2019\/02\/IPAF-approved-trainig-centre.jpg","contentUrl":"https:\/\/simeri.fi\/henkilonostinkorttikoulutus\/wp-content\/uploads\/sites\/3\/2019\/02\/IPAF-approved-trainig-centre.jpg","width":900,"height":500,"caption":"Henkil\u00f6nostinkortti"},{"@type":"BreadcrumbList","@id":"https:\/\/simeri.fi\/henkilonostinkorttikoulutus\/#breadcrumb","itemListElement":[{"@type":"ListItem","position":1,"name":"Home","item":"https:\/\/simeri.fi\/henkilonostinkorttikoulutus\/"},{"@type":"ListItem","position":2,"name":"Henkil\u00f6nostinkorttikoulutus"}]},{"@type":"WebSite","@id":"https:\/\/simeri.fi\/henkilonostinkorttikoulutus\/#website","url":"https:\/\/simeri.fi\/henkilonostinkorttikoulutus\/","name":"Simeri - IPAF - henkil\u00f6nostinkortti koulutukset","description":"","publisher":{"@id":"https:\/\/simeri.fi\/henkilonostinkorttikoulutus\/#organization"},"potentialAction":[{"@type":"SearchAction","target":{"@type":"EntryPoint","urlTemplate":"https:\/\/simeri.fi\/henkilonostinkorttikoulutus\/?s={search_term_string}"},"query-input":{"@type":"PropertyValueSpecification","valueRequired":true,"valueName":"search_term_string"}}],"inLanguage":"fi"},{"@type":"Organization","@id":"https:\/\/simeri.fi\/henkilonostinkorttikoulutus\/#organization","name":"Simeri - IPAF - henkil\u00f6nostinkortti koulutukset","url":"https:\/\/simeri.fi\/henkilonostinkorttikoulutus\/","logo":{"@type":"ImageObject","inLanguage":"fi","@id":"https:\/\/simeri.fi\/henkilonostinkorttikoulutus\/#\/schema\/logo\/image\/","url":"https:\/\/simeri.fi\/henkilonostinkorttikoulutus\/wp-content\/uploads\/sites\/3\/2020\/09\/simeri-ipaf-logo-2.jpg","contentUrl":"https:\/\/simeri.fi\/henkilonostinkorttikoulutus\/wp-content\/uploads\/sites\/3\/2020\/09\/simeri-ipaf-logo-2.jpg","width":307,"height":49,"caption":"Simeri - IPAF - henkil\u00f6nostinkortti koulutukset"},"image":{"@id":"https:\/\/simeri.fi\/henkilonostinkorttikoulutus\/#\/schema\/logo\/image\/"}}]}},"_links":{"self":[{"href":"https:\/\/simeri.fi\/henkilonostinkorttikoulutus\/wp-json\/wp\/v2\/pages\/16","targetHints":{"allow":["GET"]}}],"collection":[{"href":"https:\/\/simeri.fi\/henkilonostinkorttikoulutus\/wp-json\/wp\/v2\/pages"}],"about":[{"href":"https:\/\/simeri.fi\/henkilonostinkorttikoulutus\/wp-json\/wp\/v2\/types\/page"}],"author":[{"embeddable":true,"href":"https:\/\/simeri.fi\/henkilonostinkorttikoulutus\/wp-json\/wp\/v2\/users\/1"}],"replies":[{"embeddable":true,"href":"https:\/\/simeri.fi\/henkilonostinkorttikoulutus\/wp-json\/wp\/v2\/comments?post=16"}],"version-history":[{"count":15,"href":"https:\/\/simeri.fi\/henkilonostinkorttikoulutus\/wp-json\/wp\/v2\/pages\/16\/revisions"}],"predecessor-version":[{"id":282,"href":"https:\/\/simeri.fi\/henkilonostinkorttikoulutus\/wp-json\/wp\/v2\/pages\/16\/revisions\/282"}],"wp:featuredmedia":[{"embeddable":true,"href":"https:\/\/simeri.fi\/henkilonostinkorttikoulutus\/wp-json\/wp\/v2\/media\/98"}],"wp:attachment":[{"href":"https:\/\/simeri.fi\/henkilonostinkorttikoulutus\/wp-json\/wp\/v2\/media?parent=16"}],"curies":[{"name":"wp","href":"https:\/\/api.w.org\/{rel}","templated":true}]}}