{"id":245,"date":"2024-02-26T15:31:28","date_gmt":"2024-02-26T13:31:28","guid":{"rendered":"https:\/\/simeri.fi\/henkilonostinkorttikoulutus\/?page_id=245"},"modified":"2026-01-19T12:37:47","modified_gmt":"2026-01-19T10:37:47","slug":"varaa-koulutus","status":"publish","type":"page","link":"https:\/\/simeri.fi\/henkilonostinkorttikoulutus\/varaa-koulutus\/","title":{"rendered":"Varaa koulutus"},"content":{"rendered":"<p>IPAF henkil\u00f6nostinkorttikoulutuksia j\u00e4rjestet\u00e4\u00e4n Simerin toimitiloissa Espoossa. Koulutus kest\u00e4\u00e4 p\u00e4iv\u00e4n ja se toteutetaan klo 8.30-16.00.<\/p>\n<p>Koulutuksen hinta on 350\u20ac + Alv 24%. Kysy tarjous isommille ryhmille.<\/p>\n<p>Avoimien kurssien lis\u00e4ksi j\u00e4rjest\u00e4mme yrityskohtaisia kursseja, my\u00f6s asiakkaan tiloissa. Yrityskohtaisten kurssien ajat sovitaan erikseen.<\/p>\n<p>Koulutukset voidaan j\u00e4rjest\u00e4\u00e4 Suomeksi, Englanniksi, Viroksi ja Ven\u00e4j\u00e4ksi.<\/p>\n<p><a class=\"button medium\" href=\"https:\/\/simeri.fi\/henkilonostinkorttikoulutus\/koulutuksen-peruutusehdot\/\">KOULUTUKSEN PERUUTUSEHDOT&nbsp;&raquo;<\/a><\/p>\n\n<div class=\"wpcf7 no-js\" id=\"wpcf7-f4-o1\" lang=\"fi\" dir=\"ltr\" data-wpcf7-id=\"4\">\n<div class=\"screen-reader-response\"><p role=\"status\" aria-live=\"polite\" aria-atomic=\"true\"><\/p> <ul><\/ul><\/div>\n<form action=\"\/henkilonostinkorttikoulutus\/wp-json\/wp\/v2\/pages\/245#wpcf7-f4-o1\" method=\"post\" class=\"wpcf7-form init\" aria-label=\"Yhteydenottolomake\" novalidate=\"novalidate\" data-status=\"init\">\n<fieldset class=\"hidden-fields-container\"><input type=\"hidden\" name=\"_wpcf7\" value=\"4\" \/><input type=\"hidden\" name=\"_wpcf7_version\" value=\"6.1.5\" \/><input type=\"hidden\" name=\"_wpcf7_locale\" value=\"fi\" \/><input type=\"hidden\" name=\"_wpcf7_unit_tag\" value=\"wpcf7-f4-o1\" \/><input type=\"hidden\" name=\"_wpcf7_container_post\" value=\"0\" \/><input type=\"hidden\" name=\"_wpcf7_posted_data_hash\" value=\"\" \/>\n<\/fieldset>\n<p><label> Nimi (*)<br \/>\n<span class=\"wpcf7-form-control-wrap\" data-name=\"nimi\"><input size=\"40\" maxlength=\"400\" class=\"wpcf7-form-control wpcf7-text wpcf7-validates-as-required\" aria-required=\"true\" aria-invalid=\"false\" value=\"\" type=\"text\" name=\"nimi\" \/><\/span> <\/label>\n<\/p>\n<p><label> S\u00e4hk\u00f6posti (*)<br \/>\n<span class=\"wpcf7-form-control-wrap\" data-name=\"email\"><input size=\"40\" maxlength=\"400\" class=\"wpcf7-form-control wpcf7-email wpcf7-validates-as-required wpcf7-text wpcf7-validates-as-email\" aria-required=\"true\" aria-invalid=\"false\" value=\"\" type=\"email\" name=\"email\" \/><\/span> <\/label>\n<\/p>\n<p><label>Puhelin (*)<br \/>\n<span class=\"wpcf7-form-control-wrap\" data-name=\"puhelin\"><input size=\"40\" maxlength=\"400\" class=\"wpcf7-form-control wpcf7-text\" aria-invalid=\"false\" value=\"\" type=\"text\" name=\"puhelin\" \/><\/span> <\/label>\n<\/p>\n<p><label>Yritys (*)<br \/>\n<span class=\"wpcf7-form-control-wrap\" data-name=\"yritys\"><input size=\"40\" maxlength=\"400\" class=\"wpcf7-form-control wpcf7-text\" aria-invalid=\"false\" value=\"\" type=\"text\" name=\"yritys\" \/><\/span> <\/label>\n<\/p>\n<p><label> Laskutustiedot (*)<br \/>\n<span class=\"wpcf7-form-control-wrap\" data-name=\"laskutustiedot\"><textarea cols=\"40\" rows=\"10\" maxlength=\"2000\" class=\"wpcf7-form-control wpcf7-textarea\" aria-invalid=\"false\" name=\"laskutustiedot\"><\/textarea><\/span> <\/label>\n<\/p>\n<p><label> Muut osallistujat (*)<br \/>\n<span class=\"wpcf7-form-control-wrap\" data-name=\"osallistujat\"><textarea cols=\"40\" rows=\"10\" maxlength=\"2000\" class=\"wpcf7-form-control wpcf7-textarea wpcf7-validates-as-required\" aria-required=\"true\" aria-invalid=\"false\" name=\"osallistujat\"><\/textarea><\/span> <\/label>\n<\/p>\n<p>Koulutuskategoriat (*)<br \/>\n<span class=\"wpcf7-form-control-wrap\" data-name=\"kategoriat\"><span class=\"wpcf7-form-control wpcf7-checkbox wpcf7-validates-as-required\"><span class=\"wpcf7-list-item first\"><label><input type=\"checkbox\" name=\"kategoriat[]\" value=\"1a\" \/><span class=\"wpcf7-list-item-label\">1a<\/span><\/label><\/span><span class=\"wpcf7-list-item\"><label><input type=\"checkbox\" name=\"kategoriat[]\" value=\"1b\" \/><span class=\"wpcf7-list-item-label\">1b<\/span><\/label><\/span><span class=\"wpcf7-list-item\"><label><input type=\"checkbox\" name=\"kategoriat[]\" value=\"3a\" \/><span class=\"wpcf7-list-item-label\">3a<\/span><\/label><\/span><span class=\"wpcf7-list-item last\"><label><input type=\"checkbox\" name=\"kategoriat[]\" value=\"3b\" \/><span class=\"wpcf7-list-item-label\">3b<\/span><\/label><\/span><\/span><\/span>\n<\/p>\n<p>Koulutuskielet (*)<br \/>\n<span class=\"wpcf7-form-control-wrap\" data-name=\"koulutuskielet\"><span class=\"wpcf7-form-control wpcf7-checkbox wpcf7-validates-as-required\"><span class=\"wpcf7-list-item first\"><label><input type=\"checkbox\" name=\"koulutuskielet[]\" value=\"Suomi\" \/><span class=\"wpcf7-list-item-label\">Suomi<\/span><\/label><\/span><span class=\"wpcf7-list-item\"><label><input type=\"checkbox\" name=\"koulutuskielet[]\" value=\"Englanti\" \/><span class=\"wpcf7-list-item-label\">Englanti<\/span><\/label><\/span><span class=\"wpcf7-list-item\"><label><input type=\"checkbox\" name=\"koulutuskielet[]\" value=\"Viro\" \/><span class=\"wpcf7-list-item-label\">Viro<\/span><\/label><\/span><span class=\"wpcf7-list-item last\"><label><input type=\"checkbox\" name=\"koulutuskielet[]\" value=\"Ven\u00e4j\u00e4\" \/><span class=\"wpcf7-list-item-label\">Ven\u00e4j\u00e4<\/span><\/label><\/span><\/span><\/span>\n<\/p>\n<p><label> Itsearviointi aikaisemmasta henkil\u00f6nostinkokemuksesta (*)<br \/>\n<span class=\"wpcf7-form-control-wrap\" data-name=\"arviointini\"><select class=\"wpcf7-form-control wpcf7-select\" aria-invalid=\"false\" name=\"arviointini\"><option value=\"1\">1<\/option><option value=\"2\">2<\/option><option value=\"3\">3<\/option><option value=\"4\">4<\/option><option value=\"5\">5<\/option><\/select><\/span> <\/label>\n<\/p>\n<p><label> Hyv\u00e4ksyn koulutuksen peruutusehdot (*)<br \/>\n<span class=\"wpcf7-form-control-wrap\" data-name=\"hyvaksynta\"><span class=\"wpcf7-form-control wpcf7-acceptance\"><span class=\"wpcf7-list-item\"><input type=\"checkbox\" name=\"hyvaksynta\" value=\"1\" aria-invalid=\"false\" \/><\/span><\/span><\/span><\/label>\n<\/p>\n<p><input class=\"wpcf7-form-control wpcf7-submit has-spinner button medium\" type=\"submit\" value=\"L\u00e4het\u00e4\" \/>\n<\/p><div class=\"wpcf7-response-output\" aria-hidden=\"true\"><\/div>\n<\/form>\n<\/div>\n\n<hr \/>\n<h3 class=\"text-center\">Lis\u00e4tietoja<\/h3>\n<div class=\"row\">\n<div class=\"columns large-10 large-centered\">\n<div class=\"row small-up-1 medium-up-2 large-up-2\">\n<div class=\"columns column-block\">\n<p><img loading=\"lazy\" decoding=\"async\" class=\"alignnone size-full\" src=\"https:\/\/simeri.fi\/wp-content\/uploads\/2026\/01\/heikki-juuri-oja-800.jpg\" alt=\"\" width=\"800\" height=\"800\" \/><br \/>\n<strong>Heikki Juuri-Oja<\/strong><br \/>\nKoulutus- ja myyntip\u00e4\u00e4llikk\u00f6<br \/>\nIPAF &#8211; Simeri<br \/>\n<a href=\"tel:+358 40 187 1991\">+358 40 187 1991<\/a><\/p>\n<\/div>\n<div class=\"columns column-block\">\n<p><img loading=\"lazy\" decoding=\"async\" class=\"alignnone size-full wp-image-23406\" src=\"https:\/\/simeri.fi\/wp-content\/uploads\/2025\/10\/pekka-kolehmainen.jpg\" alt=\"\" width=\"800\" height=\"800\" \/><br \/>\n<strong>Pekka Kolehmainen<\/strong><br \/>\nSenior advisor, mob<br \/>\n<a href=\"mailto:pekka.kolehmainen@simeri.fi\">pekka.kolehmainen@simeri.fi<\/a><br \/>\n<a href=\"tel:+358 400 440 431\">+358 400 440 431<\/a><br \/>\n<a class=\"success button medium\" href=\"https:\/\/wa.me\/358400440431\"><i class=\"fab fa-whatsapp\"><\/i> WhatsApp<\/a><\/p>\n<\/div>\n<\/div>\n<\/div>\n<\/div>\n","protected":false},"excerpt":{"rendered":"<p>IPAF henkil\u00f6nostinkorttikoulutuksia j\u00e4rjestet\u00e4\u00e4n Simerin toimitiloissa Espoossa. Koulutus kest\u00e4\u00e4 p\u00e4iv\u00e4n ja se toteutetaan klo 8.30-16.00. Koulutuksen hinta on 350\u20ac + Alv 24%. Kysy tarjous isommille ryhmille. Avoimien kurssien lis\u00e4ksi j\u00e4rjest\u00e4mme yrityskohtaisia kursseja, my\u00f6s asiakkaan tiloissa. Yrityskohtaisten kurssien ajat sovitaan erikseen. Koulutukset voidaan j\u00e4rjest\u00e4\u00e4 Suomeksi, Englanniksi, Viroksi ja Ven\u00e4j\u00e4ksi. KOULUTUKSEN PERUUTUSEHDOT&nbsp;&raquo; Lis\u00e4tietoja Heikki Juuri-Oja Koulutus- ja myyntip\u00e4\u00e4llikk\u00f6 [&hellip;]<\/p>\n","protected":false},"author":6,"featured_media":0,"parent":0,"menu_order":0,"comment_status":"closed","ping_status":"closed","template":"","meta":{"_acf_changed":false,"footnotes":""},"class_list":["post-245","page","type-page","status-publish","hentry"],"acf":[],"yoast_head":"<!-- This site is optimized with the Yoast SEO plugin v27.4 - https:\/\/yoast.com\/product\/yoast-seo-wordpress\/ -->\n<title>Varaa koulutus - Simeri - IPAF - henkil\u00f6nostinkortti koulutukset<\/title>\n<meta name=\"description\" content=\"IPAF henkil\u00f6nostinkorttikoulutuksia j\u00e4rjestet\u00e4\u00e4n Simerin toimitiloissa Espoossa. Avoimien kurssien lis\u00e4ksi j\u00e4rjest\u00e4mme yrityskohtaisia kursseja, my\u00f6s asiakkaan tiloissa.\" \/>\n<meta name=\"robots\" content=\"index, follow, max-snippet:-1, max-image-preview:large, max-video-preview:-1\" \/>\n<link rel=\"canonical\" href=\"https:\/\/simeri.fi\/henkilonostinkorttikoulutus\/varaa-koulutus\/\" \/>\n<meta property=\"og:locale\" content=\"fi_FI\" \/>\n<meta property=\"og:type\" content=\"article\" \/>\n<meta property=\"og:title\" content=\"Varaa koulutus - Simeri - IPAF - henkil\u00f6nostinkortti koulutukset\" \/>\n<meta property=\"og:description\" content=\"IPAF henkil\u00f6nostinkorttikoulutuksia j\u00e4rjestet\u00e4\u00e4n Simerin toimitiloissa Espoossa. Avoimien kurssien lis\u00e4ksi j\u00e4rjest\u00e4mme yrityskohtaisia kursseja, my\u00f6s asiakkaan tiloissa.\" \/>\n<meta property=\"og:url\" content=\"https:\/\/simeri.fi\/henkilonostinkorttikoulutus\/varaa-koulutus\/\" \/>\n<meta property=\"og:site_name\" content=\"Simeri - IPAF - henkil\u00f6nostinkortti koulutukset\" \/>\n<meta property=\"article:modified_time\" content=\"2026-01-19T10:37:47+00:00\" \/>\n<meta property=\"og:image\" content=\"https:\/\/simeri.fi\/wp-content\/uploads\/2026\/01\/heikki-juuri-oja-800.jpg\" \/>\n<meta name=\"twitter:card\" content=\"summary_large_image\" \/>\n<meta name=\"twitter:label1\" content=\"Arvioitu lukuaika\" \/>\n\t<meta name=\"twitter:data1\" content=\"1 minuutti\" \/>\n<script type=\"application\/ld+json\" class=\"yoast-schema-graph\">{\"@context\":\"https:\\\/\\\/schema.org\",\"@graph\":[{\"@type\":\"WebPage\",\"@id\":\"https:\\\/\\\/simeri.fi\\\/henkilonostinkorttikoulutus\\\/varaa-koulutus\\\/\",\"url\":\"https:\\\/\\\/simeri.fi\\\/henkilonostinkorttikoulutus\\\/varaa-koulutus\\\/\",\"name\":\"Varaa koulutus - Simeri - IPAF - henkil\u00f6nostinkortti koulutukset\",\"isPartOf\":{\"@id\":\"https:\\\/\\\/simeri.fi\\\/henkilonostinkorttikoulutus\\\/#website\"},\"primaryImageOfPage\":{\"@id\":\"https:\\\/\\\/simeri.fi\\\/henkilonostinkorttikoulutus\\\/varaa-koulutus\\\/#primaryimage\"},\"image\":{\"@id\":\"https:\\\/\\\/simeri.fi\\\/henkilonostinkorttikoulutus\\\/varaa-koulutus\\\/#primaryimage\"},\"thumbnailUrl\":\"https:\\\/\\\/simeri.fi\\\/wp-content\\\/uploads\\\/2026\\\/01\\\/heikki-juuri-oja-800.jpg\",\"datePublished\":\"2024-02-26T13:31:28+00:00\",\"dateModified\":\"2026-01-19T10:37:47+00:00\",\"description\":\"IPAF henkil\u00f6nostinkorttikoulutuksia j\u00e4rjestet\u00e4\u00e4n Simerin toimitiloissa Espoossa. Avoimien kurssien lis\u00e4ksi j\u00e4rjest\u00e4mme yrityskohtaisia kursseja, my\u00f6s asiakkaan tiloissa.\",\"breadcrumb\":{\"@id\":\"https:\\\/\\\/simeri.fi\\\/henkilonostinkorttikoulutus\\\/varaa-koulutus\\\/#breadcrumb\"},\"inLanguage\":\"fi\",\"potentialAction\":[{\"@type\":\"ReadAction\",\"target\":[\"https:\\\/\\\/simeri.fi\\\/henkilonostinkorttikoulutus\\\/varaa-koulutus\\\/\"]}]},{\"@type\":\"ImageObject\",\"inLanguage\":\"fi\",\"@id\":\"https:\\\/\\\/simeri.fi\\\/henkilonostinkorttikoulutus\\\/varaa-koulutus\\\/#primaryimage\",\"url\":\"https:\\\/\\\/simeri.fi\\\/wp-content\\\/uploads\\\/2026\\\/01\\\/heikki-juuri-oja-800.jpg\",\"contentUrl\":\"https:\\\/\\\/simeri.fi\\\/wp-content\\\/uploads\\\/2026\\\/01\\\/heikki-juuri-oja-800.jpg\"},{\"@type\":\"BreadcrumbList\",\"@id\":\"https:\\\/\\\/simeri.fi\\\/henkilonostinkorttikoulutus\\\/varaa-koulutus\\\/#breadcrumb\",\"itemListElement\":[{\"@type\":\"ListItem\",\"position\":1,\"name\":\"Home\",\"item\":\"https:\\\/\\\/simeri.fi\\\/henkilonostinkorttikoulutus\\\/\"},{\"@type\":\"ListItem\",\"position\":2,\"name\":\"Varaa koulutus\"}]},{\"@type\":\"WebSite\",\"@id\":\"https:\\\/\\\/simeri.fi\\\/henkilonostinkorttikoulutus\\\/#website\",\"url\":\"https:\\\/\\\/simeri.fi\\\/henkilonostinkorttikoulutus\\\/\",\"name\":\"Simeri - IPAF - henkil\u00f6nostinkortti koulutukset\",\"description\":\"\",\"publisher\":{\"@id\":\"https:\\\/\\\/simeri.fi\\\/henkilonostinkorttikoulutus\\\/#organization\"},\"potentialAction\":[{\"@type\":\"SearchAction\",\"target\":{\"@type\":\"EntryPoint\",\"urlTemplate\":\"https:\\\/\\\/simeri.fi\\\/henkilonostinkorttikoulutus\\\/?s={search_term_string}\"},\"query-input\":{\"@type\":\"PropertyValueSpecification\",\"valueRequired\":true,\"valueName\":\"search_term_string\"}}],\"inLanguage\":\"fi\"},{\"@type\":\"Organization\",\"@id\":\"https:\\\/\\\/simeri.fi\\\/henkilonostinkorttikoulutus\\\/#organization\",\"name\":\"Simeri - IPAF - henkil\u00f6nostinkortti koulutukset\",\"url\":\"https:\\\/\\\/simeri.fi\\\/henkilonostinkorttikoulutus\\\/\",\"logo\":{\"@type\":\"ImageObject\",\"inLanguage\":\"fi\",\"@id\":\"https:\\\/\\\/simeri.fi\\\/henkilonostinkorttikoulutus\\\/#\\\/schema\\\/logo\\\/image\\\/\",\"url\":\"https:\\\/\\\/simeri.fi\\\/henkilonostinkorttikoulutus\\\/wp-content\\\/uploads\\\/sites\\\/3\\\/2020\\\/09\\\/simeri-ipaf-logo-2.jpg\",\"contentUrl\":\"https:\\\/\\\/simeri.fi\\\/henkilonostinkorttikoulutus\\\/wp-content\\\/uploads\\\/sites\\\/3\\\/2020\\\/09\\\/simeri-ipaf-logo-2.jpg\",\"width\":307,\"height\":49,\"caption\":\"Simeri - IPAF - henkil\u00f6nostinkortti koulutukset\"},\"image\":{\"@id\":\"https:\\\/\\\/simeri.fi\\\/henkilonostinkorttikoulutus\\\/#\\\/schema\\\/logo\\\/image\\\/\"}}]}<\/script>\n<!-- \/ Yoast SEO plugin. -->","yoast_head_json":{"title":"Varaa koulutus - Simeri - IPAF - henkil\u00f6nostinkortti koulutukset","description":"IPAF henkil\u00f6nostinkorttikoulutuksia j\u00e4rjestet\u00e4\u00e4n Simerin toimitiloissa Espoossa. Avoimien kurssien lis\u00e4ksi j\u00e4rjest\u00e4mme yrityskohtaisia kursseja, my\u00f6s asiakkaan tiloissa.","robots":{"index":"index","follow":"follow","max-snippet":"max-snippet:-1","max-image-preview":"max-image-preview:large","max-video-preview":"max-video-preview:-1"},"canonical":"https:\/\/simeri.fi\/henkilonostinkorttikoulutus\/varaa-koulutus\/","og_locale":"fi_FI","og_type":"article","og_title":"Varaa koulutus - Simeri - IPAF - henkil\u00f6nostinkortti koulutukset","og_description":"IPAF henkil\u00f6nostinkorttikoulutuksia j\u00e4rjestet\u00e4\u00e4n Simerin toimitiloissa Espoossa. Avoimien kurssien lis\u00e4ksi j\u00e4rjest\u00e4mme yrityskohtaisia kursseja, my\u00f6s asiakkaan tiloissa.","og_url":"https:\/\/simeri.fi\/henkilonostinkorttikoulutus\/varaa-koulutus\/","og_site_name":"Simeri - IPAF - henkil\u00f6nostinkortti koulutukset","article_modified_time":"2026-01-19T10:37:47+00:00","og_image":[{"url":"https:\/\/simeri.fi\/wp-content\/uploads\/2026\/01\/heikki-juuri-oja-800.jpg","type":"","width":"","height":""}],"twitter_card":"summary_large_image","twitter_misc":{"Arvioitu lukuaika":"1 minuutti"},"schema":{"@context":"https:\/\/schema.org","@graph":[{"@type":"WebPage","@id":"https:\/\/simeri.fi\/henkilonostinkorttikoulutus\/varaa-koulutus\/","url":"https:\/\/simeri.fi\/henkilonostinkorttikoulutus\/varaa-koulutus\/","name":"Varaa koulutus - Simeri - IPAF - henkil\u00f6nostinkortti koulutukset","isPartOf":{"@id":"https:\/\/simeri.fi\/henkilonostinkorttikoulutus\/#website"},"primaryImageOfPage":{"@id":"https:\/\/simeri.fi\/henkilonostinkorttikoulutus\/varaa-koulutus\/#primaryimage"},"image":{"@id":"https:\/\/simeri.fi\/henkilonostinkorttikoulutus\/varaa-koulutus\/#primaryimage"},"thumbnailUrl":"https:\/\/simeri.fi\/wp-content\/uploads\/2026\/01\/heikki-juuri-oja-800.jpg","datePublished":"2024-02-26T13:31:28+00:00","dateModified":"2026-01-19T10:37:47+00:00","description":"IPAF henkil\u00f6nostinkorttikoulutuksia j\u00e4rjestet\u00e4\u00e4n Simerin toimitiloissa Espoossa. Avoimien kurssien lis\u00e4ksi j\u00e4rjest\u00e4mme yrityskohtaisia kursseja, my\u00f6s asiakkaan tiloissa.","breadcrumb":{"@id":"https:\/\/simeri.fi\/henkilonostinkorttikoulutus\/varaa-koulutus\/#breadcrumb"},"inLanguage":"fi","potentialAction":[{"@type":"ReadAction","target":["https:\/\/simeri.fi\/henkilonostinkorttikoulutus\/varaa-koulutus\/"]}]},{"@type":"ImageObject","inLanguage":"fi","@id":"https:\/\/simeri.fi\/henkilonostinkorttikoulutus\/varaa-koulutus\/#primaryimage","url":"https:\/\/simeri.fi\/wp-content\/uploads\/2026\/01\/heikki-juuri-oja-800.jpg","contentUrl":"https:\/\/simeri.fi\/wp-content\/uploads\/2026\/01\/heikki-juuri-oja-800.jpg"},{"@type":"BreadcrumbList","@id":"https:\/\/simeri.fi\/henkilonostinkorttikoulutus\/varaa-koulutus\/#breadcrumb","itemListElement":[{"@type":"ListItem","position":1,"name":"Home","item":"https:\/\/simeri.fi\/henkilonostinkorttikoulutus\/"},{"@type":"ListItem","position":2,"name":"Varaa koulutus"}]},{"@type":"WebSite","@id":"https:\/\/simeri.fi\/henkilonostinkorttikoulutus\/#website","url":"https:\/\/simeri.fi\/henkilonostinkorttikoulutus\/","name":"Simeri - IPAF - henkil\u00f6nostinkortti koulutukset","description":"","publisher":{"@id":"https:\/\/simeri.fi\/henkilonostinkorttikoulutus\/#organization"},"potentialAction":[{"@type":"SearchAction","target":{"@type":"EntryPoint","urlTemplate":"https:\/\/simeri.fi\/henkilonostinkorttikoulutus\/?s={search_term_string}"},"query-input":{"@type":"PropertyValueSpecification","valueRequired":true,"valueName":"search_term_string"}}],"inLanguage":"fi"},{"@type":"Organization","@id":"https:\/\/simeri.fi\/henkilonostinkorttikoulutus\/#organization","name":"Simeri - IPAF - henkil\u00f6nostinkortti koulutukset","url":"https:\/\/simeri.fi\/henkilonostinkorttikoulutus\/","logo":{"@type":"ImageObject","inLanguage":"fi","@id":"https:\/\/simeri.fi\/henkilonostinkorttikoulutus\/#\/schema\/logo\/image\/","url":"https:\/\/simeri.fi\/henkilonostinkorttikoulutus\/wp-content\/uploads\/sites\/3\/2020\/09\/simeri-ipaf-logo-2.jpg","contentUrl":"https:\/\/simeri.fi\/henkilonostinkorttikoulutus\/wp-content\/uploads\/sites\/3\/2020\/09\/simeri-ipaf-logo-2.jpg","width":307,"height":49,"caption":"Simeri - IPAF - henkil\u00f6nostinkortti koulutukset"},"image":{"@id":"https:\/\/simeri.fi\/henkilonostinkorttikoulutus\/#\/schema\/logo\/image\/"}}]}},"_links":{"self":[{"href":"https:\/\/simeri.fi\/henkilonostinkorttikoulutus\/wp-json\/wp\/v2\/pages\/245","targetHints":{"allow":["GET"]}}],"collection":[{"href":"https:\/\/simeri.fi\/henkilonostinkorttikoulutus\/wp-json\/wp\/v2\/pages"}],"about":[{"href":"https:\/\/simeri.fi\/henkilonostinkorttikoulutus\/wp-json\/wp\/v2\/types\/page"}],"author":[{"embeddable":true,"href":"https:\/\/simeri.fi\/henkilonostinkorttikoulutus\/wp-json\/wp\/v2\/users\/6"}],"replies":[{"embeddable":true,"href":"https:\/\/simeri.fi\/henkilonostinkorttikoulutus\/wp-json\/wp\/v2\/comments?post=245"}],"version-history":[{"count":26,"href":"https:\/\/simeri.fi\/henkilonostinkorttikoulutus\/wp-json\/wp\/v2\/pages\/245\/revisions"}],"predecessor-version":[{"id":295,"href":"https:\/\/simeri.fi\/henkilonostinkorttikoulutus\/wp-json\/wp\/v2\/pages\/245\/revisions\/295"}],"wp:attachment":[{"href":"https:\/\/simeri.fi\/henkilonostinkorttikoulutus\/wp-json\/wp\/v2\/media?parent=245"}],"curies":[{"name":"wp","href":"https:\/\/api.w.org\/{rel}","templated":true}]}}