{"id":82,"date":"2018-12-11T12:04:06","date_gmt":"2018-12-11T10:04:06","guid":{"rendered":"https:\/\/demo.eccola.fi\/sim-ipaf-2018\/?page_id=82"},"modified":"2025-11-27T14:04:13","modified_gmt":"2025-11-27T12:04:13","slug":"koulutuksen-peruutusehdot","status":"publish","type":"page","link":"https:\/\/simeri.fi\/henkilonostinkorttikoulutus\/koulutuksen-peruutusehdot\/","title":{"rendered":"Koulutuksen peruutusehdot"},"content":{"rendered":"<p><strong>Koulutusten peruutusehdot<\/strong><\/p>\n<p>Ilmoittautuminen koulutukseen on sitova. <\/p>\n<p>Mik\u00e4li osallistuminen peruutetaan v\u00e4hemm\u00e4n kuin 14 p\u00e4iv\u00e4\u00e4 ennen kurssip\u00e4iv\u00e4\u00e4 perimme 50 % osallistumismaksusta. Mik\u00e4li ilmoittautumista ei peruta ollenkaan tai se perutaan kurssip\u00e4iv\u00e4n\u00e4, perimme osallistumismaksun kokonaisuudessaan. Mik\u00e4li koulutukseen ilmoittautunut henkil\u00f6 on estynyt osallistumasta koulutukseen, voi organisaatio kuluitta vaihtaa osallistujaa ilmoittamalla siit\u00e4 kouluttajalle tai <a href=\"mailto:info@simeri.fi\">info@simeri.fi<\/a>.<\/p>\n<p><a class=\"button medium\" href=\"https:\/\/simeri.fi\/henkilonostinkorttikoulutus\/varaa-koulutus\/\">VARAA KOULUTUS<\/a><\/p>\n","protected":false},"excerpt":{"rendered":"<p>Koulutusten peruutusehdot Ilmoittautuminen koulutukseen on sitova. Mik\u00e4li osallistuminen peruutetaan v\u00e4hemm\u00e4n kuin 14 p\u00e4iv\u00e4\u00e4 ennen kurssip\u00e4iv\u00e4\u00e4 perimme 50 % osallistumismaksusta. Mik\u00e4li ilmoittautumista ei peruta ollenkaan tai se perutaan kurssip\u00e4iv\u00e4n\u00e4, perimme osallistumismaksun kokonaisuudessaan. Mik\u00e4li koulutukseen ilmoittautunut henkil\u00f6 on estynyt osallistumasta koulutukseen, voi organisaatio kuluitta vaihtaa osallistujaa ilmoittamalla siit\u00e4 kouluttajalle tai info@simeri.fi. VARAA KOULUTUS<\/p>\n","protected":false},"author":1,"featured_media":0,"parent":0,"menu_order":0,"comment_status":"closed","ping_status":"closed","template":"","meta":{"_acf_changed":false,"footnotes":""},"class_list":["post-82","page","type-page","status-publish","hentry"],"acf":[],"yoast_head":"<!-- This site is optimized with the Yoast SEO plugin v27.3 - https:\/\/yoast.com\/product\/yoast-seo-wordpress\/ -->\n<title>Koulutuksen peruutusehdot - Simeri - IPAF - henkil\u00f6nostinkortti koulutukset<\/title>\n<meta name=\"robots\" content=\"index, follow, max-snippet:-1, max-image-preview:large, max-video-preview:-1\" \/>\n<link rel=\"canonical\" href=\"https:\/\/simeri.fi\/henkilonostinkorttikoulutus\/koulutuksen-peruutusehdot\/\" \/>\n<meta property=\"og:locale\" content=\"fi_FI\" \/>\n<meta property=\"og:type\" content=\"article\" \/>\n<meta property=\"og:title\" content=\"Koulutuksen peruutusehdot - Simeri - IPAF - henkil\u00f6nostinkortti koulutukset\" \/>\n<meta property=\"og:description\" content=\"Koulutusten peruutusehdot Ilmoittautuminen koulutukseen on sitova. Mik\u00e4li osallistuminen peruutetaan v\u00e4hemm\u00e4n kuin 14 p\u00e4iv\u00e4\u00e4 ennen kurssip\u00e4iv\u00e4\u00e4 perimme 50 % osallistumismaksusta. Mik\u00e4li ilmoittautumista ei peruta ollenkaan tai se perutaan kurssip\u00e4iv\u00e4n\u00e4, perimme osallistumismaksun kokonaisuudessaan. Mik\u00e4li koulutukseen ilmoittautunut henkil\u00f6 on estynyt osallistumasta koulutukseen, voi organisaatio kuluitta vaihtaa osallistujaa ilmoittamalla siit\u00e4 kouluttajalle tai info@simeri.fi. VARAA KOULUTUS\" \/>\n<meta property=\"og:url\" content=\"https:\/\/simeri.fi\/henkilonostinkorttikoulutus\/koulutuksen-peruutusehdot\/\" \/>\n<meta property=\"og:site_name\" content=\"Simeri - IPAF - henkil\u00f6nostinkortti koulutukset\" \/>\n<meta property=\"article:modified_time\" content=\"2025-11-27T12:04:13+00:00\" \/>\n<meta name=\"twitter:card\" content=\"summary_large_image\" \/>\n<meta name=\"twitter:label1\" content=\"Arvioitu lukuaika\" \/>\n\t<meta name=\"twitter:data1\" content=\"1 minuutti\" \/>\n<script type=\"application\/ld+json\" class=\"yoast-schema-graph\">{\"@context\":\"https:\\\/\\\/schema.org\",\"@graph\":[{\"@type\":\"WebPage\",\"@id\":\"https:\\\/\\\/simeri.fi\\\/henkilonostinkorttikoulutus\\\/koulutuksen-peruutusehdot\\\/\",\"url\":\"https:\\\/\\\/simeri.fi\\\/henkilonostinkorttikoulutus\\\/koulutuksen-peruutusehdot\\\/\",\"name\":\"Koulutuksen peruutusehdot - Simeri - IPAF - henkil\u00f6nostinkortti koulutukset\",\"isPartOf\":{\"@id\":\"https:\\\/\\\/simeri.fi\\\/henkilonostinkorttikoulutus\\\/#website\"},\"datePublished\":\"2018-12-11T10:04:06+00:00\",\"dateModified\":\"2025-11-27T12:04:13+00:00\",\"breadcrumb\":{\"@id\":\"https:\\\/\\\/simeri.fi\\\/henkilonostinkorttikoulutus\\\/koulutuksen-peruutusehdot\\\/#breadcrumb\"},\"inLanguage\":\"fi\",\"potentialAction\":[{\"@type\":\"ReadAction\",\"target\":[\"https:\\\/\\\/simeri.fi\\\/henkilonostinkorttikoulutus\\\/koulutuksen-peruutusehdot\\\/\"]}]},{\"@type\":\"BreadcrumbList\",\"@id\":\"https:\\\/\\\/simeri.fi\\\/henkilonostinkorttikoulutus\\\/koulutuksen-peruutusehdot\\\/#breadcrumb\",\"itemListElement\":[{\"@type\":\"ListItem\",\"position\":1,\"name\":\"Home\",\"item\":\"https:\\\/\\\/simeri.fi\\\/henkilonostinkorttikoulutus\\\/\"},{\"@type\":\"ListItem\",\"position\":2,\"name\":\"Koulutuksen peruutusehdot\"}]},{\"@type\":\"WebSite\",\"@id\":\"https:\\\/\\\/simeri.fi\\\/henkilonostinkorttikoulutus\\\/#website\",\"url\":\"https:\\\/\\\/simeri.fi\\\/henkilonostinkorttikoulutus\\\/\",\"name\":\"Simeri - IPAF - henkil\u00f6nostinkortti koulutukset\",\"description\":\"\",\"publisher\":{\"@id\":\"https:\\\/\\\/simeri.fi\\\/henkilonostinkorttikoulutus\\\/#organization\"},\"potentialAction\":[{\"@type\":\"SearchAction\",\"target\":{\"@type\":\"EntryPoint\",\"urlTemplate\":\"https:\\\/\\\/simeri.fi\\\/henkilonostinkorttikoulutus\\\/?s={search_term_string}\"},\"query-input\":{\"@type\":\"PropertyValueSpecification\",\"valueRequired\":true,\"valueName\":\"search_term_string\"}}],\"inLanguage\":\"fi\"},{\"@type\":\"Organization\",\"@id\":\"https:\\\/\\\/simeri.fi\\\/henkilonostinkorttikoulutus\\\/#organization\",\"name\":\"Simeri - IPAF - henkil\u00f6nostinkortti koulutukset\",\"url\":\"https:\\\/\\\/simeri.fi\\\/henkilonostinkorttikoulutus\\\/\",\"logo\":{\"@type\":\"ImageObject\",\"inLanguage\":\"fi\",\"@id\":\"https:\\\/\\\/simeri.fi\\\/henkilonostinkorttikoulutus\\\/#\\\/schema\\\/logo\\\/image\\\/\",\"url\":\"https:\\\/\\\/simeri.fi\\\/henkilonostinkorttikoulutus\\\/wp-content\\\/uploads\\\/sites\\\/3\\\/2020\\\/09\\\/simeri-ipaf-logo-2.jpg\",\"contentUrl\":\"https:\\\/\\\/simeri.fi\\\/henkilonostinkorttikoulutus\\\/wp-content\\\/uploads\\\/sites\\\/3\\\/2020\\\/09\\\/simeri-ipaf-logo-2.jpg\",\"width\":307,\"height\":49,\"caption\":\"Simeri - IPAF - henkil\u00f6nostinkortti koulutukset\"},\"image\":{\"@id\":\"https:\\\/\\\/simeri.fi\\\/henkilonostinkorttikoulutus\\\/#\\\/schema\\\/logo\\\/image\\\/\"}}]}<\/script>\n<!-- \/ Yoast SEO plugin. -->","yoast_head_json":{"title":"Koulutuksen peruutusehdot - Simeri - IPAF - henkil\u00f6nostinkortti koulutukset","robots":{"index":"index","follow":"follow","max-snippet":"max-snippet:-1","max-image-preview":"max-image-preview:large","max-video-preview":"max-video-preview:-1"},"canonical":"https:\/\/simeri.fi\/henkilonostinkorttikoulutus\/koulutuksen-peruutusehdot\/","og_locale":"fi_FI","og_type":"article","og_title":"Koulutuksen peruutusehdot - Simeri - IPAF - henkil\u00f6nostinkortti koulutukset","og_description":"Koulutusten peruutusehdot Ilmoittautuminen koulutukseen on sitova. Mik\u00e4li osallistuminen peruutetaan v\u00e4hemm\u00e4n kuin 14 p\u00e4iv\u00e4\u00e4 ennen kurssip\u00e4iv\u00e4\u00e4 perimme 50 % osallistumismaksusta. Mik\u00e4li ilmoittautumista ei peruta ollenkaan tai se perutaan kurssip\u00e4iv\u00e4n\u00e4, perimme osallistumismaksun kokonaisuudessaan. Mik\u00e4li koulutukseen ilmoittautunut henkil\u00f6 on estynyt osallistumasta koulutukseen, voi organisaatio kuluitta vaihtaa osallistujaa ilmoittamalla siit\u00e4 kouluttajalle tai info@simeri.fi. VARAA KOULUTUS","og_url":"https:\/\/simeri.fi\/henkilonostinkorttikoulutus\/koulutuksen-peruutusehdot\/","og_site_name":"Simeri - IPAF - henkil\u00f6nostinkortti koulutukset","article_modified_time":"2025-11-27T12:04:13+00:00","twitter_card":"summary_large_image","twitter_misc":{"Arvioitu lukuaika":"1 minuutti"},"schema":{"@context":"https:\/\/schema.org","@graph":[{"@type":"WebPage","@id":"https:\/\/simeri.fi\/henkilonostinkorttikoulutus\/koulutuksen-peruutusehdot\/","url":"https:\/\/simeri.fi\/henkilonostinkorttikoulutus\/koulutuksen-peruutusehdot\/","name":"Koulutuksen peruutusehdot - Simeri - IPAF - henkil\u00f6nostinkortti koulutukset","isPartOf":{"@id":"https:\/\/simeri.fi\/henkilonostinkorttikoulutus\/#website"},"datePublished":"2018-12-11T10:04:06+00:00","dateModified":"2025-11-27T12:04:13+00:00","breadcrumb":{"@id":"https:\/\/simeri.fi\/henkilonostinkorttikoulutus\/koulutuksen-peruutusehdot\/#breadcrumb"},"inLanguage":"fi","potentialAction":[{"@type":"ReadAction","target":["https:\/\/simeri.fi\/henkilonostinkorttikoulutus\/koulutuksen-peruutusehdot\/"]}]},{"@type":"BreadcrumbList","@id":"https:\/\/simeri.fi\/henkilonostinkorttikoulutus\/koulutuksen-peruutusehdot\/#breadcrumb","itemListElement":[{"@type":"ListItem","position":1,"name":"Home","item":"https:\/\/simeri.fi\/henkilonostinkorttikoulutus\/"},{"@type":"ListItem","position":2,"name":"Koulutuksen peruutusehdot"}]},{"@type":"WebSite","@id":"https:\/\/simeri.fi\/henkilonostinkorttikoulutus\/#website","url":"https:\/\/simeri.fi\/henkilonostinkorttikoulutus\/","name":"Simeri - IPAF - henkil\u00f6nostinkortti koulutukset","description":"","publisher":{"@id":"https:\/\/simeri.fi\/henkilonostinkorttikoulutus\/#organization"},"potentialAction":[{"@type":"SearchAction","target":{"@type":"EntryPoint","urlTemplate":"https:\/\/simeri.fi\/henkilonostinkorttikoulutus\/?s={search_term_string}"},"query-input":{"@type":"PropertyValueSpecification","valueRequired":true,"valueName":"search_term_string"}}],"inLanguage":"fi"},{"@type":"Organization","@id":"https:\/\/simeri.fi\/henkilonostinkorttikoulutus\/#organization","name":"Simeri - IPAF - henkil\u00f6nostinkortti koulutukset","url":"https:\/\/simeri.fi\/henkilonostinkorttikoulutus\/","logo":{"@type":"ImageObject","inLanguage":"fi","@id":"https:\/\/simeri.fi\/henkilonostinkorttikoulutus\/#\/schema\/logo\/image\/","url":"https:\/\/simeri.fi\/henkilonostinkorttikoulutus\/wp-content\/uploads\/sites\/3\/2020\/09\/simeri-ipaf-logo-2.jpg","contentUrl":"https:\/\/simeri.fi\/henkilonostinkorttikoulutus\/wp-content\/uploads\/sites\/3\/2020\/09\/simeri-ipaf-logo-2.jpg","width":307,"height":49,"caption":"Simeri - IPAF - henkil\u00f6nostinkortti koulutukset"},"image":{"@id":"https:\/\/simeri.fi\/henkilonostinkorttikoulutus\/#\/schema\/logo\/image\/"}}]}},"_links":{"self":[{"href":"https:\/\/simeri.fi\/henkilonostinkorttikoulutus\/wp-json\/wp\/v2\/pages\/82","targetHints":{"allow":["GET"]}}],"collection":[{"href":"https:\/\/simeri.fi\/henkilonostinkorttikoulutus\/wp-json\/wp\/v2\/pages"}],"about":[{"href":"https:\/\/simeri.fi\/henkilonostinkorttikoulutus\/wp-json\/wp\/v2\/types\/page"}],"author":[{"embeddable":true,"href":"https:\/\/simeri.fi\/henkilonostinkorttikoulutus\/wp-json\/wp\/v2\/users\/1"}],"replies":[{"embeddable":true,"href":"https:\/\/simeri.fi\/henkilonostinkorttikoulutus\/wp-json\/wp\/v2\/comments?post=82"}],"version-history":[{"count":1,"href":"https:\/\/simeri.fi\/henkilonostinkorttikoulutus\/wp-json\/wp\/v2\/pages\/82\/revisions"}],"predecessor-version":[{"id":280,"href":"https:\/\/simeri.fi\/henkilonostinkorttikoulutus\/wp-json\/wp\/v2\/pages\/82\/revisions\/280"}],"wp:attachment":[{"href":"https:\/\/simeri.fi\/henkilonostinkorttikoulutus\/wp-json\/wp\/v2\/media?parent=82"}],"curies":[{"name":"wp","href":"https:\/\/api.w.org\/{rel}","templated":true}]}}