{"id":39,"date":"2018-12-02T12:35:05","date_gmt":"2018-12-02T10:35:05","guid":{"rendered":"https:\/\/demo.eccola.fi\/sim-ipaf-2018\/?page_id=39"},"modified":"2018-12-02T12:35:05","modified_gmt":"2018-12-02T10:35:05","slug":"ilmoittaudu-koulutukseen","status":"publish","type":"page","link":"https:\/\/simeri.fi\/ipaf-training\/ilmoittaudu-koulutukseen\/","title":{"rendered":"ILMOITTAUDU KOULUTUKSEEN"},"content":{"rendered":"<p>Kurssin suoritettuasi:<\/p>\n<p>    \u2022 Hallitset henkil\u00f6nostimen k\u00e4ytt\u00f6\u00f6n liittyv\u00e4n olennaisen terveys- ja turvallisuuslains\u00e4\u00e4d\u00e4nn\u00f6n<br \/>\n    \u2022 Olet tietoinen, miten onnettomuuksia ehk\u00e4ist\u00e4\u00e4n ja hallitaan<br \/>\n    \u2022 Tied\u00e4t, millaisia henkil\u00f6kohtaisia suojaimia tarvitset ja milloin<br \/>\n    \u2022 Ymm\u00e4rr\u00e4t nostimen k\u00e4ytt\u00f6ohjekirjan merkityksen<br \/>\n    \u2022 Osaat ajaa ja k\u00e4sitell\u00e4 henkil\u00f6nostinta turvallisesti<\/p>\n<hr \/>\n\n<div class=\"wpcf7 no-js\" id=\"wpcf7-f227-o1\" lang=\"fi\" dir=\"ltr\" data-wpcf7-id=\"227\">\n<div class=\"screen-reader-response\"><p role=\"status\" aria-live=\"polite\" aria-atomic=\"true\"><\/p> <ul><\/ul><\/div>\n<form action=\"\/ipaf-training\/wp-json\/wp\/v2\/pages\/39#wpcf7-f227-o1\" method=\"post\" class=\"wpcf7-form init\" aria-label=\"Yhteydenottolomake\" novalidate=\"novalidate\" data-status=\"init\">\n<fieldset class=\"hidden-fields-container\"><input type=\"hidden\" name=\"_wpcf7\" value=\"227\" \/><input type=\"hidden\" name=\"_wpcf7_version\" value=\"6.1.5\" \/><input type=\"hidden\" name=\"_wpcf7_locale\" value=\"fi\" \/><input type=\"hidden\" name=\"_wpcf7_unit_tag\" value=\"wpcf7-f227-o1\" \/><input type=\"hidden\" name=\"_wpcf7_container_post\" value=\"0\" \/><input type=\"hidden\" name=\"_wpcf7_posted_data_hash\" value=\"\" \/><input type=\"hidden\" name=\"_wpcf7dtx_version\" value=\"5.0.5\" \/>\n<\/fieldset>\n<p><label> Name (*)<br \/>\n<span class=\"wpcf7-form-control-wrap\" data-name=\"nimi\"><input size=\"40\" maxlength=\"400\" class=\"wpcf7-form-control wpcf7-text wpcf7-validates-as-required\" aria-required=\"true\" aria-invalid=\"false\" value=\"\" type=\"text\" name=\"nimi\" \/><\/span> <\/label>\n<\/p>\n<p><label> Email (*)<br \/>\n<span class=\"wpcf7-form-control-wrap\" data-name=\"email\"><input size=\"40\" maxlength=\"400\" class=\"wpcf7-form-control wpcf7-email wpcf7-validates-as-required wpcf7-text wpcf7-validates-as-email\" aria-required=\"true\" aria-invalid=\"false\" value=\"\" type=\"email\" name=\"email\" \/><\/span> <\/label>\n<\/p>\n<p><label>Phone (*)<br \/>\n<span class=\"wpcf7-form-control-wrap\" data-name=\"puhelin\"><input size=\"40\" maxlength=\"400\" class=\"wpcf7-form-control wpcf7-text\" aria-invalid=\"false\" value=\"\" type=\"text\" name=\"puhelin\" \/><\/span> <\/label>\n<\/p>\n<p><label>Company (*)<br \/>\n<span class=\"wpcf7-form-control-wrap\" data-name=\"yritys\"><input size=\"40\" maxlength=\"400\" class=\"wpcf7-form-control wpcf7-text\" aria-invalid=\"false\" value=\"\" type=\"text\" name=\"yritys\" \/><\/span> <\/label>\n<\/p>\n<p><label>Billing address\/information (*)<br \/>\n<span class=\"wpcf7-form-control-wrap\" data-name=\"laskutustiedot\"><textarea cols=\"40\" rows=\"10\" maxlength=\"2000\" class=\"wpcf7-form-control wpcf7-textarea\" aria-invalid=\"false\" name=\"laskutustiedot\"><\/textarea><\/span> <\/label>\n<\/p>\n<p><label>Participants (*)<br \/>\n<span class=\"wpcf7-form-control-wrap\" data-name=\"osallistujat\"><textarea cols=\"40\" rows=\"10\" maxlength=\"2000\" class=\"wpcf7-form-control wpcf7-textarea wpcf7-validates-as-required\" aria-required=\"true\" aria-invalid=\"false\" name=\"osallistujat\"><\/textarea><\/span> <\/label>\n<\/p>\n<p>Training categories (*)<br \/>\n<span class=\"wpcf7-form-control-wrap\" data-name=\"kategoriat\"><span class=\"wpcf7-form-control wpcf7-checkbox wpcf7-validates-as-required\"><span class=\"wpcf7-list-item first\"><label><input type=\"checkbox\" name=\"kategoriat[]\" value=\"1a\" \/><span class=\"wpcf7-list-item-label\">1a<\/span><\/label><\/span><span class=\"wpcf7-list-item\"><label><input type=\"checkbox\" name=\"kategoriat[]\" value=\"1b\" \/><span class=\"wpcf7-list-item-label\">1b<\/span><\/label><\/span><span class=\"wpcf7-list-item\"><label><input type=\"checkbox\" name=\"kategoriat[]\" value=\"3a\" \/><span class=\"wpcf7-list-item-label\">3a<\/span><\/label><\/span><span class=\"wpcf7-list-item last\"><label><input type=\"checkbox\" name=\"kategoriat[]\" value=\"3b\" \/><span class=\"wpcf7-list-item-label\">3b<\/span><\/label><\/span><\/span><\/span>\n<\/p>\n<p>Training languages (*)<br \/>\n<span class=\"wpcf7-form-control-wrap\" data-name=\"koulutuskielet\"><span class=\"wpcf7-form-control wpcf7-checkbox wpcf7-validates-as-required\"><span class=\"wpcf7-list-item first\"><label><input type=\"checkbox\" name=\"koulutuskielet[]\" value=\"Finnish\" \/><span class=\"wpcf7-list-item-label\">Finnish<\/span><\/label><\/span><span class=\"wpcf7-list-item\"><label><input type=\"checkbox\" name=\"koulutuskielet[]\" value=\"English\" \/><span class=\"wpcf7-list-item-label\">English<\/span><\/label><\/span><span class=\"wpcf7-list-item\"><label><input type=\"checkbox\" name=\"koulutuskielet[]\" value=\"Estonian\" \/><span class=\"wpcf7-list-item-label\">Estonian<\/span><\/label><\/span><span class=\"wpcf7-list-item last\"><label><input type=\"checkbox\" name=\"koulutuskielet[]\" value=\"Russian\" \/><span class=\"wpcf7-list-item-label\">Russian<\/span><\/label><\/span><\/span><\/span>\n<\/p>\n<p><label> My experience with personnel lifts (*)<br \/>\n<span class=\"wpcf7-form-control-wrap\" data-name=\"arviointini\"><select class=\"wpcf7-form-control wpcf7-select\" aria-invalid=\"false\" name=\"arviointini\"><option value=\"1\">1<\/option><option value=\"2\">2<\/option><option value=\"3\">3<\/option><option value=\"4\">4<\/option><option value=\"5\">5<\/option><\/select><\/span> <\/label>\n<\/p>\n<p><label> I accept the Terms and Conditions of cancellation (*)<br \/>\n<span class=\"wpcf7-form-control-wrap\" data-name=\"hyvaksynta\"><span class=\"wpcf7-form-control wpcf7-acceptance\"><span class=\"wpcf7-list-item\"><input type=\"checkbox\" name=\"hyvaksynta\" value=\"1\" aria-invalid=\"false\" \/><\/span><\/span><\/span><\/label>\n<\/p>\n<p><input class=\"wpcf7-form-control wpcf7-submit has-spinner button medium\" type=\"submit\" value=\"SEND\" \/>\n<\/p><div class=\"wpcf7-response-output\" aria-hidden=\"true\"><\/div>\n<\/form>\n<\/div>\n\n","protected":false},"excerpt":{"rendered":"<p>Kurssin suoritettuasi: \u2022 Hallitset henkil\u00f6nostimen k\u00e4ytt\u00f6\u00f6n liittyv\u00e4n olennaisen terveys- ja turvallisuuslains\u00e4\u00e4d\u00e4nn\u00f6n \u2022 Olet tietoinen, miten onnettomuuksia ehk\u00e4ist\u00e4\u00e4n ja hallitaan \u2022 Tied\u00e4t, millaisia henkil\u00f6kohtaisia suojaimia tarvitset ja milloin \u2022 Ymm\u00e4rr\u00e4t nostimen k\u00e4ytt\u00f6ohjekirjan merkityksen \u2022 Osaat ajaa ja k\u00e4sitell\u00e4 henkil\u00f6nostinta turvallisesti<\/p>\n","protected":false},"author":1,"featured_media":0,"parent":0,"menu_order":0,"comment_status":"closed","ping_status":"closed","template":"","meta":{"_acf_changed":false,"footnotes":""},"class_list":["post-39","page","type-page","status-publish","hentry"],"acf":[],"yoast_head":"<!-- This site is optimized with the Yoast SEO plugin v27.5 - https:\/\/yoast.com\/product\/yoast-seo-wordpress\/ -->\n<title>ILMOITTAUDU KOULUTUKSEEN - The IPAF training programme for platform operators<\/title>\n<meta name=\"robots\" content=\"index, follow, max-snippet:-1, max-image-preview:large, max-video-preview:-1\" \/>\n<link rel=\"canonical\" href=\"https:\/\/simeri.fi\/ipaf-training\/ilmoittaudu-koulutukseen\/\" \/>\n<meta property=\"og:locale\" content=\"fi_FI\" \/>\n<meta property=\"og:type\" content=\"article\" \/>\n<meta property=\"og:title\" content=\"ILMOITTAUDU KOULUTUKSEEN - The IPAF training programme for platform operators\" \/>\n<meta property=\"og:description\" content=\"Kurssin suoritettuasi: \u2022 Hallitset henkil\u00f6nostimen k\u00e4ytt\u00f6\u00f6n liittyv\u00e4n olennaisen terveys- ja turvallisuuslains\u00e4\u00e4d\u00e4nn\u00f6n \u2022 Olet tietoinen, miten onnettomuuksia ehk\u00e4ist\u00e4\u00e4n ja hallitaan \u2022 Tied\u00e4t, millaisia henkil\u00f6kohtaisia suojaimia tarvitset ja milloin \u2022 Ymm\u00e4rr\u00e4t nostimen k\u00e4ytt\u00f6ohjekirjan merkityksen \u2022 Osaat ajaa ja k\u00e4sitell\u00e4 henkil\u00f6nostinta turvallisesti\" \/>\n<meta property=\"og:url\" content=\"https:\/\/simeri.fi\/ipaf-training\/ilmoittaudu-koulutukseen\/\" \/>\n<meta property=\"og:site_name\" content=\"The IPAF training programme for platform operators\" \/>\n<meta name=\"twitter:card\" content=\"summary_large_image\" \/>\n<script type=\"application\/ld+json\" class=\"yoast-schema-graph\">{\"@context\":\"https:\\\/\\\/schema.org\",\"@graph\":[{\"@type\":\"WebPage\",\"@id\":\"https:\\\/\\\/simeri.fi\\\/ipaf-training\\\/ilmoittaudu-koulutukseen\\\/\",\"url\":\"https:\\\/\\\/simeri.fi\\\/ipaf-training\\\/ilmoittaudu-koulutukseen\\\/\",\"name\":\"ILMOITTAUDU KOULUTUKSEEN - The IPAF training programme for platform operators\",\"isPartOf\":{\"@id\":\"https:\\\/\\\/simeri.fi\\\/ipaf-training\\\/#website\"},\"datePublished\":\"2018-12-02T10:35:05+00:00\",\"breadcrumb\":{\"@id\":\"https:\\\/\\\/simeri.fi\\\/ipaf-training\\\/ilmoittaudu-koulutukseen\\\/#breadcrumb\"},\"inLanguage\":\"fi\",\"potentialAction\":[{\"@type\":\"ReadAction\",\"target\":[\"https:\\\/\\\/simeri.fi\\\/ipaf-training\\\/ilmoittaudu-koulutukseen\\\/\"]}]},{\"@type\":\"BreadcrumbList\",\"@id\":\"https:\\\/\\\/simeri.fi\\\/ipaf-training\\\/ilmoittaudu-koulutukseen\\\/#breadcrumb\",\"itemListElement\":[{\"@type\":\"ListItem\",\"position\":1,\"name\":\"Home\",\"item\":\"https:\\\/\\\/simeri.fi\\\/ipaf-training\\\/\"},{\"@type\":\"ListItem\",\"position\":2,\"name\":\"ILMOITTAUDU KOULUTUKSEEN\"}]},{\"@type\":\"WebSite\",\"@id\":\"https:\\\/\\\/simeri.fi\\\/ipaf-training\\\/#website\",\"url\":\"https:\\\/\\\/simeri.fi\\\/ipaf-training\\\/\",\"name\":\"The IPAF training programme for platform operators\",\"description\":\"\",\"publisher\":{\"@id\":\"https:\\\/\\\/simeri.fi\\\/ipaf-training\\\/#organization\"},\"potentialAction\":[{\"@type\":\"SearchAction\",\"target\":{\"@type\":\"EntryPoint\",\"urlTemplate\":\"https:\\\/\\\/simeri.fi\\\/ipaf-training\\\/?s={search_term_string}\"},\"query-input\":{\"@type\":\"PropertyValueSpecification\",\"valueRequired\":true,\"valueName\":\"search_term_string\"}}],\"inLanguage\":\"fi\"},{\"@type\":\"Organization\",\"@id\":\"https:\\\/\\\/simeri.fi\\\/ipaf-training\\\/#organization\",\"name\":\"The IPAF training programme for platform operators\",\"url\":\"https:\\\/\\\/simeri.fi\\\/ipaf-training\\\/\",\"logo\":{\"@type\":\"ImageObject\",\"inLanguage\":\"fi\",\"@id\":\"https:\\\/\\\/simeri.fi\\\/ipaf-training\\\/#\\\/schema\\\/logo\\\/image\\\/\",\"url\":\"https:\\\/\\\/simeri.fi\\\/ipaf-training\\\/wp-content\\\/uploads\\\/sites\\\/4\\\/2020\\\/09\\\/simeri-ipaf-logo-2.jpg\",\"contentUrl\":\"https:\\\/\\\/simeri.fi\\\/ipaf-training\\\/wp-content\\\/uploads\\\/sites\\\/4\\\/2020\\\/09\\\/simeri-ipaf-logo-2.jpg\",\"width\":307,\"height\":49,\"caption\":\"The IPAF training programme for platform operators\"},\"image\":{\"@id\":\"https:\\\/\\\/simeri.fi\\\/ipaf-training\\\/#\\\/schema\\\/logo\\\/image\\\/\"}}]}<\/script>\n<!-- \/ Yoast SEO plugin. -->","yoast_head_json":{"title":"ILMOITTAUDU KOULUTUKSEEN - The IPAF training programme for platform operators","robots":{"index":"index","follow":"follow","max-snippet":"max-snippet:-1","max-image-preview":"max-image-preview:large","max-video-preview":"max-video-preview:-1"},"canonical":"https:\/\/simeri.fi\/ipaf-training\/ilmoittaudu-koulutukseen\/","og_locale":"fi_FI","og_type":"article","og_title":"ILMOITTAUDU KOULUTUKSEEN - The IPAF training programme for platform operators","og_description":"Kurssin suoritettuasi: \u2022 Hallitset henkil\u00f6nostimen k\u00e4ytt\u00f6\u00f6n liittyv\u00e4n olennaisen terveys- ja turvallisuuslains\u00e4\u00e4d\u00e4nn\u00f6n \u2022 Olet tietoinen, miten onnettomuuksia ehk\u00e4ist\u00e4\u00e4n ja hallitaan \u2022 Tied\u00e4t, millaisia henkil\u00f6kohtaisia suojaimia tarvitset ja milloin \u2022 Ymm\u00e4rr\u00e4t nostimen k\u00e4ytt\u00f6ohjekirjan merkityksen \u2022 Osaat ajaa ja k\u00e4sitell\u00e4 henkil\u00f6nostinta turvallisesti","og_url":"https:\/\/simeri.fi\/ipaf-training\/ilmoittaudu-koulutukseen\/","og_site_name":"The IPAF training programme for platform operators","twitter_card":"summary_large_image","schema":{"@context":"https:\/\/schema.org","@graph":[{"@type":"WebPage","@id":"https:\/\/simeri.fi\/ipaf-training\/ilmoittaudu-koulutukseen\/","url":"https:\/\/simeri.fi\/ipaf-training\/ilmoittaudu-koulutukseen\/","name":"ILMOITTAUDU KOULUTUKSEEN - The IPAF training programme for platform operators","isPartOf":{"@id":"https:\/\/simeri.fi\/ipaf-training\/#website"},"datePublished":"2018-12-02T10:35:05+00:00","breadcrumb":{"@id":"https:\/\/simeri.fi\/ipaf-training\/ilmoittaudu-koulutukseen\/#breadcrumb"},"inLanguage":"fi","potentialAction":[{"@type":"ReadAction","target":["https:\/\/simeri.fi\/ipaf-training\/ilmoittaudu-koulutukseen\/"]}]},{"@type":"BreadcrumbList","@id":"https:\/\/simeri.fi\/ipaf-training\/ilmoittaudu-koulutukseen\/#breadcrumb","itemListElement":[{"@type":"ListItem","position":1,"name":"Home","item":"https:\/\/simeri.fi\/ipaf-training\/"},{"@type":"ListItem","position":2,"name":"ILMOITTAUDU KOULUTUKSEEN"}]},{"@type":"WebSite","@id":"https:\/\/simeri.fi\/ipaf-training\/#website","url":"https:\/\/simeri.fi\/ipaf-training\/","name":"The IPAF training programme for platform operators","description":"","publisher":{"@id":"https:\/\/simeri.fi\/ipaf-training\/#organization"},"potentialAction":[{"@type":"SearchAction","target":{"@type":"EntryPoint","urlTemplate":"https:\/\/simeri.fi\/ipaf-training\/?s={search_term_string}"},"query-input":{"@type":"PropertyValueSpecification","valueRequired":true,"valueName":"search_term_string"}}],"inLanguage":"fi"},{"@type":"Organization","@id":"https:\/\/simeri.fi\/ipaf-training\/#organization","name":"The IPAF training programme for platform operators","url":"https:\/\/simeri.fi\/ipaf-training\/","logo":{"@type":"ImageObject","inLanguage":"fi","@id":"https:\/\/simeri.fi\/ipaf-training\/#\/schema\/logo\/image\/","url":"https:\/\/simeri.fi\/ipaf-training\/wp-content\/uploads\/sites\/4\/2020\/09\/simeri-ipaf-logo-2.jpg","contentUrl":"https:\/\/simeri.fi\/ipaf-training\/wp-content\/uploads\/sites\/4\/2020\/09\/simeri-ipaf-logo-2.jpg","width":307,"height":49,"caption":"The IPAF training programme for platform operators"},"image":{"@id":"https:\/\/simeri.fi\/ipaf-training\/#\/schema\/logo\/image\/"}}]}},"_links":{"self":[{"href":"https:\/\/simeri.fi\/ipaf-training\/wp-json\/wp\/v2\/pages\/39","targetHints":{"allow":["GET"]}}],"collection":[{"href":"https:\/\/simeri.fi\/ipaf-training\/wp-json\/wp\/v2\/pages"}],"about":[{"href":"https:\/\/simeri.fi\/ipaf-training\/wp-json\/wp\/v2\/types\/page"}],"author":[{"embeddable":true,"href":"https:\/\/simeri.fi\/ipaf-training\/wp-json\/wp\/v2\/users\/1"}],"replies":[{"embeddable":true,"href":"https:\/\/simeri.fi\/ipaf-training\/wp-json\/wp\/v2\/comments?post=39"}],"version-history":[{"count":0,"href":"https:\/\/simeri.fi\/ipaf-training\/wp-json\/wp\/v2\/pages\/39\/revisions"}],"wp:attachment":[{"href":"https:\/\/simeri.fi\/ipaf-training\/wp-json\/wp\/v2\/media?parent=39"}],"curies":[{"name":"wp","href":"https:\/\/api.w.org\/{rel}","templated":true}]}}