{"id":47,"date":"2018-12-02T13:19:49","date_gmt":"2018-12-02T11:19:49","guid":{"rendered":"https:\/\/demo.eccola.fi\/sim-ipaf-2018\/?page_id=47"},"modified":"2018-12-02T13:19:49","modified_gmt":"2018-12-02T11:19:49","slug":"koulutuskalenteri","status":"publish","type":"page","link":"https:\/\/simeri.fi\/ipaf-training\/koulutuskalenteri\/","title":{"rendered":"Koulutuskalenteri"},"content":{"rendered":"<p>IPAF &#8211; henkil\u00f6nostinkorttikoulutuksia j\u00e4rjestet\u00e4\u00e4n Vantaalla, aina parittomilla viikoilla. Koulutuksemme kest\u00e4\u00e4 p\u00e4iv\u00e4n ja se toteutetaan aina klo <a href=\"https:\/\/simeri.fi\/henkilonostinkorttikoulutus\/koulutuskalenteri\/\" target=\"_blank\" rel=\"noopener noreferrer\"><strong>8.30 &#8211; 16.00<\/strong><\/a> kalenterissa varattavissa olevina p\u00e4ivin\u00e4.<\/p>\n<p>Koulutuksen hinta on 250,- + Alv 24%. Hintaan sis\u00e4ltyy lounas.<\/p>\n<p>Jos et l\u00f6yd\u00e4 kalenterista sopivaa kurssip\u00e4iv\u00e4\u00e4, niin ota yhteytt\u00e4.<\/p>\n<p>Avoimien kurssien lis\u00e4ksi j\u00e4rjest\u00e4mme yrityskohtaisia kursseja, my\u00f6s asiakkaan tiloissa. Yrityskohtaisten kurssien ajat sovitaan erikseen.<\/p>\n<p>Tiedustelut: <a href=\"mailto:info@simeri.fi\">info@simeri.fi<\/a><\/p>\n<h5>HUOM! Koulutuskielet<\/h5>\n<h5>Keskiviikko: koulutus englanniksi<\/h5>\n<h5>Torstai: koulutus suomeksi<\/h5>\n<h5>Perjantai: koulutus viroksi\/ven\u00e4j\u00e4ksi<\/h5>\n<p>&nbsp;<\/p>\n<h4>Valitse kalenterista sinulle sopiva koulutusp\u00e4iv\u00e4:<\/h4>\n<p>[wpdevart_booking_calendar id=&#8221;1&#8243;]<\/p>\n<p>Lue ja t\u00e4yt\u00e4 lomake huolellisesti.<br \/>\nHaluatko lis\u00e4tietoja tai tarvitsetko apua ilmoittautumiseen? Autamme mielell\u00e4mme: <a href=\"mailto:info@simeri.fi\">info@simeri.fi<\/a><\/p>\n<p><a href=\"\/henkilonostinkorttikoulutus\/koulutuksen-peruutusehdot\/\">Koulutuksen peruutusehdot \u00bb<\/a><\/p>\n<div style=\"height: 40px\"><\/div>\n<h5>Huom! Tarkista viel\u00e4, ett\u00e4 ilmoittauduit sen kieliselle kurssille kuin tarkoitit: keskiviikkona englanti, torstaina suomi, perjantaina viro tai ven\u00e4j\u00e4.<\/h5>\n","protected":false},"excerpt":{"rendered":"<p>IPAF &#8211; henkil\u00f6nostinkorttikoulutuksia j\u00e4rjestet\u00e4\u00e4n Vantaalla, aina parittomilla viikoilla. Koulutuksemme kest\u00e4\u00e4 p\u00e4iv\u00e4n ja se toteutetaan aina klo 8.30 &#8211; 16.00 kalenterissa varattavissa olevina p\u00e4ivin\u00e4. Koulutuksen hinta on 250,- + Alv 24%. Hintaan sis\u00e4ltyy lounas. Jos et l\u00f6yd\u00e4 kalenterista sopivaa kurssip\u00e4iv\u00e4\u00e4, niin ota yhteytt\u00e4. Avoimien kurssien lis\u00e4ksi j\u00e4rjest\u00e4mme yrityskohtaisia kursseja, my\u00f6s asiakkaan tiloissa. Yrityskohtaisten kurssien ajat sovitaan [&hellip;]<\/p>\n","protected":false},"author":1,"featured_media":0,"parent":0,"menu_order":0,"comment_status":"closed","ping_status":"closed","template":"koulutuskalenteri-booking.php","meta":{"_acf_changed":false,"footnotes":""},"class_list":["post-47","page","type-page","status-publish","hentry"],"acf":[],"yoast_head":"<!-- This site is optimized with the Yoast SEO plugin v27.5 - https:\/\/yoast.com\/product\/yoast-seo-wordpress\/ -->\n<title>Koulutuskalenteri - The IPAF training programme for platform operators<\/title>\n<meta name=\"description\" content=\"Koulutuskalenteri. Simeri j\u00e4rjest\u00e4\u00e4 IPAF PAL Card henkil\u00f6nostinkorttikoulutukset. Varaa koulutusp\u00e4iv\u00e4si kalenterista.\" \/>\n<meta name=\"robots\" content=\"index, follow, max-snippet:-1, max-image-preview:large, max-video-preview:-1\" \/>\n<link rel=\"canonical\" href=\"https:\/\/simeri.fi\/ipaf-training\/koulutuskalenteri\/\" \/>\n<meta property=\"og:locale\" content=\"fi_FI\" \/>\n<meta property=\"og:type\" content=\"article\" \/>\n<meta property=\"og:title\" content=\"Koulutuskalenteri - The IPAF training programme for platform operators\" \/>\n<meta property=\"og:description\" content=\"Koulutuskalenteri. Simeri j\u00e4rjest\u00e4\u00e4 IPAF PAL Card henkil\u00f6nostinkorttikoulutukset. Varaa koulutusp\u00e4iv\u00e4si kalenterista.\" \/>\n<meta property=\"og:url\" content=\"https:\/\/simeri.fi\/ipaf-training\/koulutuskalenteri\/\" \/>\n<meta property=\"og:site_name\" content=\"The IPAF training programme for platform operators\" \/>\n<meta name=\"twitter:card\" content=\"summary_large_image\" \/>\n<meta name=\"twitter:label1\" content=\"Arvioitu lukuaika\" \/>\n\t<meta name=\"twitter:data1\" content=\"1 minuutti\" \/>\n<script type=\"application\/ld+json\" class=\"yoast-schema-graph\">{\"@context\":\"https:\\\/\\\/schema.org\",\"@graph\":[{\"@type\":\"WebPage\",\"@id\":\"https:\\\/\\\/simeri.fi\\\/ipaf-training\\\/koulutuskalenteri\\\/\",\"url\":\"https:\\\/\\\/simeri.fi\\\/ipaf-training\\\/koulutuskalenteri\\\/\",\"name\":\"Koulutuskalenteri - The IPAF training programme for platform operators\",\"isPartOf\":{\"@id\":\"https:\\\/\\\/simeri.fi\\\/ipaf-training\\\/#website\"},\"datePublished\":\"2018-12-02T11:19:49+00:00\",\"description\":\"Koulutuskalenteri. Simeri j\u00e4rjest\u00e4\u00e4 IPAF PAL Card henkil\u00f6nostinkorttikoulutukset. Varaa koulutusp\u00e4iv\u00e4si kalenterista.\",\"breadcrumb\":{\"@id\":\"https:\\\/\\\/simeri.fi\\\/ipaf-training\\\/koulutuskalenteri\\\/#breadcrumb\"},\"inLanguage\":\"fi\",\"potentialAction\":[{\"@type\":\"ReadAction\",\"target\":[\"https:\\\/\\\/simeri.fi\\\/ipaf-training\\\/koulutuskalenteri\\\/\"]}]},{\"@type\":\"BreadcrumbList\",\"@id\":\"https:\\\/\\\/simeri.fi\\\/ipaf-training\\\/koulutuskalenteri\\\/#breadcrumb\",\"itemListElement\":[{\"@type\":\"ListItem\",\"position\":1,\"name\":\"Home\",\"item\":\"https:\\\/\\\/simeri.fi\\\/ipaf-training\\\/\"},{\"@type\":\"ListItem\",\"position\":2,\"name\":\"Koulutuskalenteri\"}]},{\"@type\":\"WebSite\",\"@id\":\"https:\\\/\\\/simeri.fi\\\/ipaf-training\\\/#website\",\"url\":\"https:\\\/\\\/simeri.fi\\\/ipaf-training\\\/\",\"name\":\"The IPAF training programme for platform operators\",\"description\":\"\",\"publisher\":{\"@id\":\"https:\\\/\\\/simeri.fi\\\/ipaf-training\\\/#organization\"},\"potentialAction\":[{\"@type\":\"SearchAction\",\"target\":{\"@type\":\"EntryPoint\",\"urlTemplate\":\"https:\\\/\\\/simeri.fi\\\/ipaf-training\\\/?s={search_term_string}\"},\"query-input\":{\"@type\":\"PropertyValueSpecification\",\"valueRequired\":true,\"valueName\":\"search_term_string\"}}],\"inLanguage\":\"fi\"},{\"@type\":\"Organization\",\"@id\":\"https:\\\/\\\/simeri.fi\\\/ipaf-training\\\/#organization\",\"name\":\"The IPAF training programme for platform operators\",\"url\":\"https:\\\/\\\/simeri.fi\\\/ipaf-training\\\/\",\"logo\":{\"@type\":\"ImageObject\",\"inLanguage\":\"fi\",\"@id\":\"https:\\\/\\\/simeri.fi\\\/ipaf-training\\\/#\\\/schema\\\/logo\\\/image\\\/\",\"url\":\"https:\\\/\\\/simeri.fi\\\/ipaf-training\\\/wp-content\\\/uploads\\\/sites\\\/4\\\/2020\\\/09\\\/simeri-ipaf-logo-2.jpg\",\"contentUrl\":\"https:\\\/\\\/simeri.fi\\\/ipaf-training\\\/wp-content\\\/uploads\\\/sites\\\/4\\\/2020\\\/09\\\/simeri-ipaf-logo-2.jpg\",\"width\":307,\"height\":49,\"caption\":\"The IPAF training programme for platform operators\"},\"image\":{\"@id\":\"https:\\\/\\\/simeri.fi\\\/ipaf-training\\\/#\\\/schema\\\/logo\\\/image\\\/\"}}]}<\/script>\n<!-- \/ Yoast SEO plugin. -->","yoast_head_json":{"title":"Koulutuskalenteri - The IPAF training programme for platform operators","description":"Koulutuskalenteri. Simeri j\u00e4rjest\u00e4\u00e4 IPAF PAL Card henkil\u00f6nostinkorttikoulutukset. Varaa koulutusp\u00e4iv\u00e4si kalenterista.","robots":{"index":"index","follow":"follow","max-snippet":"max-snippet:-1","max-image-preview":"max-image-preview:large","max-video-preview":"max-video-preview:-1"},"canonical":"https:\/\/simeri.fi\/ipaf-training\/koulutuskalenteri\/","og_locale":"fi_FI","og_type":"article","og_title":"Koulutuskalenteri - The IPAF training programme for platform operators","og_description":"Koulutuskalenteri. Simeri j\u00e4rjest\u00e4\u00e4 IPAF PAL Card henkil\u00f6nostinkorttikoulutukset. Varaa koulutusp\u00e4iv\u00e4si kalenterista.","og_url":"https:\/\/simeri.fi\/ipaf-training\/koulutuskalenteri\/","og_site_name":"The IPAF training programme for platform operators","twitter_card":"summary_large_image","twitter_misc":{"Arvioitu lukuaika":"1 minuutti"},"schema":{"@context":"https:\/\/schema.org","@graph":[{"@type":"WebPage","@id":"https:\/\/simeri.fi\/ipaf-training\/koulutuskalenteri\/","url":"https:\/\/simeri.fi\/ipaf-training\/koulutuskalenteri\/","name":"Koulutuskalenteri - The IPAF training programme for platform operators","isPartOf":{"@id":"https:\/\/simeri.fi\/ipaf-training\/#website"},"datePublished":"2018-12-02T11:19:49+00:00","description":"Koulutuskalenteri. Simeri j\u00e4rjest\u00e4\u00e4 IPAF PAL Card henkil\u00f6nostinkorttikoulutukset. Varaa koulutusp\u00e4iv\u00e4si kalenterista.","breadcrumb":{"@id":"https:\/\/simeri.fi\/ipaf-training\/koulutuskalenteri\/#breadcrumb"},"inLanguage":"fi","potentialAction":[{"@type":"ReadAction","target":["https:\/\/simeri.fi\/ipaf-training\/koulutuskalenteri\/"]}]},{"@type":"BreadcrumbList","@id":"https:\/\/simeri.fi\/ipaf-training\/koulutuskalenteri\/#breadcrumb","itemListElement":[{"@type":"ListItem","position":1,"name":"Home","item":"https:\/\/simeri.fi\/ipaf-training\/"},{"@type":"ListItem","position":2,"name":"Koulutuskalenteri"}]},{"@type":"WebSite","@id":"https:\/\/simeri.fi\/ipaf-training\/#website","url":"https:\/\/simeri.fi\/ipaf-training\/","name":"The IPAF training programme for platform operators","description":"","publisher":{"@id":"https:\/\/simeri.fi\/ipaf-training\/#organization"},"potentialAction":[{"@type":"SearchAction","target":{"@type":"EntryPoint","urlTemplate":"https:\/\/simeri.fi\/ipaf-training\/?s={search_term_string}"},"query-input":{"@type":"PropertyValueSpecification","valueRequired":true,"valueName":"search_term_string"}}],"inLanguage":"fi"},{"@type":"Organization","@id":"https:\/\/simeri.fi\/ipaf-training\/#organization","name":"The IPAF training programme for platform operators","url":"https:\/\/simeri.fi\/ipaf-training\/","logo":{"@type":"ImageObject","inLanguage":"fi","@id":"https:\/\/simeri.fi\/ipaf-training\/#\/schema\/logo\/image\/","url":"https:\/\/simeri.fi\/ipaf-training\/wp-content\/uploads\/sites\/4\/2020\/09\/simeri-ipaf-logo-2.jpg","contentUrl":"https:\/\/simeri.fi\/ipaf-training\/wp-content\/uploads\/sites\/4\/2020\/09\/simeri-ipaf-logo-2.jpg","width":307,"height":49,"caption":"The IPAF training programme for platform operators"},"image":{"@id":"https:\/\/simeri.fi\/ipaf-training\/#\/schema\/logo\/image\/"}}]}},"_links":{"self":[{"href":"https:\/\/simeri.fi\/ipaf-training\/wp-json\/wp\/v2\/pages\/47","targetHints":{"allow":["GET"]}}],"collection":[{"href":"https:\/\/simeri.fi\/ipaf-training\/wp-json\/wp\/v2\/pages"}],"about":[{"href":"https:\/\/simeri.fi\/ipaf-training\/wp-json\/wp\/v2\/types\/page"}],"author":[{"embeddable":true,"href":"https:\/\/simeri.fi\/ipaf-training\/wp-json\/wp\/v2\/users\/1"}],"replies":[{"embeddable":true,"href":"https:\/\/simeri.fi\/ipaf-training\/wp-json\/wp\/v2\/comments?post=47"}],"version-history":[{"count":0,"href":"https:\/\/simeri.fi\/ipaf-training\/wp-json\/wp\/v2\/pages\/47\/revisions"}],"wp:attachment":[{"href":"https:\/\/simeri.fi\/ipaf-training\/wp-json\/wp\/v2\/media?parent=47"}],"curies":[{"name":"wp","href":"https:\/\/api.w.org\/{rel}","templated":true}]}}